{"id":331,"date":"2025-07-02T10:51:35","date_gmt":"2025-07-02T10:51:35","guid":{"rendered":"https:\/\/vivafertilis.lt\/sodui\/?post_type=product&#038;p=331"},"modified":"2026-02-23T09:09:00","modified_gmt":"2026-02-23T09:09:00","slug":"spygliuociu-prigijimo-stimuliatorius-humisap-tab-pine-15-vnt","status":"publish","type":"product","link":"https:\/\/vivafertilis.lt\/sodui\/product\/spygliuociu-prigijimo-stimuliatorius-humisap-tab-pine-15-vnt\/","title":{"rendered":"Spygliuo\u010di\u0173 prigijimo stimuliatorius HUMISAP TAB PINE, 15 vnt."},"content":{"rendered":"<p align=\"justify\">Spygliuo\u010di\u0173 prigijimo stimuliatorius\u00a0su\u00a0mikoriziniais grybais, mikroorganizmais,\u00a0maisto med\u017eiagomis\u00a0ir vanden\u012f sugerian\u010diomis granul\u0117mis.\u00a0Naudojamas augal\u0173 sodinimui \u012f atvir\u0105 grunt\u0105 arba vazonus, \u012fdedant tablet\u0119 \u012f sodinimo duob\u0119 ar \u0161alia \u0161akn\u0173.<\/p>\n","protected":false},"excerpt":{"rendered":"<p class=\"western\" lang=\"en-US\" style=\"text-align: left;\" align=\"center\"><span lang=\"lt-LT\">Spygliuo\u010di\u0173 a<\/span>ugal<span lang=\"lt-LT\">\u0173 sodinimui ir prigijimui.<\/span><\/p>\n","protected":false},"featured_media":357,"comment_status":"open","ping_status":"closed","template":"","meta":{"_acf_changed":false},"product_brand":[],"product_cat":[20,16],"product_tag":[94],"class_list":{"0":"post-331","1":"product","2":"type-product","3":"status-publish","4":"has-post-thumbnail","6":"product_cat-dekoratyviniams-augalams","7":"product_cat-medziams","8":"product_tag-spygliuociams","9":"pa_tipas-biostimuliatoriai","10":"pa_tipas-kiti-produktai","12":"first","13":"instock","14":"taxable","15":"shipping-taxable","16":"purchasable","17":"product-type-simple"},"acf":[],"_links":{"self":[{"href":"https:\/\/vivafertilis.lt\/sodui\/wp-json\/wp\/v2\/product\/331","targetHints":{"allow":["GET"]}}],"collection":[{"href":"https:\/\/vivafertilis.lt\/sodui\/wp-json\/wp\/v2\/product"}],"about":[{"href":"https:\/\/vivafertilis.lt\/sodui\/wp-json\/wp\/v2\/types\/product"}],"replies":[{"embeddable":true,"href":"https:\/\/vivafertilis.lt\/sodui\/wp-json\/wp\/v2\/comments?post=331"}],"version-history":[{"count":6,"href":"https:\/\/vivafertilis.lt\/sodui\/wp-json\/wp\/v2\/product\/331\/revisions"}],"predecessor-version":[{"id":21939,"href":"https:\/\/vivafertilis.lt\/sodui\/wp-json\/wp\/v2\/product\/331\/revisions\/21939"}],"wp:featuredmedia":[{"embeddable":true,"href":"https:\/\/vivafertilis.lt\/sodui\/wp-json\/wp\/v2\/media\/357"}],"wp:attachment":[{"href":"https:\/\/vivafertilis.lt\/sodui\/wp-json\/wp\/v2\/media?parent=331"}],"wp:term":[{"taxonomy":"product_brand","embeddable":true,"href":"https:\/\/vivafertilis.lt\/sodui\/wp-json\/wp\/v2\/product_brand?post=331"},{"taxonomy":"product_cat","embeddable":true,"href":"https:\/\/vivafertilis.lt\/sodui\/wp-json\/wp\/v2\/product_cat?post=331"},{"taxonomy":"product_tag","embeddable":true,"href":"https:\/\/vivafertilis.lt\/sodui\/wp-json\/wp\/v2\/product_tag?post=331"}],"curies":[{"name":"wp","href":"https:\/\/api.w.org\/{rel}","templated":true}]}}