{"id":325,"date":"2025-07-02T10:51:13","date_gmt":"2025-07-02T10:51:13","guid":{"rendered":"https:\/\/vivafertilis.lt\/sodui\/?post_type=product&#038;p=325"},"modified":"2026-03-20T05:01:08","modified_gmt":"2026-03-20T05:01:08","slug":"organines-vabzdziu-meslo-trasos-frasson-4-kg","status":"publish","type":"product","link":"https:\/\/vivafertilis.lt\/sodui\/product\/organines-vabzdziu-meslo-trasos-frasson-4-kg\/","title":{"rendered":"Organin\u0117s vabzd\u017ei\u0173 m\u0117\u0161lo tr\u0105\u0161os FRASS&#8217;ON, 4 kg"},"content":{"rendered":"<p>Granuliuotos organin\u0117s vabzd\u017ei\u0173 (<em>Hermetia Illucens<\/em>) m\u0117\u0161lo tr\u0105\u0161os skirtos vejai, dar\u017eov\u0117ms, g\u0117l\u0117ms, sodo ir dekoratyviniams augalams, dirvai tr\u0119\u0161ti. Jose yra svarbiausi\u0173 element\u0173 augal\u0173 vystymuisi: azoto, fosforo ir kalio, humini\u0173 med\u017eiag\u0173, chitino, ferment\u0173, mineral\u0173, mikroelement\u0173 ir organini\u0173 med\u017eiag\u0173. Sud\u0117tyje n\u0117ra chemini\u0173 pried\u0173.<\/p>\n<p>Produktas gali b\u016bti naudojamas ekologin\u0117je \u017eemdirbyst\u0117je, vadovaujantis Europos Parlamento ir Tarybos reglamentu (ES) 2018\/848 bei Komisijos reglamentu (ES) 2021\/1165 d\u0117l ekologin\u0117s gamybos.<\/p>\n","protected":false},"excerpt":{"rendered":"<p>Ekologi\u0161kos organin\u0117s tr\u0105\u0161os i\u0161 vabzd\u017ei\u0173 m\u0117\u0161lo tr\u0105\u0161os skirtos vejoms, dar\u017eov\u0117ms, g\u0117l\u0117ms, sodo ir dekoratyviniams augalams, dirvai tr\u0119\u0161ti.<\/p>\n","protected":false},"featured_media":146,"comment_status":"open","ping_status":"closed","template":"","meta":{"_acf_changed":false},"product_brand":[],"product_cat":[25,20,65,23,16,26,17,27],"product_tag":[90,68,70],"class_list":{"0":"post-325","1":"product","2":"type-product","3":"status-publish","4":"has-post-thumbnail","6":"product_cat-darzovems","7":"product_cat-dekoratyviniams-augalams","8":"product_cat-dirvai","9":"product_cat-gelems","10":"product_cat-medziams","11":"product_cat-universalios","12":"product_cat-uogoms","13":"product_cat-vejai","14":"product_tag-ecological","15":"product_tag-ecological-product","16":"product_tag-for-ecological-farms","17":"pa_tipas-ekologiskos-trasos","18":"pa_tipas-granuliuotos-trasos","19":"pa_tipas-organines-ir-mineralines-trasos","21":"first","22":"instock","23":"taxable","24":"shipping-taxable","25":"purchasable","26":"product-type-simple"},"acf":[],"_links":{"self":[{"href":"https:\/\/vivafertilis.lt\/sodui\/wp-json\/wp\/v2\/product\/325","targetHints":{"allow":["GET"]}}],"collection":[{"href":"https:\/\/vivafertilis.lt\/sodui\/wp-json\/wp\/v2\/product"}],"about":[{"href":"https:\/\/vivafertilis.lt\/sodui\/wp-json\/wp\/v2\/types\/product"}],"replies":[{"embeddable":true,"href":"https:\/\/vivafertilis.lt\/sodui\/wp-json\/wp\/v2\/comments?post=325"}],"version-history":[{"count":6,"href":"https:\/\/vivafertilis.lt\/sodui\/wp-json\/wp\/v2\/product\/325\/revisions"}],"predecessor-version":[{"id":23220,"href":"https:\/\/vivafertilis.lt\/sodui\/wp-json\/wp\/v2\/product\/325\/revisions\/23220"}],"wp:featuredmedia":[{"embeddable":true,"href":"https:\/\/vivafertilis.lt\/sodui\/wp-json\/wp\/v2\/media\/146"}],"wp:attachment":[{"href":"https:\/\/vivafertilis.lt\/sodui\/wp-json\/wp\/v2\/media?parent=325"}],"wp:term":[{"taxonomy":"product_brand","embeddable":true,"href":"https:\/\/vivafertilis.lt\/sodui\/wp-json\/wp\/v2\/product_brand?post=325"},{"taxonomy":"product_cat","embeddable":true,"href":"https:\/\/vivafertilis.lt\/sodui\/wp-json\/wp\/v2\/product_cat?post=325"},{"taxonomy":"product_tag","embeddable":true,"href":"https:\/\/vivafertilis.lt\/sodui\/wp-json\/wp\/v2\/product_tag?post=325"}],"curies":[{"name":"wp","href":"https:\/\/api.w.org\/{rel}","templated":true}]}}