{"id":323,"date":"2025-07-02T10:51:11","date_gmt":"2025-07-02T10:51:11","guid":{"rendered":"https:\/\/vivafertilis.lt\/sodui\/?post_type=product&#038;p=323"},"modified":"2026-03-23T08:50:42","modified_gmt":"2026-03-23T08:50:42","slug":"vandens-kietumo-ir-ph-mazinimo-priemone-ph-focus-home","status":"publish","type":"product","link":"https:\/\/vivafertilis.lt\/sodui\/product\/vandens-kietumo-ir-ph-mazinimo-priemone-ph-focus-home\/","title":{"rendered":"Vandens kietumo ir pH ma\u017einimo priemon\u0117 pH FOCUS HOME"},"content":{"rendered":"<p align=\"justify\">Speciali priemon\u0117, skirta vandens pH reguliavimui ir kietumo ma\u017einimui. Naudojant \u0161\u012f produkt\u0105, vandens r\u016bg\u0161tingumas pakoreguojamas iki augalams palankaus lygio. Tai padeda i\u0161vengti kalki\u0173 nuos\u0117d\u0173 susidarymo ant lap\u0173 ir pagerina tr\u0105\u0161\u0173 pasisavinim\u0105. Priemon\u0117 ypa\u010d naudinga augalams, kurie jautriai reaguoja \u012f kiet\u0105 ar per \u0161armin\u012f vanden\u012f. Tinka tiek lauko, tiek kambariniams augalams.<\/p>\n","protected":false},"excerpt":{"rendered":"<p style=\"text-align: left;\" align=\"center\">Efektyvi skystoji priemon\u0117 vandens kietumui ma\u017einti ir pH reguliuoti, padedanti sudaryti palankesnes s\u0105lygas augal\u0173 augimui.<\/p>\n","protected":false},"featured_media":355,"comment_status":"open","ping_status":"closed","template":"","meta":{"_acf_changed":false},"product_brand":[],"product_cat":[255,25,20,23,65,16,26,17,27],"product_tag":[],"class_list":{"0":"post-323","1":"product","2":"type-product","3":"status-publish","4":"has-post-thumbnail","6":"product_cat-prekes-su-nuolaida","7":"product_cat-darzovems","8":"product_cat-dekoratyviniams-augalams","9":"product_cat-gelems","10":"product_cat-dirvai","11":"product_cat-medziams","12":"product_cat-universalios","13":"product_cat-uogoms","14":"product_cat-vejai","15":"pa_tipas-kiti-produktai","17":"first","18":"instock","19":"taxable","20":"shipping-taxable","21":"purchasable","22":"product-type-variable"},"acf":[],"_links":{"self":[{"href":"https:\/\/vivafertilis.lt\/sodui\/wp-json\/wp\/v2\/product\/323","targetHints":{"allow":["GET"]}}],"collection":[{"href":"https:\/\/vivafertilis.lt\/sodui\/wp-json\/wp\/v2\/product"}],"about":[{"href":"https:\/\/vivafertilis.lt\/sodui\/wp-json\/wp\/v2\/types\/product"}],"replies":[{"embeddable":true,"href":"https:\/\/vivafertilis.lt\/sodui\/wp-json\/wp\/v2\/comments?post=323"}],"version-history":[{"count":3,"href":"https:\/\/vivafertilis.lt\/sodui\/wp-json\/wp\/v2\/product\/323\/revisions"}],"predecessor-version":[{"id":21936,"href":"https:\/\/vivafertilis.lt\/sodui\/wp-json\/wp\/v2\/product\/323\/revisions\/21936"}],"wp:featuredmedia":[{"embeddable":true,"href":"https:\/\/vivafertilis.lt\/sodui\/wp-json\/wp\/v2\/media\/355"}],"wp:attachment":[{"href":"https:\/\/vivafertilis.lt\/sodui\/wp-json\/wp\/v2\/media?parent=323"}],"wp:term":[{"taxonomy":"product_brand","embeddable":true,"href":"https:\/\/vivafertilis.lt\/sodui\/wp-json\/wp\/v2\/product_brand?post=323"},{"taxonomy":"product_cat","embeddable":true,"href":"https:\/\/vivafertilis.lt\/sodui\/wp-json\/wp\/v2\/product_cat?post=323"},{"taxonomy":"product_tag","embeddable":true,"href":"https:\/\/vivafertilis.lt\/sodui\/wp-json\/wp\/v2\/product_tag?post=323"}],"curies":[{"name":"wp","href":"https:\/\/api.w.org\/{rel}","templated":true}]}}