{"id":322,"date":"2025-07-02T10:51:10","date_gmt":"2025-07-02T10:51:10","guid":{"rendered":"https:\/\/vivafertilis.lt\/sodui\/?post_type=product&#038;p=322"},"modified":"2026-03-23T08:50:34","modified_gmt":"2026-03-23T08:50:34","slug":"drekinamoji-priemone-water-fix","status":"publish","type":"product","link":"https:\/\/vivafertilis.lt\/sodui\/product\/drekinamoji-priemone-water-fix\/","title":{"rendered":"Dr\u0117kinamoji priemon\u0117 WATER FIX"},"content":{"rendered":"<p align=\"justify\"><span style=\"color: #000000;\"><span style=\"font-family: Liberation Serif, serif;\"><span style=\"font-size: medium;\">Dr\u0117kinamoji priemon\u0117 skatinanti vandens \u012fsiskverbim\u0105 ir sulaikym\u0105 dirvo\u017eemyje, skirta vejai, sodui, vazoniniams augalams.\u00a0<\/span><\/span><\/span><\/p>\n","protected":false},"excerpt":{"rendered":"<p align=\"left\"><span style=\"color: #000000;\"><span style=\"font-family: Liberation Serif, serif;\"><span style=\"font-size: medium;\">Vandens \u012fsiskverbimo gerinimui.<\/span><\/span><\/span><\/p>\n<p align=\"justify\"><span style=\"color: #000000;\"><span style=\"font-family: Liberation Serif, serif;\"><span style=\"font-size: medium;\">Dr\u0117kinamoji priemon\u0117 skatinanti vandens \u012fsiskverbim\u0105 ir sulaikym\u0105 dirvo\u017eemyje, skirta vejai, sodui, vazoniniams augalams.\u00a0<\/span><\/span><\/span><\/p>\n","protected":false},"featured_media":145,"comment_status":"open","ping_status":"closed","template":"","meta":{"_acf_changed":false},"product_brand":[],"product_cat":[255,25,20,23,65,16,26,17,27],"product_tag":[85,86,87,88,89],"class_list":{"0":"post-322","1":"product","2":"type-product","3":"status-publish","4":"has-post-thumbnail","6":"product_cat-prekes-su-nuolaida","7":"product_cat-darzovems","8":"product_cat-dekoratyviniams-augalams","9":"product_cat-gelems","10":"product_cat-dirvai","11":"product_cat-medziams","12":"product_cat-universalios","13":"product_cat-uogoms","14":"product_cat-vejai","15":"product_tag-moisture-agent","16":"product_tag-penetration","17":"product_tag-retention","18":"product_tag-water-penetration","19":"product_tag-water-retention","20":"pa_tipas-kiti-produktai","22":"first","23":"instock","24":"taxable","25":"shipping-taxable","26":"purchasable","27":"product-type-variable"},"acf":[],"_links":{"self":[{"href":"https:\/\/vivafertilis.lt\/sodui\/wp-json\/wp\/v2\/product\/322","targetHints":{"allow":["GET"]}}],"collection":[{"href":"https:\/\/vivafertilis.lt\/sodui\/wp-json\/wp\/v2\/product"}],"about":[{"href":"https:\/\/vivafertilis.lt\/sodui\/wp-json\/wp\/v2\/types\/product"}],"replies":[{"embeddable":true,"href":"https:\/\/vivafertilis.lt\/sodui\/wp-json\/wp\/v2\/comments?post=322"}],"version-history":[{"count":2,"href":"https:\/\/vivafertilis.lt\/sodui\/wp-json\/wp\/v2\/product\/322\/revisions"}],"predecessor-version":[{"id":21944,"href":"https:\/\/vivafertilis.lt\/sodui\/wp-json\/wp\/v2\/product\/322\/revisions\/21944"}],"wp:featuredmedia":[{"embeddable":true,"href":"https:\/\/vivafertilis.lt\/sodui\/wp-json\/wp\/v2\/media\/145"}],"wp:attachment":[{"href":"https:\/\/vivafertilis.lt\/sodui\/wp-json\/wp\/v2\/media?parent=322"}],"wp:term":[{"taxonomy":"product_brand","embeddable":true,"href":"https:\/\/vivafertilis.lt\/sodui\/wp-json\/wp\/v2\/product_brand?post=322"},{"taxonomy":"product_cat","embeddable":true,"href":"https:\/\/vivafertilis.lt\/sodui\/wp-json\/wp\/v2\/product_cat?post=322"},{"taxonomy":"product_tag","embeddable":true,"href":"https:\/\/vivafertilis.lt\/sodui\/wp-json\/wp\/v2\/product_tag?post=322"}],"curies":[{"name":"wp","href":"https:\/\/api.w.org\/{rel}","templated":true}]}}