{"id":315,"date":"2025-07-02T10:50:48","date_gmt":"2025-07-02T10:50:48","guid":{"rendered":"https:\/\/vivafertilis.lt\/sodui\/?post_type=product&#038;p=315"},"modified":"2026-03-20T04:56:13","modified_gmt":"2026-03-20T04:56:13","slug":"trasos-vejoms","status":"publish","type":"product","link":"https:\/\/vivafertilis.lt\/sodui\/product\/trasos-vejoms\/","title":{"rendered":"Tr\u0105\u0161os vejoms"},"content":{"rendered":"<p>Idealus maistini\u0173 med\u017eiag\u0173 derinys vejoms.<\/p>\n<p>Organini\u0173-mineralini\u0173 granuliuot\u0173 tr\u0105\u0161\u0173 mi\u0161inys <span style=\"font-weight: 400;\">(NPK <\/span><span style=\"font-weight: 400;\">16-5-10<\/span><span style=\"font-weight: 400;\">) <\/span>praturtintas humin\u0117mis ir amino r\u016bg\u0161timis. Skirtas tr\u0119\u0161ti vejoms ir pievoms pavasar\u012f atsinaujinus vegetacijai, pasirod\u017eius \u017ealumui ir vasar\u0105 siekiant palaikyti intensyv\u0173 sveikos ir \u017ealiosios mas\u0117s augim\u0105.<\/p>\n","protected":false},"excerpt":{"rendered":"<p>Granuliuotos organin\u0117s\u2013mineralin\u0117s tr\u0105\u0161os vejoms NPK 16-5-10 su humin\u0117mis ir amino r\u016bg\u0161timis.<\/p>\n","protected":false},"featured_media":23389,"comment_status":"open","ping_status":"closed","template":"","meta":{"_acf_changed":false},"product_brand":[],"product_cat":[27],"product_tag":[],"class_list":{"0":"post-315","1":"product","2":"type-product","3":"status-publish","4":"has-post-thumbnail","6":"product_cat-vejai","7":"pa_tipas-granuliuotos-trasos","8":"pa_tipas-organines-ir-mineralines-trasos","10":"first","11":"instock","12":"taxable","13":"shipping-taxable","14":"purchasable","15":"product-type-variable"},"acf":[],"_links":{"self":[{"href":"https:\/\/vivafertilis.lt\/sodui\/wp-json\/wp\/v2\/product\/315","targetHints":{"allow":["GET"]}}],"collection":[{"href":"https:\/\/vivafertilis.lt\/sodui\/wp-json\/wp\/v2\/product"}],"about":[{"href":"https:\/\/vivafertilis.lt\/sodui\/wp-json\/wp\/v2\/types\/product"}],"replies":[{"embeddable":true,"href":"https:\/\/vivafertilis.lt\/sodui\/wp-json\/wp\/v2\/comments?post=315"}],"version-history":[{"count":5,"href":"https:\/\/vivafertilis.lt\/sodui\/wp-json\/wp\/v2\/product\/315\/revisions"}],"predecessor-version":[{"id":23399,"href":"https:\/\/vivafertilis.lt\/sodui\/wp-json\/wp\/v2\/product\/315\/revisions\/23399"}],"wp:featuredmedia":[{"embeddable":true,"href":"https:\/\/vivafertilis.lt\/sodui\/wp-json\/wp\/v2\/media\/23389"}],"wp:attachment":[{"href":"https:\/\/vivafertilis.lt\/sodui\/wp-json\/wp\/v2\/media?parent=315"}],"wp:term":[{"taxonomy":"product_brand","embeddable":true,"href":"https:\/\/vivafertilis.lt\/sodui\/wp-json\/wp\/v2\/product_brand?post=315"},{"taxonomy":"product_cat","embeddable":true,"href":"https:\/\/vivafertilis.lt\/sodui\/wp-json\/wp\/v2\/product_cat?post=315"},{"taxonomy":"product_tag","embeddable":true,"href":"https:\/\/vivafertilis.lt\/sodui\/wp-json\/wp\/v2\/product_tag?post=315"}],"curies":[{"name":"wp","href":"https:\/\/api.w.org\/{rel}","templated":true}]}}