{"id":312,"date":"2025-07-02T10:50:47","date_gmt":"2025-07-02T10:50:47","guid":{"rendered":"https:\/\/vivafertilis.lt\/sodui\/?post_type=product&#038;p=312"},"modified":"2026-03-20T04:41:01","modified_gmt":"2026-03-20T04:41:01","slug":"trasos-darzovems","status":"publish","type":"product","link":"https:\/\/vivafertilis.lt\/sodui\/product\/trasos-darzovems\/","title":{"rendered":"Tr\u0105\u0161os dar\u017eov\u0117ms"},"content":{"rendered":"<p><span class=\"NormalTextRun SCXW213729488 BCX8\">Organini\u0173-mineralini\u0173 granuliuot\u0173 tr\u0105\u0161\u0173 (NPK 9-10-20) mi\u0161inys be chloro, praturtintas\u00a0<\/span><span class=\"NormalTextRun SCXW213729488 BCX8\">humin\u0117mis<\/span><span class=\"NormalTextRun SCXW213729488 BCX8\"> ir amino r\u016bg\u0161timis. Skirtas tr\u0119\u0161ti lauke ir \u0161iltnamyje auginamas dar\u017eoves prie\u0161 sodinim\u0105\/s\u0117j\u0105 ir augal\u0173 intensyvaus augimo, \u017eyd\u0117jimo, vaisi\u0173 mezgimo ir nokimo bei dar\u017eovi\u0173 der\u0117jimo metu.<\/span><\/p>\n","protected":false},"excerpt":{"rendered":"<p>Granuliuotos organin\u0117s\u2013mineralin\u0117s tr\u0105\u0161os dar\u017eov\u0117ms NPK 9-10-20 be chloro, praturtintos humin\u0117mis ir amino r\u016bg\u0161timis.<\/p>\n","protected":false},"featured_media":23394,"comment_status":"open","ping_status":"closed","template":"","meta":{"_acf_changed":false},"product_brand":[],"product_cat":[25],"product_tag":[],"class_list":{"0":"post-312","1":"product","2":"type-product","3":"status-publish","4":"has-post-thumbnail","6":"product_cat-darzovems","7":"pa_tipas-granuliuotos-trasos","8":"pa_tipas-organines-ir-mineralines-trasos","10":"first","11":"instock","12":"taxable","13":"shipping-taxable","14":"purchasable","15":"product-type-variable"},"acf":[],"_links":{"self":[{"href":"https:\/\/vivafertilis.lt\/sodui\/wp-json\/wp\/v2\/product\/312","targetHints":{"allow":["GET"]}}],"collection":[{"href":"https:\/\/vivafertilis.lt\/sodui\/wp-json\/wp\/v2\/product"}],"about":[{"href":"https:\/\/vivafertilis.lt\/sodui\/wp-json\/wp\/v2\/types\/product"}],"replies":[{"embeddable":true,"href":"https:\/\/vivafertilis.lt\/sodui\/wp-json\/wp\/v2\/comments?post=312"}],"version-history":[{"count":5,"href":"https:\/\/vivafertilis.lt\/sodui\/wp-json\/wp\/v2\/product\/312\/revisions"}],"predecessor-version":[{"id":23402,"href":"https:\/\/vivafertilis.lt\/sodui\/wp-json\/wp\/v2\/product\/312\/revisions\/23402"}],"wp:featuredmedia":[{"embeddable":true,"href":"https:\/\/vivafertilis.lt\/sodui\/wp-json\/wp\/v2\/media\/23394"}],"wp:attachment":[{"href":"https:\/\/vivafertilis.lt\/sodui\/wp-json\/wp\/v2\/media?parent=312"}],"wp:term":[{"taxonomy":"product_brand","embeddable":true,"href":"https:\/\/vivafertilis.lt\/sodui\/wp-json\/wp\/v2\/product_brand?post=312"},{"taxonomy":"product_cat","embeddable":true,"href":"https:\/\/vivafertilis.lt\/sodui\/wp-json\/wp\/v2\/product_cat?post=312"},{"taxonomy":"product_tag","embeddable":true,"href":"https:\/\/vivafertilis.lt\/sodui\/wp-json\/wp\/v2\/product_tag?post=312"}],"curies":[{"name":"wp","href":"https:\/\/api.w.org\/{rel}","templated":true}]}}