{"id":291,"date":"2025-07-02T10:49:30","date_gmt":"2025-07-02T10:49:30","guid":{"rendered":"https:\/\/vivafertilis.lt\/sodui\/?post_type=product&#038;p=291"},"modified":"2026-03-20T07:03:43","modified_gmt":"2026-03-20T07:03:43","slug":"biostimuliatorius-viva-balance","status":"publish","type":"product","link":"https:\/\/vivafertilis.lt\/sodui\/product\/biostimuliatorius-viva-balance\/","title":{"rendered":"Biostimuliatorius VIVA BALANCE"},"content":{"rendered":"<p>Organin\u0117s kilm\u0117s produktas, kuriame yra humini\u0173 r\u016bg\u0161\u010di\u0173, kalio, amino r\u016bg\u0161\u010di\u0173. Skatina augal\u0173 \u0161akn\u0173 sistemos vystym\u0105si, gerina dirvo\u017eemio strukt\u016br\u0105. Tinka visiems augalams.<\/p>\n","protected":false},"excerpt":{"rendered":"<p>Ilgalaikio poveikio mitybinis kompleksas \u0161akn\u0173 sistemai stiprinti. Skatina augal\u0173 augim\u0105 ir maisto med\u017eiag\u0173 \u012fsisavinim\u0105 i\u0161 dirvo\u017eemio. Tinka visiems augalams.<\/p>\n","protected":false},"featured_media":23391,"comment_status":"open","ping_status":"closed","template":"","meta":{"_acf_changed":false},"product_brand":[],"product_cat":[25,20,23,65,16,26,17,27],"product_tag":[],"class_list":{"0":"post-291","1":"product","2":"type-product","3":"status-publish","4":"has-post-thumbnail","6":"product_cat-darzovems","7":"product_cat-dekoratyviniams-augalams","8":"product_cat-gelems","9":"product_cat-dirvai","10":"product_cat-medziams","11":"product_cat-universalios","12":"product_cat-uogoms","13":"product_cat-vejai","14":"pa_tipas-biostimuliatoriai","15":"pa_tipas-organines-ir-mineralines-trasos","16":"pa_tipas-tirpios-trasos","18":"first","19":"outofstock","20":"taxable","21":"shipping-taxable","22":"purchasable","23":"product-type-simple"},"acf":[],"_links":{"self":[{"href":"https:\/\/vivafertilis.lt\/sodui\/wp-json\/wp\/v2\/product\/291","targetHints":{"allow":["GET"]}}],"collection":[{"href":"https:\/\/vivafertilis.lt\/sodui\/wp-json\/wp\/v2\/product"}],"about":[{"href":"https:\/\/vivafertilis.lt\/sodui\/wp-json\/wp\/v2\/types\/product"}],"replies":[{"embeddable":true,"href":"https:\/\/vivafertilis.lt\/sodui\/wp-json\/wp\/v2\/comments?post=291"}],"version-history":[{"count":3,"href":"https:\/\/vivafertilis.lt\/sodui\/wp-json\/wp\/v2\/product\/291\/revisions"}],"predecessor-version":[{"id":23410,"href":"https:\/\/vivafertilis.lt\/sodui\/wp-json\/wp\/v2\/product\/291\/revisions\/23410"}],"wp:featuredmedia":[{"embeddable":true,"href":"https:\/\/vivafertilis.lt\/sodui\/wp-json\/wp\/v2\/media\/23391"}],"wp:attachment":[{"href":"https:\/\/vivafertilis.lt\/sodui\/wp-json\/wp\/v2\/media?parent=291"}],"wp:term":[{"taxonomy":"product_brand","embeddable":true,"href":"https:\/\/vivafertilis.lt\/sodui\/wp-json\/wp\/v2\/product_brand?post=291"},{"taxonomy":"product_cat","embeddable":true,"href":"https:\/\/vivafertilis.lt\/sodui\/wp-json\/wp\/v2\/product_cat?post=291"},{"taxonomy":"product_tag","embeddable":true,"href":"https:\/\/vivafertilis.lt\/sodui\/wp-json\/wp\/v2\/product_tag?post=291"}],"curies":[{"name":"wp","href":"https:\/\/api.w.org\/{rel}","templated":true}]}}