{"id":290,"date":"2025-07-02T10:49:30","date_gmt":"2025-07-02T10:49:30","guid":{"rendered":"https:\/\/vivafertilis.lt\/sodui\/?post_type=product&#038;p=290"},"modified":"2026-03-20T04:48:11","modified_gmt":"2026-03-20T04:48:11","slug":"trasos-silauogems-ir-sodo-uogoms","status":"publish","type":"product","link":"https:\/\/vivafertilis.lt\/sodui\/product\/trasos-silauogems-ir-sodo-uogoms\/","title":{"rendered":"Tr\u0105\u0161os \u0161ilauog\u0117ms ir sodo uogoms"},"content":{"rendered":"<p>Organini\u0173-mineralini\u0173 granuliuot\u0173 tr\u0105\u0161\u0173 (NPK 10-9-19) mi\u0161inys be chloro, praturtintas humin\u0117mis ir amino r\u016bg\u0161timis. Skirtas tr\u0119\u0161ti \u0161ilauoges, avietes, agrastus, serbentus, j\u0173 sodinimo ir augal\u0173 intensyvaus augimo, \u017eyd\u0117jimo, uog\u0173 mezgimo bei der\u0117jimo metu.<\/p>\n","protected":false},"excerpt":{"rendered":"<p>Granuliuotos organin\u0117s\u2013mineralin\u0117s tr\u0105\u0161os \u0161ilauog\u0117ms ir kitiems uogakr\u016bmiams NPK 10-9-19 be chloro, praturtintos humin\u0117mis ir amino r\u016bg\u0161timis.<\/p>\n","protected":false},"featured_media":23396,"comment_status":"open","ping_status":"closed","template":"","meta":{"_acf_changed":false},"product_brand":[],"product_cat":[17],"product_tag":[],"class_list":{"0":"post-290","1":"product","2":"type-product","3":"status-publish","4":"has-post-thumbnail","6":"product_cat-uogoms","7":"pa_tipas-granuliuotos-trasos","8":"pa_tipas-organines-ir-mineralines-trasos","10":"first","11":"instock","12":"taxable","13":"shipping-taxable","14":"purchasable","15":"product-type-variable"},"acf":[],"_links":{"self":[{"href":"https:\/\/vivafertilis.lt\/sodui\/wp-json\/wp\/v2\/product\/290","targetHints":{"allow":["GET"]}}],"collection":[{"href":"https:\/\/vivafertilis.lt\/sodui\/wp-json\/wp\/v2\/product"}],"about":[{"href":"https:\/\/vivafertilis.lt\/sodui\/wp-json\/wp\/v2\/types\/product"}],"replies":[{"embeddable":true,"href":"https:\/\/vivafertilis.lt\/sodui\/wp-json\/wp\/v2\/comments?post=290"}],"version-history":[{"count":3,"href":"https:\/\/vivafertilis.lt\/sodui\/wp-json\/wp\/v2\/product\/290\/revisions"}],"predecessor-version":[{"id":23401,"href":"https:\/\/vivafertilis.lt\/sodui\/wp-json\/wp\/v2\/product\/290\/revisions\/23401"}],"wp:featuredmedia":[{"embeddable":true,"href":"https:\/\/vivafertilis.lt\/sodui\/wp-json\/wp\/v2\/media\/23396"}],"wp:attachment":[{"href":"https:\/\/vivafertilis.lt\/sodui\/wp-json\/wp\/v2\/media?parent=290"}],"wp:term":[{"taxonomy":"product_brand","embeddable":true,"href":"https:\/\/vivafertilis.lt\/sodui\/wp-json\/wp\/v2\/product_brand?post=290"},{"taxonomy":"product_cat","embeddable":true,"href":"https:\/\/vivafertilis.lt\/sodui\/wp-json\/wp\/v2\/product_cat?post=290"},{"taxonomy":"product_tag","embeddable":true,"href":"https:\/\/vivafertilis.lt\/sodui\/wp-json\/wp\/v2\/product_tag?post=290"}],"curies":[{"name":"wp","href":"https:\/\/api.w.org\/{rel}","templated":true}]}}