{"id":288,"date":"2025-07-02T10:49:29","date_gmt":"2025-07-02T10:49:29","guid":{"rendered":"https:\/\/vivafertilis.lt\/sodui\/?post_type=product&#038;p=288"},"modified":"2026-04-08T07:13:19","modified_gmt":"2026-04-08T07:13:19","slug":"kamienu-apsauga-armadura-3-kg","status":"publish","type":"product","link":"https:\/\/vivafertilis.lt\/sodui\/product\/kamienu-apsauga-armadura-3-kg\/","title":{"rendered":"Kamien\u0173 apsauga ARMADURA, 3 kg"},"content":{"rendered":"<p>Priemon\u0117 kamien\u0173 apsaugai nuo grau\u017eik\u0173.<\/p>\n<p>Tai veiksminga mechanin\u0117 priemon\u0117, apsauganti med\u017ei\u0173 kamieno \u017eiev\u0119 nuo ki\u0161ki\u0173, peli\u0173, stirn\u0173, bebr\u0173 bei kit\u0173 grau\u017eik\u0173.<\/p>\n<p>Bespalvis, nekei\u010dia augalo ir kra\u0161tovaizd\u017eio estetinio vaizdo.<\/p>\n","protected":false},"excerpt":{"rendered":"<p>Veiksminga priemon\u0117 med\u017ei\u0173 kamienams apsaugoti nuo grau\u017eik\u0173. Bespalv\u0117 \u2013 nepastebima ir nekei\u010dianti kra\u0161tovaizd\u017eio estetikos.<\/p>\n","protected":false},"featured_media":23431,"comment_status":"open","ping_status":"closed","template":"","meta":{"_acf_changed":false},"product_brand":[],"product_cat":[20,16,26],"product_tag":[74,75,76,77,78,79,80,81,82,83,84],"class_list":{"0":"post-288","1":"product","2":"type-product","3":"status-publish","4":"has-post-thumbnail","6":"product_cat-dekoratyviniams-augalams","7":"product_cat-medziams","8":"product_cat-universalios","9":"product_tag-apsauga-nuo-grauziku","10":"product_tag-bebras-grauzia-medi","11":"product_tag-kaip-apsaugoti-medzius-nuo-stirnu","12":"product_tag-kamieno-apsauga","13":"product_tag-medeliu-apsauga","14":"product_tag-medeliu-apsauga-nuo-zuikiu","15":"product_tag-medeliu-apsauga-nuo-zveriu","16":"product_tag-medzio-kamieno-apsauga","17":"product_tag-medziu-apsauga-nuo-zveriu","18":"product_tag-medziu-kamienu-apsauga","19":"product_tag-nulupta-zieve","20":"pa_tipas-kiti-produktai","22":"first","23":"instock","24":"taxable","25":"shipping-taxable","26":"purchasable","27":"product-type-simple"},"acf":[],"_links":{"self":[{"href":"https:\/\/vivafertilis.lt\/sodui\/wp-json\/wp\/v2\/product\/288","targetHints":{"allow":["GET"]}}],"collection":[{"href":"https:\/\/vivafertilis.lt\/sodui\/wp-json\/wp\/v2\/product"}],"about":[{"href":"https:\/\/vivafertilis.lt\/sodui\/wp-json\/wp\/v2\/types\/product"}],"replies":[{"embeddable":true,"href":"https:\/\/vivafertilis.lt\/sodui\/wp-json\/wp\/v2\/comments?post=288"}],"version-history":[{"count":2,"href":"https:\/\/vivafertilis.lt\/sodui\/wp-json\/wp\/v2\/product\/288\/revisions"}],"predecessor-version":[{"id":21964,"href":"https:\/\/vivafertilis.lt\/sodui\/wp-json\/wp\/v2\/product\/288\/revisions\/21964"}],"wp:featuredmedia":[{"embeddable":true,"href":"https:\/\/vivafertilis.lt\/sodui\/wp-json\/wp\/v2\/media\/23431"}],"wp:attachment":[{"href":"https:\/\/vivafertilis.lt\/sodui\/wp-json\/wp\/v2\/media?parent=288"}],"wp:term":[{"taxonomy":"product_brand","embeddable":true,"href":"https:\/\/vivafertilis.lt\/sodui\/wp-json\/wp\/v2\/product_brand?post=288"},{"taxonomy":"product_cat","embeddable":true,"href":"https:\/\/vivafertilis.lt\/sodui\/wp-json\/wp\/v2\/product_cat?post=288"},{"taxonomy":"product_tag","embeddable":true,"href":"https:\/\/vivafertilis.lt\/sodui\/wp-json\/wp\/v2\/product_tag?post=288"}],"curies":[{"name":"wp","href":"https:\/\/api.w.org\/{rel}","templated":true}]}}