{"id":280,"date":"2025-08-02T10:49:29","date_gmt":"2025-08-02T10:49:29","guid":{"rendered":"https:\/\/vivafertilis.lt\/sodui\/?post_type=product&#038;p=280"},"modified":"2026-03-23T08:51:13","modified_gmt":"2026-03-23T08:51:13","slug":"biostimuliatorius-humiroot","status":"publish","type":"product","link":"https:\/\/vivafertilis.lt\/sodui\/product\/biostimuliatorius-humiroot\/","title":{"rendered":"Biostimuliatorius HUMIROOT"},"content":{"rendered":"<p>Biologi\u0161kai aktyvi\u0173 med\u017eiag\u0173 kompleksas su humin\u0117mis ir fulvin\u0117mis r\u016bg\u0161timis. Skirtas pasodintiems med\u017eiams, vaismed\u017eiams, uogakr\u016bmiams, dekoratyviniams augalams, g\u0117l\u0117ms, dar\u017eov\u0117ms tr\u0119\u0161ti.<\/p>\n","protected":false},"excerpt":{"rendered":"<p>Biostimuliatorius \u2013 \u0161akn\u0173 aktyvatorius ir augimo skatintojas.<br data-start=\"85\" data-end=\"88\" \/>Sud\u0117tyje esantis humini\u0173 ir fulvini\u0173 r\u016bg\u0161\u010di\u0173 kompleksas stiprina \u0161akn\u0173 sistem\u0105, skatina augal\u0173 augim\u0105 bei gerina maisto med\u017eiag\u0173 \u012fsisavinim\u0105. Tinka tr\u0119\u0161ti pasodintus med\u017eius, vaismed\u017eius, uogakr\u016bmius, dekoratyvinius augalus, g\u0117les ir dar\u017eoves.<\/p>\n","protected":false},"featured_media":79,"comment_status":"open","ping_status":"closed","template":"","meta":{"_acf_changed":false},"product_brand":[],"product_cat":[25,20,23,16,255,26,17],"product_tag":[],"class_list":{"0":"post-280","1":"product","2":"type-product","3":"status-publish","4":"has-post-thumbnail","6":"product_cat-darzovems","7":"product_cat-dekoratyviniams-augalams","8":"product_cat-gelems","9":"product_cat-medziams","10":"product_cat-prekes-su-nuolaida","11":"product_cat-universalios","12":"product_cat-uogoms","13":"pa_tipas-biostimuliatoriai","14":"pa_tipas-organines-ir-mineralines-trasos","15":"pa_tipas-skystos-trasos","17":"first","18":"instock","19":"taxable","20":"shipping-taxable","21":"purchasable","22":"product-type-variable"},"acf":[],"_links":{"self":[{"href":"https:\/\/vivafertilis.lt\/sodui\/wp-json\/wp\/v2\/product\/280","targetHints":{"allow":["GET"]}}],"collection":[{"href":"https:\/\/vivafertilis.lt\/sodui\/wp-json\/wp\/v2\/product"}],"about":[{"href":"https:\/\/vivafertilis.lt\/sodui\/wp-json\/wp\/v2\/types\/product"}],"replies":[{"embeddable":true,"href":"https:\/\/vivafertilis.lt\/sodui\/wp-json\/wp\/v2\/comments?post=280"}],"version-history":[{"count":4,"href":"https:\/\/vivafertilis.lt\/sodui\/wp-json\/wp\/v2\/product\/280\/revisions"}],"predecessor-version":[{"id":23326,"href":"https:\/\/vivafertilis.lt\/sodui\/wp-json\/wp\/v2\/product\/280\/revisions\/23326"}],"wp:featuredmedia":[{"embeddable":true,"href":"https:\/\/vivafertilis.lt\/sodui\/wp-json\/wp\/v2\/media\/79"}],"wp:attachment":[{"href":"https:\/\/vivafertilis.lt\/sodui\/wp-json\/wp\/v2\/media?parent=280"}],"wp:term":[{"taxonomy":"product_brand","embeddable":true,"href":"https:\/\/vivafertilis.lt\/sodui\/wp-json\/wp\/v2\/product_brand?post=280"},{"taxonomy":"product_cat","embeddable":true,"href":"https:\/\/vivafertilis.lt\/sodui\/wp-json\/wp\/v2\/product_cat?post=280"},{"taxonomy":"product_tag","embeddable":true,"href":"https:\/\/vivafertilis.lt\/sodui\/wp-json\/wp\/v2\/product_tag?post=280"}],"curies":[{"name":"wp","href":"https:\/\/api.w.org\/{rel}","templated":true}]}}