{"id":277,"date":"2025-07-02T10:49:28","date_gmt":"2025-07-02T10:49:28","guid":{"rendered":"https:\/\/vivafertilis.lt\/sodui\/?post_type=product&#038;p=277"},"modified":"2026-03-20T04:21:02","modified_gmt":"2026-03-20T04:21:02","slug":"augalu-persodinimo-stimuliatorius-humiriz-100-g","status":"publish","type":"product","link":"https:\/\/vivafertilis.lt\/sodui\/product\/augalu-persodinimo-stimuliatorius-humiriz-100-g\/","title":{"rendered":"\u012esi\u0161aknijimo stimuliatorius HUMIRIZ, 100 g"},"content":{"rendered":"<p class=\"western\" align=\"justify\">HUMIRIZ unikalios formuliacijos, 100 % tirpi tr\u0105\u0161a, sudaryta i\u0161 amino, humini\u0173 ir fulvo r\u016bg\u0161\u010di\u0173, dumbli\u0173 ekstrakto, endomikorizini\u0173 gryb\u0173. Biostimuliacin\u0117s med\u017eiagos augalams suteikia papildom\u0105 energij\u0105, didina j\u0173 gyvybingum\u0105, atsparum\u0105 stresin\u0117ms situacijoms. Endomikoriziniai grybai greitai kolonizuoja augal\u0173 \u0161aknis, prapl\u0117sdami j\u0173 tinkl\u0105. Augalai efektyviau apr\u016bpinami vandeniu, maisto med\u017eiagomis.<\/p>\n<p>&nbsp;<\/p>\n","protected":false},"excerpt":{"rendered":"<p>100\u202f% tirpi tr\u0105\u0161a su humin\u0117mis, amino r\u016bg\u0161timis, dumbli\u0173 ekstraktu ir mikoriz\u0117s grybais. Stiprina augal\u0173 \u0161aknis, didina atsparum\u0105 ir gyvybingum\u0105.<\/p>\n","protected":false},"featured_media":321,"comment_status":"open","ping_status":"closed","template":"","meta":{"_acf_changed":false},"product_brand":[],"product_cat":[25,20,65,23,16,26,17,27],"product_tag":[],"class_list":{"0":"post-277","1":"product","2":"type-product","3":"status-publish","4":"has-post-thumbnail","6":"product_cat-darzovems","7":"product_cat-dekoratyviniams-augalams","8":"product_cat-dirvai","9":"product_cat-gelems","10":"product_cat-medziams","11":"product_cat-universalios","12":"product_cat-uogoms","13":"product_cat-vejai","14":"pa_tipas-biostimuliatoriai","15":"pa_tipas-tirpios-trasos","17":"first","18":"instock","19":"taxable","20":"shipping-taxable","21":"purchasable","22":"product-type-simple"},"acf":[],"_links":{"self":[{"href":"https:\/\/vivafertilis.lt\/sodui\/wp-json\/wp\/v2\/product\/277","targetHints":{"allow":["GET"]}}],"collection":[{"href":"https:\/\/vivafertilis.lt\/sodui\/wp-json\/wp\/v2\/product"}],"about":[{"href":"https:\/\/vivafertilis.lt\/sodui\/wp-json\/wp\/v2\/types\/product"}],"replies":[{"embeddable":true,"href":"https:\/\/vivafertilis.lt\/sodui\/wp-json\/wp\/v2\/comments?post=277"}],"version-history":[{"count":5,"href":"https:\/\/vivafertilis.lt\/sodui\/wp-json\/wp\/v2\/product\/277\/revisions"}],"predecessor-version":[{"id":23435,"href":"https:\/\/vivafertilis.lt\/sodui\/wp-json\/wp\/v2\/product\/277\/revisions\/23435"}],"wp:featuredmedia":[{"embeddable":true,"href":"https:\/\/vivafertilis.lt\/sodui\/wp-json\/wp\/v2\/media\/321"}],"wp:attachment":[{"href":"https:\/\/vivafertilis.lt\/sodui\/wp-json\/wp\/v2\/media?parent=277"}],"wp:term":[{"taxonomy":"product_brand","embeddable":true,"href":"https:\/\/vivafertilis.lt\/sodui\/wp-json\/wp\/v2\/product_brand?post=277"},{"taxonomy":"product_cat","embeddable":true,"href":"https:\/\/vivafertilis.lt\/sodui\/wp-json\/wp\/v2\/product_cat?post=277"},{"taxonomy":"product_tag","embeddable":true,"href":"https:\/\/vivafertilis.lt\/sodui\/wp-json\/wp\/v2\/product_tag?post=277"}],"curies":[{"name":"wp","href":"https:\/\/api.w.org\/{rel}","templated":true}]}}