{"id":275,"date":"2025-07-02T10:49:28","date_gmt":"2025-07-02T10:49:28","guid":{"rendered":"https:\/\/vivafertilis.lt\/sodui\/?post_type=product&#038;p=275"},"modified":"2026-03-20T05:17:09","modified_gmt":"2026-03-20T05:17:09","slug":"vandeni-sugeriancios-granules-humisap-gel-250-g","status":"publish","type":"product","link":"https:\/\/vivafertilis.lt\/sodui\/product\/vandeni-sugeriancios-granules-humisap-gel-250-g\/","title":{"rendered":"Vanden\u012f sugerian\u010dios granul\u0117s HUMISAP GEL su maistin\u0117mis med\u017eiagomis, 250 g"},"content":{"rendered":"<p data-start=\"88\" data-end=\"148\">Vanden\u012f sugerian\u010dios granul\u0117s su maistin\u0117mis med\u017eiagomis<\/p>\n<p data-start=\"150\" data-end=\"461\">Ilgalaikio veikimo granuliuotas produktas, sukurtas efektyviam dr\u0117gm\u0117s sulaikymui ir augal\u0173 mitybos s\u0105lyg\u0173 gerinimui. Sud\u0117tyje yra humini\u0173 ir amino r\u016bg\u0161\u010di\u0173 kompleksas bei naudingi mikoriz\u0117s grybai, kurie skatina sveik\u0105 \u0161akn\u0173 vystym\u0105si, gerina augal\u0173 prigijim\u0105 ir padeda jiems geriau \u012fsisavinti maisto med\u017eiagas.<\/p>\n<p data-start=\"463\" data-end=\"688\">Tinka naudoti sodinant ir persodinant med\u017eius, kr\u016bmus, g\u0117les, ruo\u0161iant substratus, dar\u017eininkyst\u0117je bei vej\u0173 prie\u017ei\u016broje. Ypa\u010d naudinga sm\u0117linguose ar skurd\u017eiuose dirvo\u017eemiuose, kur svarbu ilgiau i\u0161laikyti dr\u0117gm\u0119 \u0161akn\u0173 zonoje.<\/p>\n","protected":false},"excerpt":{"rendered":"<p style=\"text-align: left;\" align=\"center\">Vanden\u012f sugerian\u010dios granul\u0117s su maistin\u0117mis med\u017eiagomis ir mikoriz\u0117s grybais \u2013 geresniam augal\u0173 prigijimui, dr\u0117gm\u0117s i\u0161laikymui ir mitybai.<\/p>\n","protected":false},"featured_media":23429,"comment_status":"open","ping_status":"closed","template":"","meta":{"_acf_changed":false},"product_brand":[],"product_cat":[25,20,23,65,16,26,17,27],"product_tag":[],"class_list":{"0":"post-275","1":"product","2":"type-product","3":"status-publish","4":"has-post-thumbnail","6":"product_cat-darzovems","7":"product_cat-dekoratyviniams-augalams","8":"product_cat-gelems","9":"product_cat-dirvai","10":"product_cat-medziams","11":"product_cat-universalios","12":"product_cat-uogoms","13":"product_cat-vejai","14":"pa_tipas-biostimuliatoriai","15":"pa_tipas-kiti-produktai","17":"first","18":"instock","19":"taxable","20":"shipping-taxable","21":"purchasable","22":"product-type-simple"},"acf":[],"_links":{"self":[{"href":"https:\/\/vivafertilis.lt\/sodui\/wp-json\/wp\/v2\/product\/275","targetHints":{"allow":["GET"]}}],"collection":[{"href":"https:\/\/vivafertilis.lt\/sodui\/wp-json\/wp\/v2\/product"}],"about":[{"href":"https:\/\/vivafertilis.lt\/sodui\/wp-json\/wp\/v2\/types\/product"}],"replies":[{"embeddable":true,"href":"https:\/\/vivafertilis.lt\/sodui\/wp-json\/wp\/v2\/comments?post=275"}],"version-history":[{"count":3,"href":"https:\/\/vivafertilis.lt\/sodui\/wp-json\/wp\/v2\/product\/275\/revisions"}],"predecessor-version":[{"id":23430,"href":"https:\/\/vivafertilis.lt\/sodui\/wp-json\/wp\/v2\/product\/275\/revisions\/23430"}],"wp:featuredmedia":[{"embeddable":true,"href":"https:\/\/vivafertilis.lt\/sodui\/wp-json\/wp\/v2\/media\/23429"}],"wp:attachment":[{"href":"https:\/\/vivafertilis.lt\/sodui\/wp-json\/wp\/v2\/media?parent=275"}],"wp:term":[{"taxonomy":"product_brand","embeddable":true,"href":"https:\/\/vivafertilis.lt\/sodui\/wp-json\/wp\/v2\/product_brand?post=275"},{"taxonomy":"product_cat","embeddable":true,"href":"https:\/\/vivafertilis.lt\/sodui\/wp-json\/wp\/v2\/product_cat?post=275"},{"taxonomy":"product_tag","embeddable":true,"href":"https:\/\/vivafertilis.lt\/sodui\/wp-json\/wp\/v2\/product_tag?post=275"}],"curies":[{"name":"wp","href":"https:\/\/api.w.org\/{rel}","templated":true}]}}