{"id":267,"date":"2025-07-02T10:49:26","date_gmt":"2025-07-02T10:49:26","guid":{"rendered":"https:\/\/vivafertilis.lt\/sodui\/?post_type=product&#038;p=267"},"modified":"2026-03-23T08:49:47","modified_gmt":"2026-03-23T08:49:47","slug":"premium-trasos-darzovems-1-l","status":"publish","type":"product","link":"https:\/\/vivafertilis.lt\/sodui\/product\/premium-trasos-darzovems-1-l\/","title":{"rendered":"Premium tr\u0105\u0161os dar\u017eov\u0117ms, 1 l"},"content":{"rendered":"<p data-start=\"58\" data-end=\"274\"><span class=\"TextRun SCXW235435130 BCX8\" lang=\"LT-LT\" xml:lang=\"LT-LT\" data-contrast=\"none\"><span class=\"NormalTextRun SCXW235435130 BCX8\">Subalansuotos<\/span><span class=\"NormalTextRun SCXW235435130 BCX8\"> (NPK 5-3-7)<\/span><span class=\"NormalTextRun SCXW235435130 BCX8\"> kompleksin\u0117s<\/span> <span class=\"NormalTextRun SCXW235435130 BCX8\">tr\u0105\u0161os<\/span> <\/span><span class=\"TextRun SCXW235435130 BCX8\" lang=\"LT-LT\" xml:lang=\"LT-LT\" data-contrast=\"auto\"><span class=\"NormalTextRun SCXW235435130 BCX8\">su<\/span><\/span> <span class=\"TextRun Highlight SCXW235435130 BCX8\" lang=\"LT-LT\" xml:lang=\"LT-LT\" data-contrast=\"none\"><span class=\"NormalTextRun SCXW235435130 BCX8\">mikroelementais, <\/span><span class=\"NormalTextRun SpellingErrorV2Themed SCXW235435130 BCX8\">humin\u0117mis ir fulvin\u0117mis r<\/span><\/span><span class=\"TextRun Highlight SCXW235435130 BCX8\" lang=\"LT-LT\" xml:lang=\"LT-LT\" data-contrast=\"none\"><span class=\"NormalTextRun SCXW235435130 BCX8\">\u016bg\u0161timis. Produktas skirtas \u0161iltnamio ir lauko dar\u017eov\u0117ms tr\u0119\u0161ti. <\/span><\/span> U\u017etikrina gaus\u0173, skan\u0173 ir intensyvios spalvos derli\u0173.<\/p>\n<p data-start=\"276\" data-end=\"511\" data-is-last-node=\"\" data-is-only-node=\"\">Inovatyvus buteliuko dizainas leid\u017eia tiksliai dozuoti tr\u0105\u0161as, neleid\u017eia j\u0173 perpildyti ir u\u017etikrina \u0161var\u0173 naudojim\u0105. Nereikia papildom\u0173 dozavimo kam\u0161teli\u0173 \u2013 rankos lieka \u0161varios, o kiekvienas laistymas tampa paprastesnis ir tikslesnis.<\/p>\n","protected":false},"excerpt":{"rendered":"<p>Subalansuotos tr\u0105\u0161os dar\u017eov\u0117ms su mikroelementais, <span class=\"TextRun Highlight SCXW235435130 BCX8\" lang=\"LT-LT\" xml:lang=\"LT-LT\" data-contrast=\"none\"><span class=\"NormalTextRun SpellingErrorV2Themed SCXW235435130 BCX8\">humin\u0117mis ir fulvin\u0117mis r<\/span><\/span><span class=\"TextRun Highlight SCXW235435130 BCX8\" lang=\"LT-LT\" xml:lang=\"LT-LT\" data-contrast=\"none\"><span class=\"NormalTextRun SCXW235435130 BCX8\">\u016bg\u0161timis.<\/span><\/span> r\u016bg\u0161timis \u2013 gausiam, skaniam ir gra\u017eiam derliui.<\/p>\n<p>Patogus ir tikslus dozavimas<\/p>\n","protected":false},"featured_media":22037,"comment_status":"open","ping_status":"closed","template":"","meta":{"_acf_changed":false},"product_brand":[],"product_cat":[25,255],"product_tag":[],"class_list":{"0":"post-267","1":"product","2":"type-product","3":"status-publish","4":"has-post-thumbnail","6":"product_cat-darzovems","7":"product_cat-prekes-su-nuolaida","8":"pa_tipas-organines-ir-mineralines-trasos","9":"pa_tipas-skystos-trasos","11":"first","12":"instock","13":"taxable","14":"shipping-taxable","15":"purchasable","16":"product-type-simple"},"acf":[],"_links":{"self":[{"href":"https:\/\/vivafertilis.lt\/sodui\/wp-json\/wp\/v2\/product\/267","targetHints":{"allow":["GET"]}}],"collection":[{"href":"https:\/\/vivafertilis.lt\/sodui\/wp-json\/wp\/v2\/product"}],"about":[{"href":"https:\/\/vivafertilis.lt\/sodui\/wp-json\/wp\/v2\/types\/product"}],"replies":[{"embeddable":true,"href":"https:\/\/vivafertilis.lt\/sodui\/wp-json\/wp\/v2\/comments?post=267"}],"version-history":[{"count":7,"href":"https:\/\/vivafertilis.lt\/sodui\/wp-json\/wp\/v2\/product\/267\/revisions"}],"predecessor-version":[{"id":23306,"href":"https:\/\/vivafertilis.lt\/sodui\/wp-json\/wp\/v2\/product\/267\/revisions\/23306"}],"wp:featuredmedia":[{"embeddable":true,"href":"https:\/\/vivafertilis.lt\/sodui\/wp-json\/wp\/v2\/media\/22037"}],"wp:attachment":[{"href":"https:\/\/vivafertilis.lt\/sodui\/wp-json\/wp\/v2\/media?parent=267"}],"wp:term":[{"taxonomy":"product_brand","embeddable":true,"href":"https:\/\/vivafertilis.lt\/sodui\/wp-json\/wp\/v2\/product_brand?post=267"},{"taxonomy":"product_cat","embeddable":true,"href":"https:\/\/vivafertilis.lt\/sodui\/wp-json\/wp\/v2\/product_cat?post=267"},{"taxonomy":"product_tag","embeddable":true,"href":"https:\/\/vivafertilis.lt\/sodui\/wp-json\/wp\/v2\/product_tag?post=267"}],"curies":[{"name":"wp","href":"https:\/\/api.w.org\/{rel}","templated":true}]}}