{"id":265,"date":"2025-07-02T10:49:26","date_gmt":"2025-07-02T10:49:26","guid":{"rendered":"https:\/\/vivafertilis.lt\/sodui\/?post_type=product&#038;p=265"},"modified":"2026-03-23T08:50:13","modified_gmt":"2026-03-23T08:50:13","slug":"premium-trasos-gelems-1-l","status":"publish","type":"product","link":"https:\/\/vivafertilis.lt\/sodui\/product\/premium-trasos-gelems-1-l\/","title":{"rendered":"Premium tr\u0105\u0161os g\u0117l\u0117ms, 1 l"},"content":{"rendered":"<p><span class=\"TextRun SCXW68468396 BCX8\" lang=\"LT-LT\" xml:lang=\"LT-LT\" data-contrast=\"none\"><span class=\"NormalTextRun SCXW68468396 BCX8\">Subalansuotos<\/span><span class=\"NormalTextRun SCXW68468396 BCX8\"> (NPK 5-5-7)<\/span><span class=\"NormalTextRun SCXW68468396 BCX8\"> kompleksin\u0117s<\/span> <span class=\"NormalTextRun SCXW68468396 BCX8\">tr\u0105\u0161os<\/span> <\/span><span class=\"TextRun SCXW68468396 BCX8\" lang=\"LT-LT\" xml:lang=\"LT-LT\" data-contrast=\"auto\"><span class=\"NormalTextRun SCXW68468396 BCX8\">su<\/span><\/span><span class=\"TextRun SCXW68468396 BCX8\" lang=\"LT-LT\" xml:lang=\"LT-LT\" data-contrast=\"none\"><span class=\"NormalTextRun SCXW68468396 BCX8\"> j\u016bros dumbli\u0173 ekstra<\/span><span class=\"NormalTextRun SCXW68468396 BCX8\">ktu, amino, <\/span><span class=\"NormalTextRun SpellingErrorV2Themed SCXW68468396 BCX8\">humin\u0117mis<\/span><span class=\"NormalTextRun SCXW68468396 BCX8\"> r\u016bg\u0161timis ir<\/span><span class=\"NormalTextRun SCXW68468396 BCX8\"> mikroelementais. <\/span><\/span><span class=\"TextRun SCXW68468396 BCX8\" lang=\"LT-LT\" xml:lang=\"LT-LT\" data-contrast=\"auto\"><span class=\"NormalTextRun SCXW68468396 BCX8\">S<\/span><\/span><span class=\"TextRun SCXW68468396 BCX8\" lang=\"LT-LT\" xml:lang=\"LT-LT\" data-contrast=\"none\"><span class=\"NormalTextRun SCXW68468396 BCX8\">kirt<\/span><\/span><span class=\"TextRun SCXW68468396 BCX8\" lang=\"LT-LT\" xml:lang=\"LT-LT\" data-contrast=\"auto\"><span class=\"NormalTextRun SCXW68468396 BCX8\">o<\/span><\/span><span class=\"TextRun SCXW68468396 BCX8\" lang=\"LT-LT\" xml:lang=\"LT-LT\" data-contrast=\"none\"><span class=\"NormalTextRun SCXW68468396 BCX8\">s vidaus ir lauko g\u0117l\u0117ms, dekoratyviniams augalams<\/span><\/span> <span class=\"TextRun SCXW68468396 BCX8\" lang=\"LT-LT\" xml:lang=\"LT-LT\" data-contrast=\"none\"><span class=\"NormalTextRun SCXW68468396 BCX8\">tr\u0119\u0161ti: ro\u017e\u0117ms, rododendrams, chrizantemoms, petunijoms, pelargonijoms, jukoms, orchid\u0117joms <\/span><span class=\"NormalTextRun SCXW68468396 BCX8\">ir kitoms g\u0117l\u0117ms.<\/span> <\/span><\/p>\n<p>Buteliuko dizainas u\u017ekerta keli\u0105 tr\u0105\u0161\u0173 perpildymui, u\u017etikrina, kad b\u016bt\u0173 laikomasi matavimo talpos ribos. Nebereikia naudoti sen\u0173 dozavimo kam\u0161teli\u0173, kurie po panaudojimo tampa ne\u0161var\u016bs ir purvina rankas. Su \u0161iuo buteliuku vartotojas pasiekia auk\u0161t\u0105 \u0161varos ir tikslumo lyg\u012f.<\/p>\n","protected":false},"excerpt":{"rendered":"<p style=\"text-align: left;\">Skystos kompleksin\u0117s tr\u0105\u0161os su j\u016bros dumbli\u0173 ekstraktu ir mikroelementais \u2013 universali priemon\u0117 g\u0117l\u0117ms ir dekoratyviniams augalams, i\u0161ry\u0161kinanti j\u0173 gro\u017e\u012f ir \u017eyd\u0117jim\u0105. Patogus ir tikslus dozavimas.<\/p>\n","protected":false},"featured_media":22038,"comment_status":"open","ping_status":"closed","template":"","meta":{"_acf_changed":false},"product_brand":[],"product_cat":[255,20,23],"product_tag":[],"class_list":{"0":"post-265","1":"product","2":"type-product","3":"status-publish","4":"has-post-thumbnail","6":"product_cat-prekes-su-nuolaida","7":"product_cat-dekoratyviniams-augalams","8":"product_cat-gelems","9":"pa_tipas-organines-ir-mineralines-trasos","10":"pa_tipas-skystos-trasos","12":"first","13":"instock","14":"taxable","15":"shipping-taxable","16":"purchasable","17":"product-type-simple"},"acf":[],"_links":{"self":[{"href":"https:\/\/vivafertilis.lt\/sodui\/wp-json\/wp\/v2\/product\/265","targetHints":{"allow":["GET"]}}],"collection":[{"href":"https:\/\/vivafertilis.lt\/sodui\/wp-json\/wp\/v2\/product"}],"about":[{"href":"https:\/\/vivafertilis.lt\/sodui\/wp-json\/wp\/v2\/types\/product"}],"replies":[{"embeddable":true,"href":"https:\/\/vivafertilis.lt\/sodui\/wp-json\/wp\/v2\/comments?post=265"}],"version-history":[{"count":4,"href":"https:\/\/vivafertilis.lt\/sodui\/wp-json\/wp\/v2\/product\/265\/revisions"}],"predecessor-version":[{"id":22029,"href":"https:\/\/vivafertilis.lt\/sodui\/wp-json\/wp\/v2\/product\/265\/revisions\/22029"}],"wp:featuredmedia":[{"embeddable":true,"href":"https:\/\/vivafertilis.lt\/sodui\/wp-json\/wp\/v2\/media\/22038"}],"wp:attachment":[{"href":"https:\/\/vivafertilis.lt\/sodui\/wp-json\/wp\/v2\/media?parent=265"}],"wp:term":[{"taxonomy":"product_brand","embeddable":true,"href":"https:\/\/vivafertilis.lt\/sodui\/wp-json\/wp\/v2\/product_brand?post=265"},{"taxonomy":"product_cat","embeddable":true,"href":"https:\/\/vivafertilis.lt\/sodui\/wp-json\/wp\/v2\/product_cat?post=265"},{"taxonomy":"product_tag","embeddable":true,"href":"https:\/\/vivafertilis.lt\/sodui\/wp-json\/wp\/v2\/product_tag?post=265"}],"curies":[{"name":"wp","href":"https:\/\/api.w.org\/{rel}","templated":true}]}}