{"id":264,"date":"2025-07-02T10:49:26","date_gmt":"2025-07-02T10:49:26","guid":{"rendered":"https:\/\/vivafertilis.lt\/sodui\/?post_type=product&#038;p=264"},"modified":"2026-03-23T08:50:24","modified_gmt":"2026-03-23T08:50:24","slug":"premium-trasos-krumams-ir-medziams-1-l","status":"publish","type":"product","link":"https:\/\/vivafertilis.lt\/sodui\/product\/premium-trasos-krumams-ir-medziams-1-l\/","title":{"rendered":"Premium tr\u0105\u0161os kr\u016bmams ir med\u017eiams, 1 l"},"content":{"rendered":"<p><span class=\"TextRun SCXW209445955 BCX8\" lang=\"LT-LT\" xml:lang=\"LT-LT\" data-contrast=\"none\"><span class=\"NormalTextRun SCXW209445955 BCX8\">Subalansuotos <\/span><span class=\"NormalTextRun SCXW209445955 BCX8\">(NPK <\/span><span class=\"NormalTextRun SCXW209445955 BCX8\">1<\/span><span class=\"NormalTextRun SCXW209445955 BCX8\">-1<\/span><span class=\"NormalTextRun SCXW209445955 BCX8\">2<\/span><span class=\"NormalTextRun SCXW209445955 BCX8\">&#8211;<\/span><span class=\"NormalTextRun SCXW209445955 BCX8\">2<\/span><span class=\"NormalTextRun SCXW209445955 BCX8\">) <\/span><span class=\"NormalTextRun SCXW209445955 BCX8\">kompleksin\u0117s<\/span> <span class=\"NormalTextRun SCXW209445955 BCX8\">tr\u0105\u0161os<\/span> <\/span><span class=\"TextRun SCXW209445955 BCX8\" lang=\"LT-LT\" xml:lang=\"LT-LT\" data-contrast=\"auto\"><span class=\"NormalTextRun SCXW209445955 BCX8\">su<\/span><\/span><span class=\"TextRun SCXW209445955 BCX8\" lang=\"LT-LT\" xml:lang=\"LT-LT\" data-contrast=\"none\"><span class=\"NormalTextRun SCXW209445955 BCX8\"> amino r\u016bg\u0161timis, <\/span><\/span><span class=\"TextRun SCXW209445955 BCX8\" lang=\"LT-LT\" xml:lang=\"LT-LT\" data-contrast=\"auto\"><span class=\"NormalTextRun SCXW209445955 BCX8\">skirtos tr\u0119\u0161ti <\/span><\/span><span class=\"TextRun SCXW209445955 BCX8\" lang=\"LT-LT\" xml:lang=\"LT-LT\" data-contrast=\"none\"><span class=\"NormalTextRun SCXW209445955 BCX8\">med\u017eiams, kr\u016bmams ir gyvatvor\u0117ms<\/span><span class=\"NormalTextRun SCXW209445955 BCX8\">.<\/span><\/span><\/p>\n<p>\u0160io buteliuko dizainas u\u017ekerta keli\u0105 tr\u0105\u0161\u0173 perpildymui, u\u017etikrina, kad b\u016bt\u0173 laikomasi matavimo talpos ribos. Nebereikia naudoti sen\u0173 dozavimo kam\u0161teli\u0173, kurie po panaudojimo tampa ne\u0161var\u016bs ir purvina rankas. Su \u0161iuo buteliuku vartotojas pasiekia auk\u0161t\u0105 \u0161varos ir tikslumo lyg\u012f.<\/p>\n","protected":false},"excerpt":{"rendered":"<p>Skystos tr\u0105\u0161os su NPK <span class=\"NormalTextRun SCXW209445955 BCX8\">1<\/span><span class=\"NormalTextRun SCXW209445955 BCX8\">-1<\/span><span class=\"NormalTextRun SCXW209445955 BCX8\">2<\/span><span class=\"NormalTextRun SCXW209445955 BCX8\">\u2013<\/span><span class=\"NormalTextRun SCXW209445955 BCX8\">2<\/span>, skirtos vis\u0173 tip\u0173 med\u017eiams ir kr\u016bmams. Skatina greit\u0105 \u0161akn\u0173 vystym\u0105si, gaus\u0173 \u017eyd\u0117jim\u0105 ir ve\u0161li\u0105 lapij\u0105. Patogus ir \u0161varus dozavimas.<\/p>\n","protected":false},"featured_media":22039,"comment_status":"open","ping_status":"closed","template":"","meta":{"_acf_changed":false},"product_brand":[],"product_cat":[255,20,16],"product_tag":[],"class_list":{"0":"post-264","1":"product","2":"type-product","3":"status-publish","4":"has-post-thumbnail","6":"product_cat-prekes-su-nuolaida","7":"product_cat-dekoratyviniams-augalams","8":"product_cat-medziams","9":"pa_tipas-organines-ir-mineralines-trasos","10":"pa_tipas-skystos-trasos","12":"first","13":"instock","14":"taxable","15":"shipping-taxable","16":"purchasable","17":"product-type-simple"},"acf":[],"_links":{"self":[{"href":"https:\/\/vivafertilis.lt\/sodui\/wp-json\/wp\/v2\/product\/264","targetHints":{"allow":["GET"]}}],"collection":[{"href":"https:\/\/vivafertilis.lt\/sodui\/wp-json\/wp\/v2\/product"}],"about":[{"href":"https:\/\/vivafertilis.lt\/sodui\/wp-json\/wp\/v2\/types\/product"}],"replies":[{"embeddable":true,"href":"https:\/\/vivafertilis.lt\/sodui\/wp-json\/wp\/v2\/comments?post=264"}],"version-history":[{"count":6,"href":"https:\/\/vivafertilis.lt\/sodui\/wp-json\/wp\/v2\/product\/264\/revisions"}],"predecessor-version":[{"id":23305,"href":"https:\/\/vivafertilis.lt\/sodui\/wp-json\/wp\/v2\/product\/264\/revisions\/23305"}],"wp:featuredmedia":[{"embeddable":true,"href":"https:\/\/vivafertilis.lt\/sodui\/wp-json\/wp\/v2\/media\/22039"}],"wp:attachment":[{"href":"https:\/\/vivafertilis.lt\/sodui\/wp-json\/wp\/v2\/media?parent=264"}],"wp:term":[{"taxonomy":"product_brand","embeddable":true,"href":"https:\/\/vivafertilis.lt\/sodui\/wp-json\/wp\/v2\/product_brand?post=264"},{"taxonomy":"product_cat","embeddable":true,"href":"https:\/\/vivafertilis.lt\/sodui\/wp-json\/wp\/v2\/product_cat?post=264"},{"taxonomy":"product_tag","embeddable":true,"href":"https:\/\/vivafertilis.lt\/sodui\/wp-json\/wp\/v2\/product_tag?post=264"}],"curies":[{"name":"wp","href":"https:\/\/api.w.org\/{rel}","templated":true}]}}