{"id":263,"date":"2025-07-02T10:49:25","date_gmt":"2025-07-02T10:49:25","guid":{"rendered":"https:\/\/vivafertilis.lt\/sodui\/?post_type=product&#038;p=263"},"modified":"2026-03-23T08:48:41","modified_gmt":"2026-03-23T08:48:41","slug":"premium-trasos-vaismedziams-ir-uogakrumiams-1-l","status":"publish","type":"product","link":"https:\/\/vivafertilis.lt\/sodui\/product\/premium-trasos-vaismedziams-ir-uogakrumiams-1-l\/","title":{"rendered":"Premium tr\u0105\u0161os vaismed\u017eiams ir uogakr\u016bmiams, 1 l"},"content":{"rendered":"<p><span class=\"TextRun SCXW144974479 BCX8\" lang=\"LT-LT\" xml:lang=\"LT-LT\" data-contrast=\"none\"><span class=\"NormalTextRun SCXW144974479 BCX8\">Subalansuotos <\/span><span class=\"NormalTextRun SCXW144974479 BCX8\">(NPK 5-4-7) <\/span><span class=\"NormalTextRun SCXW144974479 BCX8\">kompleksin\u0117s<\/span> <span class=\"NormalTextRun SCXW144974479 BCX8\">tr\u0105\u0161os<\/span> <\/span><span class=\"TextRun SCXW144974479 BCX8\" lang=\"LT-LT\" xml:lang=\"LT-LT\" data-contrast=\"auto\"><span class=\"NormalTextRun SCXW144974479 BCX8\">su<\/span><\/span> <span class=\"TextRun Highlight SCXW144974479 BCX8\" lang=\"LT-LT\" xml:lang=\"LT-LT\" data-contrast=\"none\"><span class=\"NormalTextRun SCXW144974479 BCX8\">mikroelementais, amino, <\/span><span class=\"NormalTextRun SpellingErrorV2Themed SCXW144974479 BCX8\">humin\u0117mis ir fulvin\u0117mis<\/span><\/span> <span class=\"TextRun Highlight SCXW144974479 BCX8\" lang=\"LT-LT\" xml:lang=\"LT-LT\" data-contrast=\"none\"><span class=\"NormalTextRun SCXW144974479 BCX8\">r\u016bg\u0161timis bei j\u016bros dumbli\u0173 ekstraktu. S<\/span><span class=\"NormalTextRun SCXW144974479 BCX8\">kirtos <\/span><span class=\"NormalTextRun SCXW144974479 BCX8\">vaismed\u017ei<\/span><span class=\"NormalTextRun SCXW144974479 BCX8\">ams<\/span><span class=\"NormalTextRun SCXW144974479 BCX8\">, vaiskr\u016bm<\/span><span class=\"NormalTextRun SCXW144974479 BCX8\">iams <\/span><span class=\"NormalTextRun SCXW144974479 BCX8\">ir uogakr\u016b<\/span><span class=\"NormalTextRun SCXW144974479 BCX8\">miams <\/span><\/span><span class=\"TextRun SCXW144974479 BCX8\" lang=\"LT-LT\" xml:lang=\"LT-LT\" data-contrast=\"none\"><span class=\"NormalTextRun SCXW144974479 BCX8\">tr\u0119\u0161ti.<\/span><\/span><\/p>\n<p>Buteliuko dizainas u\u017ekerta keli\u0105 tr\u0105\u0161\u0173 perpildymui, u\u017etikrina, kad b\u016bt\u0173 laikomasi matavimo talpos ribos. Nebereikia naudoti sen\u0173 dozavimo kam\u0161teli\u0173, kurie po panaudojimo tampa ne\u0161var\u016bs ir purvina rankas. Su \u0161iuo buteliuku vartotojas pasiekia auk\u0161t\u0105 \u0161varos ir tikslumo lyg\u012f.<\/p>\n","protected":false},"excerpt":{"rendered":"<p>Skystos tr\u0105\u0161os vaismed\u017eiams, vaiskr\u016bmiams ir uogakr\u016bmiams su humin\u0117mis ir fulvin\u0117mis r\u016bg\u0161timis, mikroelementais ir dumbli\u0173 ekstraktu \u2013 gausiam, skaniam ir kvapniam derliui. Patogus ir tikslus dozavimas.<\/p>\n","protected":false},"featured_media":22036,"comment_status":"open","ping_status":"closed","template":"","meta":{"_acf_changed":false},"product_brand":[],"product_cat":[255,16,17],"product_tag":[],"class_list":{"0":"post-263","1":"product","2":"type-product","3":"status-publish","4":"has-post-thumbnail","6":"product_cat-prekes-su-nuolaida","7":"product_cat-medziams","8":"product_cat-uogoms","9":"pa_tipas-organines-ir-mineralines-trasos","10":"pa_tipas-skystos-trasos","12":"first","13":"instock","14":"taxable","15":"shipping-taxable","16":"purchasable","17":"product-type-simple"},"acf":[],"_links":{"self":[{"href":"https:\/\/vivafertilis.lt\/sodui\/wp-json\/wp\/v2\/product\/263","targetHints":{"allow":["GET"]}}],"collection":[{"href":"https:\/\/vivafertilis.lt\/sodui\/wp-json\/wp\/v2\/product"}],"about":[{"href":"https:\/\/vivafertilis.lt\/sodui\/wp-json\/wp\/v2\/types\/product"}],"replies":[{"embeddable":true,"href":"https:\/\/vivafertilis.lt\/sodui\/wp-json\/wp\/v2\/comments?post=263"}],"version-history":[{"count":5,"href":"https:\/\/vivafertilis.lt\/sodui\/wp-json\/wp\/v2\/product\/263\/revisions"}],"predecessor-version":[{"id":22056,"href":"https:\/\/vivafertilis.lt\/sodui\/wp-json\/wp\/v2\/product\/263\/revisions\/22056"}],"wp:featuredmedia":[{"embeddable":true,"href":"https:\/\/vivafertilis.lt\/sodui\/wp-json\/wp\/v2\/media\/22036"}],"wp:attachment":[{"href":"https:\/\/vivafertilis.lt\/sodui\/wp-json\/wp\/v2\/media?parent=263"}],"wp:term":[{"taxonomy":"product_brand","embeddable":true,"href":"https:\/\/vivafertilis.lt\/sodui\/wp-json\/wp\/v2\/product_brand?post=263"},{"taxonomy":"product_cat","embeddable":true,"href":"https:\/\/vivafertilis.lt\/sodui\/wp-json\/wp\/v2\/product_cat?post=263"},{"taxonomy":"product_tag","embeddable":true,"href":"https:\/\/vivafertilis.lt\/sodui\/wp-json\/wp\/v2\/product_tag?post=263"}],"curies":[{"name":"wp","href":"https:\/\/api.w.org\/{rel}","templated":true}]}}