{"id":23784,"date":"2026-04-29T06:41:22","date_gmt":"2026-04-29T06:41:22","guid":{"rendered":"https:\/\/vivafertilis.lt\/sodui\/?post_type=product&#038;p=23784"},"modified":"2026-04-29T09:56:36","modified_gmt":"2026-04-29T09:56:36","slug":"derliaus-gerinimo-trasos-shpritz-quality-tab","status":"publish","type":"product","link":"https:\/\/vivafertilis.lt\/sodui\/product\/derliaus-gerinimo-trasos-shpritz-quality-tab\/","title":{"rendered":"Derliaus gerinimo tr\u0105\u0161os SHPRITZ QUALITY TAB"},"content":{"rendered":"<p>Inovatyvios, lengvai tirpstan\u010dios tablet\u0117s \u2013 patogus ir tikslus dar\u017eovi\u0173, vaismed\u017ei\u0173 ir vaiskr\u016bmi\u0173 tr\u0119\u0161imui, kad apr\u016bpinti juos visomis reikalingomis maistin\u0117mis med\u017eiagomis.<\/p>\n","protected":false},"excerpt":{"rendered":"<p>Tinkamai subalansuotas maistini\u0173 med\u017eiag\u0173 kiekis skatina geresn\u012f derliaus brandinim\u0105 ir pagerina vaisi\u0173 kokyb\u0119. B\u016btinas v\u0117lyvajame augimo etape ir derliaus brandinimo faz\u0117je.<\/p>\n","protected":false},"featured_media":23785,"comment_status":"open","ping_status":"closed","template":"","meta":{"_acf_changed":false},"product_brand":[],"product_cat":[25,16,17],"product_tag":[],"class_list":{"0":"post-23784","1":"product","2":"type-product","3":"status-publish","4":"has-post-thumbnail","6":"product_cat-darzovems","7":"product_cat-medziams","8":"product_cat-uogoms","9":"pa_tipas-tirpios-trasos","11":"first","12":"instock","13":"taxable","14":"shipping-taxable","15":"purchasable","16":"product-type-simple"},"acf":[],"_links":{"self":[{"href":"https:\/\/vivafertilis.lt\/sodui\/wp-json\/wp\/v2\/product\/23784","targetHints":{"allow":["GET"]}}],"collection":[{"href":"https:\/\/vivafertilis.lt\/sodui\/wp-json\/wp\/v2\/product"}],"about":[{"href":"https:\/\/vivafertilis.lt\/sodui\/wp-json\/wp\/v2\/types\/product"}],"replies":[{"embeddable":true,"href":"https:\/\/vivafertilis.lt\/sodui\/wp-json\/wp\/v2\/comments?post=23784"}],"version-history":[{"count":1,"href":"https:\/\/vivafertilis.lt\/sodui\/wp-json\/wp\/v2\/product\/23784\/revisions"}],"predecessor-version":[{"id":23786,"href":"https:\/\/vivafertilis.lt\/sodui\/wp-json\/wp\/v2\/product\/23784\/revisions\/23786"}],"wp:featuredmedia":[{"embeddable":true,"href":"https:\/\/vivafertilis.lt\/sodui\/wp-json\/wp\/v2\/media\/23785"}],"wp:attachment":[{"href":"https:\/\/vivafertilis.lt\/sodui\/wp-json\/wp\/v2\/media?parent=23784"}],"wp:term":[{"taxonomy":"product_brand","embeddable":true,"href":"https:\/\/vivafertilis.lt\/sodui\/wp-json\/wp\/v2\/product_brand?post=23784"},{"taxonomy":"product_cat","embeddable":true,"href":"https:\/\/vivafertilis.lt\/sodui\/wp-json\/wp\/v2\/product_cat?post=23784"},{"taxonomy":"product_tag","embeddable":true,"href":"https:\/\/vivafertilis.lt\/sodui\/wp-json\/wp\/v2\/product_tag?post=23784"}],"curies":[{"name":"wp","href":"https:\/\/api.w.org\/{rel}","templated":true}]}}