{"id":23411,"date":"2026-03-14T11:15:18","date_gmt":"2026-03-14T11:15:18","guid":{"rendered":"https:\/\/vivafertilis.lt\/sodui\/?post_type=product&#038;p=23411"},"modified":"2026-03-20T04:38:35","modified_gmt":"2026-03-20T04:38:35","slug":"trasos-vaismedziams-ir-vaiskrumiams","status":"publish","type":"product","link":"https:\/\/vivafertilis.lt\/sodui\/product\/trasos-vaismedziams-ir-vaiskrumiams\/","title":{"rendered":"Tra\u0161os vaismed\u017eiams ir vaiskr\u016bmiams"},"content":{"rendered":"<p>Organini\u0173-mineralini\u0173 granuliuot\u0173 tr\u0105\u0161\u0173 (NPK 12-13-14) mi\u0161inys be chloro, praturtintas humin\u0117mis ir amino r\u016bg\u0161timis. Skirtas tr\u0119\u0161ti vaiskr\u016bmius, vaismed\u017eius ir uogakr\u016bmius sodinimo ir augal\u0173 intensyvaus augimo, \u017eyd\u0117jimo, vaisi\u0173 ir uog\u0173 mezgimo bei der\u0117jimo metu<\/p>\n","protected":false},"excerpt":{"rendered":"<p>Granuliuotos organin\u0117s\u2013mineralin\u0117s tr\u0105\u0161os vaismed\u017eiams, vaiskr\u016bmiams ir uogakr\u016bmiams NPK 12-13-14 be chloro, praturtintos humin\u0117mis ir amino r\u016bg\u0161timis.<\/p>\n","protected":false},"featured_media":23387,"comment_status":"open","ping_status":"closed","template":"","meta":{"_acf_changed":false},"product_brand":[],"product_cat":[16],"product_tag":[],"class_list":{"0":"post-23411","1":"product","2":"type-product","3":"status-publish","4":"has-post-thumbnail","6":"product_cat-medziams","7":"pa_tipas-granuliuotos-trasos","8":"pa_tipas-organines-ir-mineralines-trasos","10":"first","11":"instock","12":"taxable","13":"shipping-taxable","14":"purchasable","15":"product-type-variable"},"acf":[],"_links":{"self":[{"href":"https:\/\/vivafertilis.lt\/sodui\/wp-json\/wp\/v2\/product\/23411","targetHints":{"allow":["GET"]}}],"collection":[{"href":"https:\/\/vivafertilis.lt\/sodui\/wp-json\/wp\/v2\/product"}],"about":[{"href":"https:\/\/vivafertilis.lt\/sodui\/wp-json\/wp\/v2\/types\/product"}],"replies":[{"embeddable":true,"href":"https:\/\/vivafertilis.lt\/sodui\/wp-json\/wp\/v2\/comments?post=23411"}],"version-history":[{"count":1,"href":"https:\/\/vivafertilis.lt\/sodui\/wp-json\/wp\/v2\/product\/23411\/revisions"}],"predecessor-version":[{"id":23414,"href":"https:\/\/vivafertilis.lt\/sodui\/wp-json\/wp\/v2\/product\/23411\/revisions\/23414"}],"wp:featuredmedia":[{"embeddable":true,"href":"https:\/\/vivafertilis.lt\/sodui\/wp-json\/wp\/v2\/media\/23387"}],"wp:attachment":[{"href":"https:\/\/vivafertilis.lt\/sodui\/wp-json\/wp\/v2\/media?parent=23411"}],"wp:term":[{"taxonomy":"product_brand","embeddable":true,"href":"https:\/\/vivafertilis.lt\/sodui\/wp-json\/wp\/v2\/product_brand?post=23411"},{"taxonomy":"product_cat","embeddable":true,"href":"https:\/\/vivafertilis.lt\/sodui\/wp-json\/wp\/v2\/product_cat?post=23411"},{"taxonomy":"product_tag","embeddable":true,"href":"https:\/\/vivafertilis.lt\/sodui\/wp-json\/wp\/v2\/product_tag?post=23411"}],"curies":[{"name":"wp","href":"https:\/\/api.w.org\/{rel}","templated":true}]}}