{"id":23408,"date":"2026-03-18T12:31:12","date_gmt":"2026-03-18T12:31:12","guid":{"rendered":"https:\/\/vivafertilis.lt\/sodui\/?post_type=product&#038;p=23408"},"modified":"2026-03-20T04:33:02","modified_gmt":"2026-03-20T04:33:02","slug":"bactomix-destructor","status":"publish","type":"product","link":"https:\/\/vivafertilis.lt\/sodui\/product\/bactomix-destructor\/","title":{"rendered":"BACTOMIX DESTRUCTOR"},"content":{"rendered":"<p>Mikroorganizm\u0173 (bakterij\u0173, gryb\u0173) ir humini\u0173, fulvini\u0173 r\u016bg\u0161\u010di\u0173 preparatas padeda gerinti dirvo\u017eemio b\u016bkl\u0119, palaiko augalams sveik\u0105 mikroflor\u0105 \u2013 bakterijos nat\u016braliai prisideda prie palanki\u0173 s\u0105lyg\u0173 formavimosi \u0161akn\u0173 zonoje, kartu pad\u0117damos palaikyti mikroorganizm\u0173 pusiausvyr\u0105 dirvo\u017eemyje. Skaidydamas organinius liku\u010dius ir atstatydamas humus\u0105, preparatas praturtina dirv\u0105 maisto med\u017eiagomis ir paver\u010dia jas \u012f lengvai augalams pasisavinamas formas.<\/p>\n","protected":false},"excerpt":{"rendered":"<p>Mikroorganizm\u0173 (bakterij\u0173 ir gryb\u0173) bei humini\u0173 ir fulvini\u0173 r\u016bg\u0161\u010di\u0173 preparatas, skirtas dirvo\u017eemio b\u016bklei gerinti. Padeda skaidyti organinius liku\u010dius, palaiko sveik\u0105 dirvo\u017eemio mikroflor\u0105 ir gerina augalams prieinam\u0173 maisto med\u017eiag\u0173 pasisavinim\u0105.<\/p>\n","protected":false},"featured_media":23392,"comment_status":"open","ping_status":"closed","template":"","meta":{"_acf_changed":false},"product_brand":[],"product_cat":[65],"product_tag":[],"class_list":{"0":"post-23408","1":"product","2":"type-product","3":"status-publish","4":"has-post-thumbnail","6":"product_cat-dirvai","7":"pa_tipas-kiti-produktai","9":"first","10":"outofstock","11":"taxable","12":"shipping-taxable","13":"purchasable","14":"product-type-simple"},"acf":[],"_links":{"self":[{"href":"https:\/\/vivafertilis.lt\/sodui\/wp-json\/wp\/v2\/product\/23408","targetHints":{"allow":["GET"]}}],"collection":[{"href":"https:\/\/vivafertilis.lt\/sodui\/wp-json\/wp\/v2\/product"}],"about":[{"href":"https:\/\/vivafertilis.lt\/sodui\/wp-json\/wp\/v2\/types\/product"}],"replies":[{"embeddable":true,"href":"https:\/\/vivafertilis.lt\/sodui\/wp-json\/wp\/v2\/comments?post=23408"}],"version-history":[{"count":1,"href":"https:\/\/vivafertilis.lt\/sodui\/wp-json\/wp\/v2\/product\/23408\/revisions"}],"predecessor-version":[{"id":23409,"href":"https:\/\/vivafertilis.lt\/sodui\/wp-json\/wp\/v2\/product\/23408\/revisions\/23409"}],"wp:featuredmedia":[{"embeddable":true,"href":"https:\/\/vivafertilis.lt\/sodui\/wp-json\/wp\/v2\/media\/23392"}],"wp:attachment":[{"href":"https:\/\/vivafertilis.lt\/sodui\/wp-json\/wp\/v2\/media?parent=23408"}],"wp:term":[{"taxonomy":"product_brand","embeddable":true,"href":"https:\/\/vivafertilis.lt\/sodui\/wp-json\/wp\/v2\/product_brand?post=23408"},{"taxonomy":"product_cat","embeddable":true,"href":"https:\/\/vivafertilis.lt\/sodui\/wp-json\/wp\/v2\/product_cat?post=23408"},{"taxonomy":"product_tag","embeddable":true,"href":"https:\/\/vivafertilis.lt\/sodui\/wp-json\/wp\/v2\/product_tag?post=23408"}],"curies":[{"name":"wp","href":"https:\/\/api.w.org\/{rel}","templated":true}]}}