{"id":23333,"date":"2026-02-27T08:11:53","date_gmt":"2026-02-27T08:11:53","guid":{"rendered":"https:\/\/vivafertilis.lt\/sodui\/?post_type=product&#038;p=23333"},"modified":"2026-03-20T04:32:20","modified_gmt":"2026-03-20T04:32:20","slug":"zuvu-miltai-2-kg","status":"publish","type":"product","link":"https:\/\/vivafertilis.lt\/sodui\/product\/zuvu-miltai-2-kg\/","title":{"rendered":"\u017duv\u0173 miltai, 2 kg"},"content":{"rendered":"<p>Tai ilgo veikimo organin\u0117s tr\u0105\u0161os su palaipsniui atsipalaiduojan\u010diais mitybiniais elementais. Pagamintos i\u0161 nat\u016brali\u0173 med\u017eiag\u0173. \u017duv\u0173 miltai tinka dirvo\u017eemiui ir augalams. Tr\u0105\u0161os skirtos tr\u0119\u0161ti dar\u017eoves (tiek lauko, tiek \u0161iltnamio), sodo, lauko dekoratyvinius ir kambarinius augalus.<\/p>\n<p>Dirvo\u017eemio gerinimo med\u017eiaga.<\/p>\n","protected":false},"excerpt":{"rendered":"<p><span style=\"font-weight: 400;\">Tai ilgo veikimo organin\u0117s tr\u0105\u0161os su palaipsniui atsipalaiduojan\u010diais mitybiniais elementais. Pagamintos i\u0161 nat\u016brali\u0173 med\u017eiag\u0173. \u017duv\u0173 miltai tinka dirvo\u017eemiui ir augalams. Tr\u0105\u0161os skirtos tr\u0119\u0161ti dar\u017eoves (tiek lauko, tiek \u0161iltnamio), sodo, lauko dekoratyvinius ir kambarinius augalus.<\/span><\/p>\n","protected":false},"featured_media":23336,"comment_status":"open","ping_status":"closed","template":"","meta":{"_acf_changed":false},"product_brand":[],"product_cat":[25,20,23,65,16,26,17,27],"product_tag":[],"class_list":{"0":"post-23333","1":"product","2":"type-product","3":"status-publish","4":"has-post-thumbnail","6":"product_cat-darzovems","7":"product_cat-dekoratyviniams-augalams","8":"product_cat-gelems","9":"product_cat-dirvai","10":"product_cat-medziams","11":"product_cat-universalios","12":"product_cat-uogoms","13":"product_cat-vejai","14":"pa_tipas-organines-ir-mineralines-trasos","16":"first","17":"instock","18":"taxable","19":"shipping-taxable","20":"purchasable","21":"product-type-simple"},"acf":[],"_links":{"self":[{"href":"https:\/\/vivafertilis.lt\/sodui\/wp-json\/wp\/v2\/product\/23333","targetHints":{"allow":["GET"]}}],"collection":[{"href":"https:\/\/vivafertilis.lt\/sodui\/wp-json\/wp\/v2\/product"}],"about":[{"href":"https:\/\/vivafertilis.lt\/sodui\/wp-json\/wp\/v2\/types\/product"}],"replies":[{"embeddable":true,"href":"https:\/\/vivafertilis.lt\/sodui\/wp-json\/wp\/v2\/comments?post=23333"}],"version-history":[{"count":1,"href":"https:\/\/vivafertilis.lt\/sodui\/wp-json\/wp\/v2\/product\/23333\/revisions"}],"predecessor-version":[{"id":23335,"href":"https:\/\/vivafertilis.lt\/sodui\/wp-json\/wp\/v2\/product\/23333\/revisions\/23335"}],"wp:featuredmedia":[{"embeddable":true,"href":"https:\/\/vivafertilis.lt\/sodui\/wp-json\/wp\/v2\/media\/23336"}],"wp:attachment":[{"href":"https:\/\/vivafertilis.lt\/sodui\/wp-json\/wp\/v2\/media?parent=23333"}],"wp:term":[{"taxonomy":"product_brand","embeddable":true,"href":"https:\/\/vivafertilis.lt\/sodui\/wp-json\/wp\/v2\/product_brand?post=23333"},{"taxonomy":"product_cat","embeddable":true,"href":"https:\/\/vivafertilis.lt\/sodui\/wp-json\/wp\/v2\/product_cat?post=23333"},{"taxonomy":"product_tag","embeddable":true,"href":"https:\/\/vivafertilis.lt\/sodui\/wp-json\/wp\/v2\/product_tag?post=23333"}],"curies":[{"name":"wp","href":"https:\/\/api.w.org\/{rel}","templated":true}]}}