{"id":23327,"date":"2026-02-27T06:31:46","date_gmt":"2026-02-27T06:31:46","guid":{"rendered":"https:\/\/vivafertilis.lt\/sodui\/?post_type=product&#038;p=23327"},"modified":"2026-03-20T05:09:44","modified_gmt":"2026-03-20T05:09:44","slug":"stabilizuotas-karbamidas","status":"publish","type":"product","link":"https:\/\/vivafertilis.lt\/sodui\/product\/stabilizuotas-karbamidas\/","title":{"rendered":"Stabilizuotas karbamidas MAXIMUS N, 8 kg"},"content":{"rendered":"<p data-start=\"0\" data-end=\"54\"><strong data-start=\"12\" data-end=\"54\">Azotas (46 %) su ureaz\u0117s inhibitoriumi<\/strong><\/p>\n<p data-start=\"56\" data-end=\"219\">MAXIMUS N yra azotin\u0117 koncentruota tr\u0105\u0161a su ureaz\u0117s inhibitoriumi N-(n-butil) tiofosforo triamidu (NBPT), tinkanti \u012fvairiems lauko, dar\u017eo bei sodo augalams tr\u0119\u0161ti.<\/p>\n","protected":false},"excerpt":{"rendered":"<p>Azotin\u0117 koncentruota tr\u0105\u0161a \u012fvairiems augalams tr\u0119\u0161ti.<\/p>\n","protected":false},"featured_media":23328,"comment_status":"open","ping_status":"closed","template":"","meta":{"_acf_changed":false},"product_brand":[],"product_cat":[25,20,23,16,26,17,27],"product_tag":[],"class_list":{"0":"post-23327","1":"product","2":"type-product","3":"status-publish","4":"has-post-thumbnail","6":"product_cat-darzovems","7":"product_cat-dekoratyviniams-augalams","8":"product_cat-gelems","9":"product_cat-medziams","10":"product_cat-universalios","11":"product_cat-uogoms","12":"product_cat-vejai","13":"pa_tipas-granuliuotos-trasos","15":"first","16":"instock","17":"taxable","18":"shipping-taxable","19":"purchasable","20":"product-type-simple"},"acf":[],"_links":{"self":[{"href":"https:\/\/vivafertilis.lt\/sodui\/wp-json\/wp\/v2\/product\/23327","targetHints":{"allow":["GET"]}}],"collection":[{"href":"https:\/\/vivafertilis.lt\/sodui\/wp-json\/wp\/v2\/product"}],"about":[{"href":"https:\/\/vivafertilis.lt\/sodui\/wp-json\/wp\/v2\/types\/product"}],"replies":[{"embeddable":true,"href":"https:\/\/vivafertilis.lt\/sodui\/wp-json\/wp\/v2\/comments?post=23327"}],"version-history":[{"count":1,"href":"https:\/\/vivafertilis.lt\/sodui\/wp-json\/wp\/v2\/product\/23327\/revisions"}],"predecessor-version":[{"id":23329,"href":"https:\/\/vivafertilis.lt\/sodui\/wp-json\/wp\/v2\/product\/23327\/revisions\/23329"}],"wp:featuredmedia":[{"embeddable":true,"href":"https:\/\/vivafertilis.lt\/sodui\/wp-json\/wp\/v2\/media\/23328"}],"wp:attachment":[{"href":"https:\/\/vivafertilis.lt\/sodui\/wp-json\/wp\/v2\/media?parent=23327"}],"wp:term":[{"taxonomy":"product_brand","embeddable":true,"href":"https:\/\/vivafertilis.lt\/sodui\/wp-json\/wp\/v2\/product_brand?post=23327"},{"taxonomy":"product_cat","embeddable":true,"href":"https:\/\/vivafertilis.lt\/sodui\/wp-json\/wp\/v2\/product_cat?post=23327"},{"taxonomy":"product_tag","embeddable":true,"href":"https:\/\/vivafertilis.lt\/sodui\/wp-json\/wp\/v2\/product_tag?post=23327"}],"curies":[{"name":"wp","href":"https:\/\/api.w.org\/{rel}","templated":true}]}}