{"id":23149,"date":"2025-11-25T07:26:06","date_gmt":"2025-11-25T07:26:06","guid":{"rendered":"https:\/\/vivafertilis.lt\/sodui\/?post_type=product&#038;p=23149"},"modified":"2026-03-23T08:59:28","modified_gmt":"2026-03-23T08:59:28","slug":"biostimuliatorius-plant-stim-eco","status":"publish","type":"product","link":"https:\/\/vivafertilis.lt\/sodui\/product\/biostimuliatorius-plant-stim-eco\/","title":{"rendered":"Biostimuliatorius PLANT STIM ECO"},"content":{"rendered":"<p>Ekologinis biostimuliatorius. Greitesniam augal\u0173 atsigavimui po streso.<\/p>\n<p>Pirmoji pagalba augalui atsigauti po stresini\u0173 veiksni\u0173. Veikliosios med\u017eiagos stimuliuoja augal\u0173 regeneracij\u0105 ir vystym\u0105si. Rekomenduojama naudoti skurstantiems, persodintiems, u\u017emirkusiems, \u0161aln\u0173 arba sausros pa\u017eeistiems, pesticid\u0173, tr\u0105\u0161\u0173 ir saul\u0117s nudegintiems bei d\u0117l vis\u0173 kit\u0173 prie\u017eas\u010di\u0173 blogai augantiems augalams.<\/p>\n","protected":false},"excerpt":{"rendered":"<p>Ekologinis biostimuliatorius augal\u0173 atsistatymui po streso. Padeda grei\u010diau atsigauti pa\u017eeistiems, silpniems ar prastai augantiems augalams.<\/p>\n","protected":false},"featured_media":329,"comment_status":"open","ping_status":"closed","template":"","meta":{"_acf_changed":false},"product_brand":[],"product_cat":[255,25,20,23,16,26,17,27],"product_tag":[],"class_list":{"0":"post-23149","1":"product","2":"type-product","3":"status-publish","4":"has-post-thumbnail","6":"product_cat-prekes-su-nuolaida","7":"product_cat-darzovems","8":"product_cat-dekoratyviniams-augalams","9":"product_cat-gelems","10":"product_cat-medziams","11":"product_cat-universalios","12":"product_cat-uogoms","13":"product_cat-vejai","14":"pa_tipas-biostimuliatoriai","15":"pa_tipas-ekologiskos-trasos","16":"pa_tipas-organines-ir-mineralines-trasos","17":"pa_tipas-skystos-trasos","19":"first","20":"instock","21":"taxable","22":"shipping-taxable","23":"purchasable","24":"product-type-variable"},"acf":[],"_links":{"self":[{"href":"https:\/\/vivafertilis.lt\/sodui\/wp-json\/wp\/v2\/product\/23149","targetHints":{"allow":["GET"]}}],"collection":[{"href":"https:\/\/vivafertilis.lt\/sodui\/wp-json\/wp\/v2\/product"}],"about":[{"href":"https:\/\/vivafertilis.lt\/sodui\/wp-json\/wp\/v2\/types\/product"}],"replies":[{"embeddable":true,"href":"https:\/\/vivafertilis.lt\/sodui\/wp-json\/wp\/v2\/comments?post=23149"}],"version-history":[{"count":2,"href":"https:\/\/vivafertilis.lt\/sodui\/wp-json\/wp\/v2\/product\/23149\/revisions"}],"predecessor-version":[{"id":23156,"href":"https:\/\/vivafertilis.lt\/sodui\/wp-json\/wp\/v2\/product\/23149\/revisions\/23156"}],"wp:featuredmedia":[{"embeddable":true,"href":"https:\/\/vivafertilis.lt\/sodui\/wp-json\/wp\/v2\/media\/329"}],"wp:attachment":[{"href":"https:\/\/vivafertilis.lt\/sodui\/wp-json\/wp\/v2\/media?parent=23149"}],"wp:term":[{"taxonomy":"product_brand","embeddable":true,"href":"https:\/\/vivafertilis.lt\/sodui\/wp-json\/wp\/v2\/product_brand?post=23149"},{"taxonomy":"product_cat","embeddable":true,"href":"https:\/\/vivafertilis.lt\/sodui\/wp-json\/wp\/v2\/product_cat?post=23149"},{"taxonomy":"product_tag","embeddable":true,"href":"https:\/\/vivafertilis.lt\/sodui\/wp-json\/wp\/v2\/product_tag?post=23149"}],"curies":[{"name":"wp","href":"https:\/\/api.w.org\/{rel}","templated":true}]}}