{"id":22175,"date":"2025-09-15T06:42:17","date_gmt":"2025-09-15T06:42:17","guid":{"rendered":"https:\/\/vivafertilis.lt\/sodui\/?post_type=product&#038;p=22175"},"modified":"2026-03-20T05:04:53","modified_gmt":"2026-03-20T05:04:53","slug":"rudenines-trasos-vejoms-sodo-ir-darzo-augalams","status":"publish","type":"product","link":"https:\/\/vivafertilis.lt\/sodui\/product\/rudenines-trasos-vejoms-sodo-ir-darzo-augalams\/","title":{"rendered":"Rudenin\u0117s tr\u0105\u0161os vejoms, sodo ir dar\u017eo augalams"},"content":{"rendered":"<p>Organini\u0173-mineralini\u0173 granuliuot\u0173 tr\u0105\u0161\u0173 mi\u0161inys be chloro, praturtintas humin\u0117mis ir amino r\u016bg\u0161timis. Skirtas rudeniniam vej\u0173, sodo ir dar\u017eo augal\u0173 tr\u0119\u0161imui. Tr\u0105\u0161os stiprina \u0161aknyn\u0105, didina augal\u0173 atsparum\u0105 nepalankioms augimo s\u0105lygoms ir padeda jiems pasiruo\u0161ti \u017eiemojimui.<\/p>\n","protected":false},"excerpt":{"rendered":"<p>Rudenin\u0117s tr\u0105\u0161os vejoms, sodo ir dar\u017eo augalams stiprina \u0161aknyn\u0105, didina augal\u0173 atsparum\u0105 nepalankioms augimo s\u0105lygoms ir padeda jiems pasiruo\u0161ti \u017eiemojimui.<\/p>\n","protected":false},"featured_media":23388,"comment_status":"open","ping_status":"closed","template":"","meta":{"_acf_changed":false},"product_brand":[],"product_cat":[25,20,23,16,26,17,27],"product_tag":[],"class_list":{"0":"post-22175","1":"product","2":"type-product","3":"status-publish","4":"has-post-thumbnail","6":"product_cat-darzovems","7":"product_cat-dekoratyviniams-augalams","8":"product_cat-gelems","9":"product_cat-medziams","10":"product_cat-universalios","11":"product_cat-uogoms","12":"product_cat-vejai","13":"pa_tipas-granuliuotos-trasos","14":"pa_tipas-organines-ir-mineralines-trasos","16":"first","17":"instock","18":"taxable","19":"shipping-taxable","20":"purchasable","21":"product-type-variable"},"acf":[],"_links":{"self":[{"href":"https:\/\/vivafertilis.lt\/sodui\/wp-json\/wp\/v2\/product\/22175","targetHints":{"allow":["GET"]}}],"collection":[{"href":"https:\/\/vivafertilis.lt\/sodui\/wp-json\/wp\/v2\/product"}],"about":[{"href":"https:\/\/vivafertilis.lt\/sodui\/wp-json\/wp\/v2\/types\/product"}],"replies":[{"embeddable":true,"href":"https:\/\/vivafertilis.lt\/sodui\/wp-json\/wp\/v2\/comments?post=22175"}],"version-history":[{"count":2,"href":"https:\/\/vivafertilis.lt\/sodui\/wp-json\/wp\/v2\/product\/22175\/revisions"}],"predecessor-version":[{"id":22618,"href":"https:\/\/vivafertilis.lt\/sodui\/wp-json\/wp\/v2\/product\/22175\/revisions\/22618"}],"wp:featuredmedia":[{"embeddable":true,"href":"https:\/\/vivafertilis.lt\/sodui\/wp-json\/wp\/v2\/media\/23388"}],"wp:attachment":[{"href":"https:\/\/vivafertilis.lt\/sodui\/wp-json\/wp\/v2\/media?parent=22175"}],"wp:term":[{"taxonomy":"product_brand","embeddable":true,"href":"https:\/\/vivafertilis.lt\/sodui\/wp-json\/wp\/v2\/product_brand?post=22175"},{"taxonomy":"product_cat","embeddable":true,"href":"https:\/\/vivafertilis.lt\/sodui\/wp-json\/wp\/v2\/product_cat?post=22175"},{"taxonomy":"product_tag","embeddable":true,"href":"https:\/\/vivafertilis.lt\/sodui\/wp-json\/wp\/v2\/product_tag?post=22175"}],"curies":[{"name":"wp","href":"https:\/\/api.w.org\/{rel}","templated":true}]}}