{"id":22067,"date":"2025-08-12T16:43:03","date_gmt":"2025-08-12T16:43:03","guid":{"rendered":"https:\/\/vivafertilis.lt\/sodui\/?post_type=product&#038;p=22067"},"modified":"2026-03-23T08:57:12","modified_gmt":"2026-03-23T08:57:12","slug":"trasu-rinkinys-shpritz-garden-care-kit","status":"publish","type":"product","link":"https:\/\/vivafertilis.lt\/sodui\/product\/trasu-rinkinys-shpritz-garden-care-kit\/","title":{"rendered":"Tr\u0105\u0161\u0173 rinkinys SHPRITZ GARDEN CARE KIT"},"content":{"rendered":"<p>Bechlor\u0117s sodo tr\u0105\u0161os &#8211; puikus pasirinkimas siekiantiems efektyvumo.<\/p>\n<p>Kompakti\u0161kos, lengvai naudojamos tr\u0105\u0161\u0173 tablet\u0117s SHPRITZ TAB apr\u016bpina augalus reikiamomis ir tinkamai subalansuotomis maistin\u0117mis med\u017eiagomis vis\u0105 augal\u0173 augimo cikl\u0105.<\/p>\n<p>Tinka \u012fvairiems sodo augalams: dar\u017eov\u0117ms, uogoms, g\u0117l\u0117ms, kr\u016bmams, vaismed\u017eiams ir vaiskr\u016bmiams. Kiekviena tr\u0105\u0161\u0173 kategorija sukurta taip, kad tinkamai apr\u016bpint\u0173 augalus maistin\u0117mis med\u017eiagomis skirtingais j\u0173 augimo etapais.<\/p>\n<ul>\n<li><strong>STARTER \u2013 <\/strong>\u012fsi\u0161aknijimui ir prigijimui. Naudokite, kol augalai gerai \u012fsi\u0161aknys.<\/li>\n<li><strong>GROW \u2013 <\/strong>augimo skatinimui. Naudokite, kai augalai aktyviai auga.<\/li>\n<li><strong>BLOOM \u2013 <\/strong>\u017eyd\u0117jimui ir vaisi\u0173 formavimuisi. Naudokite \u017eyd\u0117jimo etape.<\/li>\n<li><strong>QUALITY \u2013 <\/strong>kokyb\u0117s gerinimui. Naudokite derliaus brandinimo faz\u0117je.<\/li>\n<\/ul>\n<p data-start=\"0\" data-end=\"86\">Pakuot\u0117je 4 t\u016bbel\u0117s po 14 table\u010di\u0173.<\/p>\n","protected":false},"excerpt":{"rendered":"<p>Kompakti\u0161kos, lengvai naudojamos tr\u0105\u0161\u0173 tablet\u0117s SHPRITZ TAB apr\u016bpina augalus reikiamomis ir tinkamai subalansuotomis maistin\u0117mis med\u017eiagomis vis\u0105 augal\u0173 augimo cikl\u0105.<\/p>\n","protected":false},"featured_media":22060,"comment_status":"open","ping_status":"closed","template":"","meta":{"_acf_changed":false},"product_brand":[],"product_cat":[255,25,20,23,16,26,17],"product_tag":[],"class_list":{"0":"post-22067","1":"product","2":"type-product","3":"status-publish","4":"has-post-thumbnail","6":"product_cat-prekes-su-nuolaida","7":"product_cat-darzovems","8":"product_cat-dekoratyviniams-augalams","9":"product_cat-gelems","10":"product_cat-medziams","11":"product_cat-universalios","12":"product_cat-uogoms","13":"pa_tipas-prekiu-rinkiniai","14":"pa_tipas-tirpios-trasos","16":"first","17":"instock","18":"sale","19":"taxable","20":"shipping-taxable","21":"purchasable","22":"product-type-simple"},"acf":[],"_links":{"self":[{"href":"https:\/\/vivafertilis.lt\/sodui\/wp-json\/wp\/v2\/product\/22067","targetHints":{"allow":["GET"]}}],"collection":[{"href":"https:\/\/vivafertilis.lt\/sodui\/wp-json\/wp\/v2\/product"}],"about":[{"href":"https:\/\/vivafertilis.lt\/sodui\/wp-json\/wp\/v2\/types\/product"}],"replies":[{"embeddable":true,"href":"https:\/\/vivafertilis.lt\/sodui\/wp-json\/wp\/v2\/comments?post=22067"}],"version-history":[{"count":1,"href":"https:\/\/vivafertilis.lt\/sodui\/wp-json\/wp\/v2\/product\/22067\/revisions"}],"predecessor-version":[{"id":22068,"href":"https:\/\/vivafertilis.lt\/sodui\/wp-json\/wp\/v2\/product\/22067\/revisions\/22068"}],"wp:featuredmedia":[{"embeddable":true,"href":"https:\/\/vivafertilis.lt\/sodui\/wp-json\/wp\/v2\/media\/22060"}],"wp:attachment":[{"href":"https:\/\/vivafertilis.lt\/sodui\/wp-json\/wp\/v2\/media?parent=22067"}],"wp:term":[{"taxonomy":"product_brand","embeddable":true,"href":"https:\/\/vivafertilis.lt\/sodui\/wp-json\/wp\/v2\/product_brand?post=22067"},{"taxonomy":"product_cat","embeddable":true,"href":"https:\/\/vivafertilis.lt\/sodui\/wp-json\/wp\/v2\/product_cat?post=22067"},{"taxonomy":"product_tag","embeddable":true,"href":"https:\/\/vivafertilis.lt\/sodui\/wp-json\/wp\/v2\/product_tag?post=22067"}],"curies":[{"name":"wp","href":"https:\/\/api.w.org\/{rel}","templated":true}]}}