{"id":22065,"date":"2025-12-10T16:38:48","date_gmt":"2025-12-10T16:38:48","guid":{"rendered":"https:\/\/vivafertilis.lt\/sodui\/?post_type=product&#038;p=22065"},"modified":"2026-03-25T07:08:16","modified_gmt":"2026-03-25T07:08:16","slug":"lapiniu-augalu-trasos-shpritz-leaf-tab","status":"publish","type":"product","link":"https:\/\/vivafertilis.lt\/sodui\/product\/lapiniu-augalu-trasos-shpritz-leaf-tab\/","title":{"rendered":"Lapini\u0173 augal\u0173 tr\u0105\u0161os SHPRITZ LEAF TAB"},"content":{"rendered":"<p><strong>SHPRITZ<\/strong> <strong>LEAF TAB <\/strong>tr\u0105\u0161\u0173 tablet\u0117s \u2013 tai efektyvus sprendimas lapini\u0173 augal\u0173 tr\u0119\u0161imui viso vegetacijos laikotarpiu. Jose esan\u010dios subalansuotos maistin\u0117s med\u017eiagos (azotas, fosforas, kalis) u\u017etikrina stipri\u0105 lapij\u0105, ve\u0161l\u0173 augim\u0105 ir ger\u0105 augal\u0173 i\u0161vaizd\u0105.<\/p>\n<p>Pakuot\u0117je 14 table\u010di\u0173.<\/p>\n","protected":false},"excerpt":{"rendered":"<p>Inovatyvios, lengvai tirpstan\u010dios tablet\u0117s \u2013 patogus ir tikslus b\u016bdas lapini\u0173 augal\u0173 tr\u0119\u0161imui, kad apr\u016bpinti juos visomis reikalingomis maistin\u0117mis med\u017eiagomis.<\/p>\n","protected":false},"featured_media":22059,"comment_status":"open","ping_status":"closed","template":"","meta":{"_acf_changed":false},"product_brand":[],"product_cat":[23],"product_tag":[],"class_list":{"0":"post-22065","1":"product","2":"type-product","3":"status-publish","4":"has-post-thumbnail","6":"product_cat-gelems","7":"pa_tipas-tirpios-trasos","9":"first","10":"outofstock","11":"featured","12":"taxable","13":"shipping-taxable","14":"purchasable","15":"product-type-simple"},"acf":[],"_links":{"self":[{"href":"https:\/\/vivafertilis.lt\/sodui\/wp-json\/wp\/v2\/product\/22065","targetHints":{"allow":["GET"]}}],"collection":[{"href":"https:\/\/vivafertilis.lt\/sodui\/wp-json\/wp\/v2\/product"}],"about":[{"href":"https:\/\/vivafertilis.lt\/sodui\/wp-json\/wp\/v2\/types\/product"}],"replies":[{"embeddable":true,"href":"https:\/\/vivafertilis.lt\/sodui\/wp-json\/wp\/v2\/comments?post=22065"}],"version-history":[{"count":1,"href":"https:\/\/vivafertilis.lt\/sodui\/wp-json\/wp\/v2\/product\/22065\/revisions"}],"predecessor-version":[{"id":22066,"href":"https:\/\/vivafertilis.lt\/sodui\/wp-json\/wp\/v2\/product\/22065\/revisions\/22066"}],"wp:featuredmedia":[{"embeddable":true,"href":"https:\/\/vivafertilis.lt\/sodui\/wp-json\/wp\/v2\/media\/22059"}],"wp:attachment":[{"href":"https:\/\/vivafertilis.lt\/sodui\/wp-json\/wp\/v2\/media?parent=22065"}],"wp:term":[{"taxonomy":"product_brand","embeddable":true,"href":"https:\/\/vivafertilis.lt\/sodui\/wp-json\/wp\/v2\/product_brand?post=22065"},{"taxonomy":"product_cat","embeddable":true,"href":"https:\/\/vivafertilis.lt\/sodui\/wp-json\/wp\/v2\/product_cat?post=22065"},{"taxonomy":"product_tag","embeddable":true,"href":"https:\/\/vivafertilis.lt\/sodui\/wp-json\/wp\/v2\/product_tag?post=22065"}],"curies":[{"name":"wp","href":"https:\/\/api.w.org\/{rel}","templated":true}]}}