{"id":22063,"date":"2025-08-12T16:36:45","date_gmt":"2025-08-12T16:36:45","guid":{"rendered":"https:\/\/vivafertilis.lt\/sodui\/?post_type=product&#038;p=22063"},"modified":"2026-02-23T09:08:57","modified_gmt":"2026-02-23T09:08:57","slug":"darzoviu-trasos-shpritz-veggie-tab","status":"publish","type":"product","link":"https:\/\/vivafertilis.lt\/sodui\/product\/darzoviu-trasos-shpritz-veggie-tab\/","title":{"rendered":"Dar\u017eovi\u0173 tr\u0105\u0161os SHPRITZ VEGGIE TAB"},"content":{"rendered":"<p><strong>SHPRITZ VEGGIE TAB<\/strong> \u2013 tai efektyvus sprendimas dar\u017eovi\u0173 tr\u0119\u0161imui viso vegetacijos laikotarpiu.<\/p>\n<p>Jose esan\u010dios subalansuotos maistin\u0117s med\u017eiagos (azotas, fosforas, kalis) \u00a0skirtos skatinti dar\u017eovi\u0173 augim\u0105, \u017eyd\u0117jim\u0105 ir gausesn\u012f bei kokybi\u0161kesn\u012f derli\u0173.<\/p>\n<p data-start=\"0\" data-end=\"277\">Pakuot\u0117je 14 table\u010di\u0173.<\/p>\n","protected":false},"excerpt":{"rendered":"<p>Inovatyvios, lengvai tirpstan\u010dios tablet\u0117s \u2013 patogus ir tikslus b\u016bdas dar\u017eovi\u0173 tr\u0119\u0161imui, kad apr\u016bpinti jas visomis reikalingomis maistin\u0117mis med\u017eiagomis.<\/p>\n","protected":false},"featured_media":22061,"comment_status":"open","ping_status":"closed","template":"","meta":{"_acf_changed":false},"product_brand":[],"product_cat":[25],"product_tag":[],"class_list":{"0":"post-22063","1":"product","2":"type-product","3":"status-publish","4":"has-post-thumbnail","6":"product_cat-darzovems","7":"pa_tipas-tirpios-trasos","9":"first","10":"instock","11":"taxable","12":"shipping-taxable","13":"purchasable","14":"product-type-simple"},"acf":[],"_links":{"self":[{"href":"https:\/\/vivafertilis.lt\/sodui\/wp-json\/wp\/v2\/product\/22063","targetHints":{"allow":["GET"]}}],"collection":[{"href":"https:\/\/vivafertilis.lt\/sodui\/wp-json\/wp\/v2\/product"}],"about":[{"href":"https:\/\/vivafertilis.lt\/sodui\/wp-json\/wp\/v2\/types\/product"}],"replies":[{"embeddable":true,"href":"https:\/\/vivafertilis.lt\/sodui\/wp-json\/wp\/v2\/comments?post=22063"}],"version-history":[{"count":1,"href":"https:\/\/vivafertilis.lt\/sodui\/wp-json\/wp\/v2\/product\/22063\/revisions"}],"predecessor-version":[{"id":22064,"href":"https:\/\/vivafertilis.lt\/sodui\/wp-json\/wp\/v2\/product\/22063\/revisions\/22064"}],"wp:featuredmedia":[{"embeddable":true,"href":"https:\/\/vivafertilis.lt\/sodui\/wp-json\/wp\/v2\/media\/22061"}],"wp:attachment":[{"href":"https:\/\/vivafertilis.lt\/sodui\/wp-json\/wp\/v2\/media?parent=22063"}],"wp:term":[{"taxonomy":"product_brand","embeddable":true,"href":"https:\/\/vivafertilis.lt\/sodui\/wp-json\/wp\/v2\/product_brand?post=22063"},{"taxonomy":"product_cat","embeddable":true,"href":"https:\/\/vivafertilis.lt\/sodui\/wp-json\/wp\/v2\/product_cat?post=22063"},{"taxonomy":"product_tag","embeddable":true,"href":"https:\/\/vivafertilis.lt\/sodui\/wp-json\/wp\/v2\/product_tag?post=22063"}],"curies":[{"name":"wp","href":"https:\/\/api.w.org\/{rel}","templated":true}]}}