{"id":22057,"date":"2025-08-12T16:36:36","date_gmt":"2025-08-12T16:36:36","guid":{"rendered":"https:\/\/vivafertilis.lt\/sodui\/?post_type=product&#038;p=22057"},"modified":"2026-03-25T07:09:32","modified_gmt":"2026-03-25T07:09:32","slug":"zydinciu-augalu-trasos-shpritz-bloom-tab","status":"publish","type":"product","link":"https:\/\/vivafertilis.lt\/sodui\/product\/zydinciu-augalu-trasos-shpritz-bloom-tab\/","title":{"rendered":"\u017dydin\u010di\u0173 augal\u0173 tr\u0105\u0161os SHPRITZ  BLOOM TAB"},"content":{"rendered":"<p><strong>SHPRITZ BLOOM TAB <\/strong>tr\u0105\u0161\u0173 tablet\u0117s \u2013 tai efektyvus sprendimas \u017eydin\u010di\u0173 augal\u0173 tr\u0119\u0161imui viso vegetacijos laikotarpiu. Jose esan\u010dios subalansuotos maistin\u0117s med\u017eiagos (azotas, fosforas, kalis) skatina gaus\u0173 \u017eied\u0173 formavim\u0105si, \u017eyd\u0117jimo intensyvum\u0105, spalv\u0173 sodrum\u0105 ir ilgai i\u0161liekant\u012f gro\u017e\u012f.<\/p>\n<p data-start=\"0\" data-end=\"319\">Pakuot\u0117je 14 table\u010di\u0173.<\/p>\n","protected":false},"excerpt":{"rendered":"<p>Inovatyvios, lengvai tirpstan\u010dios tablet\u0117s \u2013 patogus ir tikslus b\u016bdas \u017eydin\u010di\u0173 augal\u0173 tr\u0119\u0161imui, kad apr\u016bpinti juos visomis reikalingomis maistin\u0117mis med\u017eiagomis.<\/p>\n","protected":false},"featured_media":23011,"comment_status":"open","ping_status":"closed","template":"","meta":{"_acf_changed":false},"product_brand":[],"product_cat":[23],"product_tag":[],"class_list":{"0":"post-22057","1":"product","2":"type-product","3":"status-publish","4":"has-post-thumbnail","6":"product_cat-gelems","7":"pa_tipas-tirpios-trasos","9":"first","10":"outofstock","11":"taxable","12":"shipping-taxable","13":"purchasable","14":"product-type-simple"},"acf":[],"_links":{"self":[{"href":"https:\/\/vivafertilis.lt\/sodui\/wp-json\/wp\/v2\/product\/22057","targetHints":{"allow":["GET"]}}],"collection":[{"href":"https:\/\/vivafertilis.lt\/sodui\/wp-json\/wp\/v2\/product"}],"about":[{"href":"https:\/\/vivafertilis.lt\/sodui\/wp-json\/wp\/v2\/types\/product"}],"replies":[{"embeddable":true,"href":"https:\/\/vivafertilis.lt\/sodui\/wp-json\/wp\/v2\/comments?post=22057"}],"version-history":[{"count":1,"href":"https:\/\/vivafertilis.lt\/sodui\/wp-json\/wp\/v2\/product\/22057\/revisions"}],"predecessor-version":[{"id":22062,"href":"https:\/\/vivafertilis.lt\/sodui\/wp-json\/wp\/v2\/product\/22057\/revisions\/22062"}],"wp:featuredmedia":[{"embeddable":true,"href":"https:\/\/vivafertilis.lt\/sodui\/wp-json\/wp\/v2\/media\/23011"}],"wp:attachment":[{"href":"https:\/\/vivafertilis.lt\/sodui\/wp-json\/wp\/v2\/media?parent=22057"}],"wp:term":[{"taxonomy":"product_brand","embeddable":true,"href":"https:\/\/vivafertilis.lt\/sodui\/wp-json\/wp\/v2\/product_brand?post=22057"},{"taxonomy":"product_cat","embeddable":true,"href":"https:\/\/vivafertilis.lt\/sodui\/wp-json\/wp\/v2\/product_cat?post=22057"},{"taxonomy":"product_tag","embeddable":true,"href":"https:\/\/vivafertilis.lt\/sodui\/wp-json\/wp\/v2\/product_tag?post=22057"}],"curies":[{"name":"wp","href":"https:\/\/api.w.org\/{rel}","templated":true}]}}