{"id":22020,"date":"2025-08-05T13:11:23","date_gmt":"2025-08-05T13:11:23","guid":{"rendered":"https:\/\/vivafertilis.lt\/sodui\/?post_type=product&#038;p=22020"},"modified":"2026-03-23T08:51:43","modified_gmt":"2026-03-23T08:51:43","slug":"plant-stim-eco-universalios-05-l-05-l","status":"publish","type":"product","link":"https:\/\/vivafertilis.lt\/sodui\/product\/plant-stim-eco-universalios-05-l-05-l\/","title":{"rendered":"PLANT STIM ECO + UNIVERSALIOS (0,5 l + 0,5 l)"},"content":{"rendered":"<p>Augimo skatinimo ir universalios prie\u017ei\u016bros rinkinys.<\/p>\n<p>Rinkinys skirtas pagerinti augal\u0173 atsparum\u0105 stresui ir u\u017etikrinti optimal\u0173 maistini\u0173 med\u017eiag\u0173 tiekim\u0105 augimo metu. Puikiai tinka stiprinti \u0161akn\u0173 sistem\u0105 ir skatinti sveik\u0105, subalansuot\u0105 augim\u0105.<\/p>\n<p><strong>PLANT STIM<\/strong> <strong>ECO<\/strong> \u2013 greito poveikio pagalba augalams po streso. Skatina regeneracij\u0105, gerina maistini\u0173 med\u017eiag\u0173 \u012fsisavinim\u0105 ir aktyvina nat\u016bral\u0173 augalo gyvybingum\u0105.<\/p>\n<p><strong>UNIVERSALIOS tr\u0105\u0161os<\/strong> \u2013 subalansuotos tr\u0105\u0161os, tinkamos \u012fvairiems augalams. Skatina \u0161akn\u0173 augim\u0105, \u017eyd\u0117jim\u0105, vaisi\u0173 mezgim\u0105 bei gerina augal\u0173 maistin\u0119 vert\u0119 ir atsparum\u0105.<\/p>\n","protected":false},"excerpt":{"rendered":"<article class=\"text-token-text-primary w-full focus:outline-none scroll-mt-[calc(var(--header-height)+min(200px,max(70px,20svh)))]\" dir=\"auto\" tabindex=\"-1\" data-testid=\"conversation-turn-78\" data-scroll-anchor=\"true\" data-turn=\"assistant\">\n<div class=\"text-base my-auto mx-auto pb-10 [--thread-content-margin:--spacing(4)] @[37rem]:[--thread-content-margin:--spacing(6)] @[72rem]:[--thread-content-margin:--spacing(16)] px-(--thread-content-margin)\">\n<div class=\"[--thread-content-max-width:32rem] @[34rem]:[--thread-content-max-width:40rem] @[64rem]:[--thread-content-max-width:48rem] mx-auto max-w-(--thread-content-max-width) flex-1 group\/turn-messages focus-visible:outline-hidden relative flex w-full min-w-0 flex-col agent-turn\" tabindex=\"-1\">\n<div class=\"flex max-w-full flex-col grow\">\n<div class=\"min-h-8 text-message relative flex w-full flex-col items-end gap-2 text-start break-words whitespace-normal [.text-message+&amp;]:mt-5\" dir=\"auto\" data-message-author-role=\"assistant\" data-message-id=\"0a102653-36be-409f-a4a0-4cb78f8a9e55\" data-message-model-slug=\"gpt-4o\">\n<div class=\"flex w-full flex-col gap-1 empty:hidden first:pt-[3px]\">\n<div class=\"markdown prose dark:prose-invert w-full break-words dark markdown-new-styling\">\n<p data-start=\"0\" data-end=\"191\" data-is-last-node=\"\" data-is-only-node=\"\">Rinkinys augal\u0173 augimui ir atsparumui stiprinti. PLANT STIM padeda po streso, aktyvina augim\u0105, o universalios tr\u0105\u0161os u\u017etikrina visapusi\u0161k\u0105 mityb\u0105 ir sveik\u0105 vystym\u0105si.<\/p>\n<\/div>\n<\/div>\n<\/div>\n<\/div>\n<\/div>\n<\/div>\n<\/article>\n<div class=\"pointer-events-none h-px w-px\" aria-hidden=\"true\" data-edge=\"true\"><\/div>\n","protected":false},"featured_media":22013,"comment_status":"open","ping_status":"closed","template":"","meta":{"_acf_changed":false},"product_brand":[],"product_cat":[255,25,20,23,16,26,17,27],"product_tag":[],"class_list":{"0":"post-22020","1":"product","2":"type-product","3":"status-publish","4":"has-post-thumbnail","6":"product_cat-prekes-su-nuolaida","7":"product_cat-darzovems","8":"product_cat-dekoratyviniams-augalams","9":"product_cat-gelems","10":"product_cat-medziams","11":"product_cat-universalios","12":"product_cat-uogoms","13":"product_cat-vejai","14":"pa_tipas-biostimuliatoriai","15":"pa_tipas-organines-ir-mineralines-trasos","16":"pa_tipas-prekiu-rinkiniai","17":"pa_tipas-skystos-trasos","19":"first","20":"instock","21":"taxable","22":"shipping-taxable","23":"purchasable","24":"product-type-simple"},"acf":[],"_links":{"self":[{"href":"https:\/\/vivafertilis.lt\/sodui\/wp-json\/wp\/v2\/product\/22020","targetHints":{"allow":["GET"]}}],"collection":[{"href":"https:\/\/vivafertilis.lt\/sodui\/wp-json\/wp\/v2\/product"}],"about":[{"href":"https:\/\/vivafertilis.lt\/sodui\/wp-json\/wp\/v2\/types\/product"}],"replies":[{"embeddable":true,"href":"https:\/\/vivafertilis.lt\/sodui\/wp-json\/wp\/v2\/comments?post=22020"}],"version-history":[{"count":1,"href":"https:\/\/vivafertilis.lt\/sodui\/wp-json\/wp\/v2\/product\/22020\/revisions"}],"predecessor-version":[{"id":22021,"href":"https:\/\/vivafertilis.lt\/sodui\/wp-json\/wp\/v2\/product\/22020\/revisions\/22021"}],"wp:featuredmedia":[{"embeddable":true,"href":"https:\/\/vivafertilis.lt\/sodui\/wp-json\/wp\/v2\/media\/22013"}],"wp:attachment":[{"href":"https:\/\/vivafertilis.lt\/sodui\/wp-json\/wp\/v2\/media?parent=22020"}],"wp:term":[{"taxonomy":"product_brand","embeddable":true,"href":"https:\/\/vivafertilis.lt\/sodui\/wp-json\/wp\/v2\/product_brand?post=22020"},{"taxonomy":"product_cat","embeddable":true,"href":"https:\/\/vivafertilis.lt\/sodui\/wp-json\/wp\/v2\/product_cat?post=22020"},{"taxonomy":"product_tag","embeddable":true,"href":"https:\/\/vivafertilis.lt\/sodui\/wp-json\/wp\/v2\/product_tag?post=22020"}],"curies":[{"name":"wp","href":"https:\/\/api.w.org\/{rel}","templated":true}]}}