{"id":22018,"date":"2025-08-05T11:21:39","date_gmt":"2025-08-05T11:21:39","guid":{"rendered":"https:\/\/vivafertilis.lt\/sodui\/?post_type=product&#038;p=22018"},"modified":"2026-03-23T08:51:31","modified_gmt":"2026-03-23T08:51:31","slug":"trasos-gelems-universalios-05-l-05-l","status":"publish","type":"product","link":"https:\/\/vivafertilis.lt\/sodui\/product\/trasos-gelems-universalios-05-l-05-l\/","title":{"rendered":"TR\u0104\u0160OS G\u0116L\u0116MS + UNIVERSALIOS (0,5 l+ 0,5 l)"},"content":{"rendered":"<p>G\u0117li\u0173 \u017eyd\u0117jimo ir universalios prie\u017ei\u016bros rinkinys.<\/p>\n<p>Rinkinys skirtas kambarini\u0173, balkonini\u0173 ir lauko g\u0117li\u0173 bei kit\u0173 augal\u0173 prie\u017ei\u016brai, kad jie augt\u0173 sveiki, stipr\u016bs ir gausiai \u017eyd\u0117t\u0173. Puikus derinys, u\u017etikrinantis tiek dekoratyvumo, tiek bendro augimo palaikym\u0105.<\/p>\n<p><strong>Tr\u0105\u0161os G\u0116L\u0116MS<\/strong> \u2013 subalansuotos kompleksin\u0117s tr\u0105\u0161os su j\u016bros dumbli\u0173 ekstraktu ir mikroelementais. Skatina gaus\u0173 \u017eyd\u0117jim\u0105, stiprina \u0161akn\u0173 sistem\u0105 ir i\u0161ry\u0161kina \u017eied\u0173 spalvas.<\/p>\n<p><strong>Tr\u0105\u0161os UNIVERSALIOS<\/strong> \u2013 subalansuotos tr\u0105\u0161os, tinkamos \u012fvairiems augalams. Skatina \u0161akn\u0173 augim\u0105, \u017eyd\u0117jim\u0105, vaisi\u0173 mezgim\u0105 bei gerina augal\u0173 maistin\u0119 vert\u0119 ir atsparum\u0105.<\/p>\n","protected":false},"excerpt":{"rendered":"<p>Universalus rinkinys g\u0117l\u0117ms ir kitiems augalams \u2013 sveikam augimui, gausiam \u017eyd\u0117jimui ir dekoratyvumui.<\/p>\n","protected":false},"featured_media":22012,"comment_status":"open","ping_status":"closed","template":"","meta":{"_acf_changed":false},"product_brand":[],"product_cat":[255,23,26],"product_tag":[],"class_list":{"0":"post-22018","1":"product","2":"type-product","3":"status-publish","4":"has-post-thumbnail","6":"product_cat-prekes-su-nuolaida","7":"product_cat-gelems","8":"product_cat-universalios","9":"pa_tipas-organines-ir-mineralines-trasos","10":"pa_tipas-prekiu-rinkiniai","11":"pa_tipas-skystos-trasos","13":"first","14":"instock","15":"taxable","16":"shipping-taxable","17":"purchasable","18":"product-type-simple"},"acf":[],"_links":{"self":[{"href":"https:\/\/vivafertilis.lt\/sodui\/wp-json\/wp\/v2\/product\/22018","targetHints":{"allow":["GET"]}}],"collection":[{"href":"https:\/\/vivafertilis.lt\/sodui\/wp-json\/wp\/v2\/product"}],"about":[{"href":"https:\/\/vivafertilis.lt\/sodui\/wp-json\/wp\/v2\/types\/product"}],"replies":[{"embeddable":true,"href":"https:\/\/vivafertilis.lt\/sodui\/wp-json\/wp\/v2\/comments?post=22018"}],"version-history":[{"count":2,"href":"https:\/\/vivafertilis.lt\/sodui\/wp-json\/wp\/v2\/product\/22018\/revisions"}],"predecessor-version":[{"id":23334,"href":"https:\/\/vivafertilis.lt\/sodui\/wp-json\/wp\/v2\/product\/22018\/revisions\/23334"}],"wp:featuredmedia":[{"embeddable":true,"href":"https:\/\/vivafertilis.lt\/sodui\/wp-json\/wp\/v2\/media\/22012"}],"wp:attachment":[{"href":"https:\/\/vivafertilis.lt\/sodui\/wp-json\/wp\/v2\/media?parent=22018"}],"wp:term":[{"taxonomy":"product_brand","embeddable":true,"href":"https:\/\/vivafertilis.lt\/sodui\/wp-json\/wp\/v2\/product_brand?post=22018"},{"taxonomy":"product_cat","embeddable":true,"href":"https:\/\/vivafertilis.lt\/sodui\/wp-json\/wp\/v2\/product_cat?post=22018"},{"taxonomy":"product_tag","embeddable":true,"href":"https:\/\/vivafertilis.lt\/sodui\/wp-json\/wp\/v2\/product_tag?post=22018"}],"curies":[{"name":"wp","href":"https:\/\/api.w.org\/{rel}","templated":true}]}}