{"id":22010,"date":"2025-08-05T10:44:17","date_gmt":"2025-08-05T10:44:17","guid":{"rendered":"https:\/\/vivafertilis.lt\/sodui\/?post_type=product&#038;p=22010"},"modified":"2026-03-23T08:51:22","modified_gmt":"2026-03-23T08:51:22","slug":"trasos-gelems-humiroot-05-l-05-l","status":"publish","type":"product","link":"https:\/\/vivafertilis.lt\/sodui\/product\/trasos-gelems-humiroot-05-l-05-l\/","title":{"rendered":"TR\u0104\u0160OS G\u0116L\u0116MS + HUMIROOT (0,5 l+ 0,5 l)"},"content":{"rendered":"<p>G\u0117li\u0173 \u017eyd\u0117jimo ir \u0161akn\u0173 stiprinimo rinkinys<\/p>\n<p>\u0160is rinkinys sukurtas kambarini\u0173, balkonini\u0173 ir lauko g\u0117li\u0173 prie\u017ei\u016brai, kai norisi gausesnio \u017eyd\u0117jimo, ry\u0161kesni\u0173 spalv\u0173 ir stipresn\u0117s \u0161akn\u0173 sistemos. Puikiai tinka tiek naujai pasodintoms, tiek jau augan\u010dioms g\u0117l\u0117ms.<\/p>\n<p><strong>Tr\u0105\u0161os G\u0116L\u0116MS<\/strong> \u2013 subalansuotos kompleksin\u0117s tr\u0105\u0161os su j\u016bros dumbli\u0173 ekstraktu ir mikroelementais. Skatina gaus\u0173 \u017eyd\u0117jim\u0105, stiprina \u0161akn\u0173 sistem\u0105 ir i\u0161ry\u0161kina \u017eied\u0173 spalvas.<\/p>\n<p><strong>HUMIROOT<\/strong> \u2013 biostimuliatorius, skatinantis intensyv\u0173 \u0161akn\u0173 augim\u0105, gerinantis maistini\u0173 med\u017eiag\u0173 \u012fsisavinim\u0105 ir padedantis augalams lengviau prigyti net skurd\u017eiose dirvose.<\/p>\n","protected":false},"excerpt":{"rendered":"<p>Rinkinys g\u0117l\u0117ms \u2013 gausesniam \u017eyd\u0117jimui, ry\u0161kesn\u0117ms spalvoms ir stipresn\u0117ms \u0161aknims. Sud\u0117tyje \u2013 tr\u0105\u0161os su j\u016bros dumbliais ir \u0161akn\u0173 biostimuliatorius HUMIROOT. Tinka vis\u0173 tip\u0173 g\u0117l\u0117ms.<\/p>\n","protected":false},"featured_media":22015,"comment_status":"open","ping_status":"closed","template":"","meta":{"_acf_changed":false},"product_brand":[],"product_cat":[23,255],"product_tag":[],"class_list":{"0":"post-22010","1":"product","2":"type-product","3":"status-publish","4":"has-post-thumbnail","6":"product_cat-gelems","7":"product_cat-prekes-su-nuolaida","8":"pa_tipas-biostimuliatoriai","9":"pa_tipas-organines-ir-mineralines-trasos","10":"pa_tipas-prekiu-rinkiniai","11":"pa_tipas-skystos-trasos","13":"first","14":"instock","15":"taxable","16":"shipping-taxable","17":"purchasable","18":"product-type-simple"},"acf":[],"_links":{"self":[{"href":"https:\/\/vivafertilis.lt\/sodui\/wp-json\/wp\/v2\/product\/22010","targetHints":{"allow":["GET"]}}],"collection":[{"href":"https:\/\/vivafertilis.lt\/sodui\/wp-json\/wp\/v2\/product"}],"about":[{"href":"https:\/\/vivafertilis.lt\/sodui\/wp-json\/wp\/v2\/types\/product"}],"replies":[{"embeddable":true,"href":"https:\/\/vivafertilis.lt\/sodui\/wp-json\/wp\/v2\/comments?post=22010"}],"version-history":[{"count":2,"href":"https:\/\/vivafertilis.lt\/sodui\/wp-json\/wp\/v2\/product\/22010\/revisions"}],"predecessor-version":[{"id":22017,"href":"https:\/\/vivafertilis.lt\/sodui\/wp-json\/wp\/v2\/product\/22010\/revisions\/22017"}],"wp:featuredmedia":[{"embeddable":true,"href":"https:\/\/vivafertilis.lt\/sodui\/wp-json\/wp\/v2\/media\/22015"}],"wp:attachment":[{"href":"https:\/\/vivafertilis.lt\/sodui\/wp-json\/wp\/v2\/media?parent=22010"}],"wp:term":[{"taxonomy":"product_brand","embeddable":true,"href":"https:\/\/vivafertilis.lt\/sodui\/wp-json\/wp\/v2\/product_brand?post=22010"},{"taxonomy":"product_cat","embeddable":true,"href":"https:\/\/vivafertilis.lt\/sodui\/wp-json\/wp\/v2\/product_cat?post=22010"},{"taxonomy":"product_tag","embeddable":true,"href":"https:\/\/vivafertilis.lt\/sodui\/wp-json\/wp\/v2\/product_tag?post=22010"}],"curies":[{"name":"wp","href":"https:\/\/api.w.org\/{rel}","templated":true}]}}