{"id":22007,"date":"2025-08-05T10:28:12","date_gmt":"2025-08-05T10:28:12","guid":{"rendered":"https:\/\/vivafertilis.lt\/sodui\/?post_type=product&#038;p=22007"},"modified":"2026-03-20T04:33:34","modified_gmt":"2026-03-20T04:33:34","slug":"purskiamas-sodo-tepalas-protector-4tree-500-ml","status":"publish","type":"product","link":"https:\/\/vivafertilis.lt\/sodui\/product\/purskiamas-sodo-tepalas-protector-4tree-500-ml\/","title":{"rendered":"Pur\u0161kiamas sodo tepalas PROTECTOR 4TREE, 500 ml"},"content":{"rendered":"<p>Sodo tepalo aerozolis skirtas apsaugoti med\u017ei\u0173, kr\u016bm\u0173 ir bons\u0173 \u017eaizdas po gen\u0117jimo, skiepijimo, pa\u017eeidim\u0173 bei \u017eiev\u0117s \u012ftr\u016bkim\u0173.<\/p>\n","protected":false},"excerpt":{"rendered":"<p>Sodo tepalo aerozolis skirtas apsaugoti med\u017ei\u0173, kr\u016bm\u0173 ir bons\u0173 \u017eaizdas po gen\u0117jimo, skiepijimo, pa\u017eeidim\u0173 bei \u017eiev\u0117s \u012ftr\u016bkim\u0173.<\/p>\n","protected":false},"featured_media":22008,"comment_status":"open","ping_status":"closed","template":"","meta":{"_acf_changed":false},"product_brand":[],"product_cat":[20,16],"product_tag":[],"class_list":{"0":"post-22007","1":"product","2":"type-product","3":"status-publish","4":"has-post-thumbnail","6":"product_cat-dekoratyviniams-augalams","7":"product_cat-medziams","8":"pa_tipas-kiti-produktai","10":"first","11":"instock","12":"taxable","13":"shipping-taxable","14":"purchasable","15":"product-type-simple"},"acf":[],"_links":{"self":[{"href":"https:\/\/vivafertilis.lt\/sodui\/wp-json\/wp\/v2\/product\/22007","targetHints":{"allow":["GET"]}}],"collection":[{"href":"https:\/\/vivafertilis.lt\/sodui\/wp-json\/wp\/v2\/product"}],"about":[{"href":"https:\/\/vivafertilis.lt\/sodui\/wp-json\/wp\/v2\/types\/product"}],"replies":[{"embeddable":true,"href":"https:\/\/vivafertilis.lt\/sodui\/wp-json\/wp\/v2\/comments?post=22007"}],"version-history":[{"count":1,"href":"https:\/\/vivafertilis.lt\/sodui\/wp-json\/wp\/v2\/product\/22007\/revisions"}],"predecessor-version":[{"id":22009,"href":"https:\/\/vivafertilis.lt\/sodui\/wp-json\/wp\/v2\/product\/22007\/revisions\/22009"}],"wp:featuredmedia":[{"embeddable":true,"href":"https:\/\/vivafertilis.lt\/sodui\/wp-json\/wp\/v2\/media\/22008"}],"wp:attachment":[{"href":"https:\/\/vivafertilis.lt\/sodui\/wp-json\/wp\/v2\/media?parent=22007"}],"wp:term":[{"taxonomy":"product_brand","embeddable":true,"href":"https:\/\/vivafertilis.lt\/sodui\/wp-json\/wp\/v2\/product_brand?post=22007"},{"taxonomy":"product_cat","embeddable":true,"href":"https:\/\/vivafertilis.lt\/sodui\/wp-json\/wp\/v2\/product_cat?post=22007"},{"taxonomy":"product_tag","embeddable":true,"href":"https:\/\/vivafertilis.lt\/sodui\/wp-json\/wp\/v2\/product_tag?post=22007"}],"curies":[{"name":"wp","href":"https:\/\/api.w.org\/{rel}","templated":true}]}}