{"id":22004,"date":"2025-08-05T10:21:23","date_gmt":"2025-08-05T10:21:23","guid":{"rendered":"https:\/\/vivafertilis.lt\/sodui\/?post_type=product&#038;p=22004"},"modified":"2026-03-20T05:06:43","modified_gmt":"2026-03-20T05:06:43","slug":"tirpios-trasos-kambarinems-ir-lauko-gelems-1-kg","status":"publish","type":"product","link":"https:\/\/vivafertilis.lt\/sodui\/product\/tirpios-trasos-kambarinems-ir-lauko-gelems-1-kg\/","title":{"rendered":"Tirpios tr\u0105\u0161os kambarin\u0117ms ir lauko g\u0117l\u0117ms, 1 kg"},"content":{"rendered":"<p>Organin\u0117s-mineralin\u0117s, 100 % tirpios tr\u0105\u0161os su j\u016bros dumbliais, makro- ir mikroelementais (be chloro), skirtos ro\u017ei\u0173 kr\u016bmams, g\u0117l\u0117ms ir dekoratyviniams augalams, j\u0173 daigams ir sodinukams tr\u0119\u0161ti.<\/p>\n","protected":false},"excerpt":{"rendered":"<p>Organin\u0117s-mineralin\u0117s, 100 % tirpios tr\u0105\u0161os su j\u016bros dumbliais, makro- ir mikroelementais (be chloro), skirtos ro\u017ei\u0173 kr\u016bmams, g\u0117l\u0117ms ir dekoratyviniams augalams, j\u0173 daigams ir sodinukams tr\u0119\u0161ti.<\/p>\n","protected":false},"featured_media":22002,"comment_status":"open","ping_status":"closed","template":"","meta":{"_acf_changed":false},"product_brand":[],"product_cat":[23],"product_tag":[],"class_list":{"0":"post-22004","1":"product","2":"type-product","3":"status-publish","4":"has-post-thumbnail","6":"product_cat-gelems","7":"pa_tipas-organines-ir-mineralines-trasos","8":"pa_tipas-tirpios-trasos","10":"first","11":"instock","12":"taxable","13":"shipping-taxable","14":"purchasable","15":"product-type-simple"},"acf":[],"_links":{"self":[{"href":"https:\/\/vivafertilis.lt\/sodui\/wp-json\/wp\/v2\/product\/22004","targetHints":{"allow":["GET"]}}],"collection":[{"href":"https:\/\/vivafertilis.lt\/sodui\/wp-json\/wp\/v2\/product"}],"about":[{"href":"https:\/\/vivafertilis.lt\/sodui\/wp-json\/wp\/v2\/types\/product"}],"replies":[{"embeddable":true,"href":"https:\/\/vivafertilis.lt\/sodui\/wp-json\/wp\/v2\/comments?post=22004"}],"version-history":[{"count":2,"href":"https:\/\/vivafertilis.lt\/sodui\/wp-json\/wp\/v2\/product\/22004\/revisions"}],"predecessor-version":[{"id":22032,"href":"https:\/\/vivafertilis.lt\/sodui\/wp-json\/wp\/v2\/product\/22004\/revisions\/22032"}],"wp:featuredmedia":[{"embeddable":true,"href":"https:\/\/vivafertilis.lt\/sodui\/wp-json\/wp\/v2\/media\/22002"}],"wp:attachment":[{"href":"https:\/\/vivafertilis.lt\/sodui\/wp-json\/wp\/v2\/media?parent=22004"}],"wp:term":[{"taxonomy":"product_brand","embeddable":true,"href":"https:\/\/vivafertilis.lt\/sodui\/wp-json\/wp\/v2\/product_brand?post=22004"},{"taxonomy":"product_cat","embeddable":true,"href":"https:\/\/vivafertilis.lt\/sodui\/wp-json\/wp\/v2\/product_cat?post=22004"},{"taxonomy":"product_tag","embeddable":true,"href":"https:\/\/vivafertilis.lt\/sodui\/wp-json\/wp\/v2\/product_tag?post=22004"}],"curies":[{"name":"wp","href":"https:\/\/api.w.org\/{rel}","templated":true}]}}