{"id":22000,"date":"2025-08-05T10:14:58","date_gmt":"2025-08-05T10:14:58","guid":{"rendered":"https:\/\/vivafertilis.lt\/sodui\/?post_type=product&#038;p=22000"},"modified":"2026-03-20T05:07:30","modified_gmt":"2026-03-20T05:07:30","slug":"tirpios-trasos-skanioms-darzovems-1-kg","status":"publish","type":"product","link":"https:\/\/vivafertilis.lt\/sodui\/product\/tirpios-trasos-skanioms-darzovems-1-kg\/","title":{"rendered":"Tirpios tr\u0105\u0161os skanioms dar\u017eov\u0117ms, 1 kg"},"content":{"rendered":"<p>Organin\u0117s-mineralin\u0117s, 100 % tirpios tr\u0105\u0161os su j\u016bros dumbliais, amino r\u016bg\u0161timis, makro- ir mikroelementais (be chloro), skirtos visoms dar\u017eov\u0117ms iki der\u0117jimo, der\u0117jimo metu ir j\u0173 daigams tr\u0119\u0161ti.<\/p>\n","protected":false},"excerpt":{"rendered":"<p>Organin\u0117s-mineralin\u0117s, 100 % tirpios tr\u0105\u0161os su j\u016bros dumbliais, amino r\u016bg\u0161timis, makro- ir mikroelementais (be chloro), skirtos visoms dar\u017eov\u0117ms iki der\u0117jimo, der\u0117jimo metu ir j\u0173 daigams tr\u0119\u0161ti.<\/p>\n","protected":false},"featured_media":22001,"comment_status":"open","ping_status":"closed","template":"","meta":{"_acf_changed":false},"product_brand":[],"product_cat":[25],"product_tag":[],"class_list":{"0":"post-22000","1":"product","2":"type-product","3":"status-publish","4":"has-post-thumbnail","6":"product_cat-darzovems","7":"pa_tipas-organines-ir-mineralines-trasos","8":"pa_tipas-tirpios-trasos","10":"first","11":"instock","12":"taxable","13":"shipping-taxable","14":"purchasable","15":"product-type-simple"},"acf":[],"_links":{"self":[{"href":"https:\/\/vivafertilis.lt\/sodui\/wp-json\/wp\/v2\/product\/22000","targetHints":{"allow":["GET"]}}],"collection":[{"href":"https:\/\/vivafertilis.lt\/sodui\/wp-json\/wp\/v2\/product"}],"about":[{"href":"https:\/\/vivafertilis.lt\/sodui\/wp-json\/wp\/v2\/types\/product"}],"replies":[{"embeddable":true,"href":"https:\/\/vivafertilis.lt\/sodui\/wp-json\/wp\/v2\/comments?post=22000"}],"version-history":[{"count":1,"href":"https:\/\/vivafertilis.lt\/sodui\/wp-json\/wp\/v2\/product\/22000\/revisions"}],"predecessor-version":[{"id":22003,"href":"https:\/\/vivafertilis.lt\/sodui\/wp-json\/wp\/v2\/product\/22000\/revisions\/22003"}],"wp:featuredmedia":[{"embeddable":true,"href":"https:\/\/vivafertilis.lt\/sodui\/wp-json\/wp\/v2\/media\/22001"}],"wp:attachment":[{"href":"https:\/\/vivafertilis.lt\/sodui\/wp-json\/wp\/v2\/media?parent=22000"}],"wp:term":[{"taxonomy":"product_brand","embeddable":true,"href":"https:\/\/vivafertilis.lt\/sodui\/wp-json\/wp\/v2\/product_brand?post=22000"},{"taxonomy":"product_cat","embeddable":true,"href":"https:\/\/vivafertilis.lt\/sodui\/wp-json\/wp\/v2\/product_cat?post=22000"},{"taxonomy":"product_tag","embeddable":true,"href":"https:\/\/vivafertilis.lt\/sodui\/wp-json\/wp\/v2\/product_tag?post=22000"}],"curies":[{"name":"wp","href":"https:\/\/api.w.org\/{rel}","templated":true}]}}