{"id":3,"date":"2025-07-02T09:24:09","date_gmt":"2025-07-02T09:24:09","guid":{"rendered":"https:\/\/vivafertilis.lt\/sodui\/?page_id=3"},"modified":"2026-01-15T04:33:35","modified_gmt":"2026-01-15T04:33:35","slug":"privacy-policy","status":"publish","type":"page","link":"https:\/\/vivafertilis.lt\/sodui\/privacy-policy\/","title":{"rendered":"Privatumo politika"},"content":{"rendered":"\n<p><strong>I. S\u0104VOKOS<\/strong><\/p>\n\n\n\n<p>1.1. Duomen\u0173 valdytojas ir svetain\u0117s <a href=\"https:\/\/vivafertilis.lt\/sodui\/\">https:\/\/vivafertilis.lt\/sodui\/<\/a> operatorius (toliau \u2013 Duomen\u0173 valdytojas) yra UAB \u201cAGROCONSULT LT\u201d, \u012fmon\u0117s kodas 302654044, PVM mok\u0117tojo kodas LT100006313118, adresas korespondencijai \u2013 Apylankos g. 6, U\u017eusali\u0173 k., LT-55333 Jonavos r., Lietuvos Respublika, elektroninio pa\u0161to adresas \u2013 info@vivafertis.lt.<\/p>\n\n\n\n<p>1.2. Pirk\u0117jas \u2013 fizinis arba juridinis asmuo, \u012fsigij\u0119s preki\u0173 interneto parduotuv\u0117je <a href=\"https:\/\/vivafertilis.lt\/sodui\/\">https:\/\/vivafertilis.lt\/sodui\/<\/a><\/p>\n\n\n\n<p>1.3. Asmens duomen\u0173 tvarkymo taisykl\u0117s (toliau \u2013 Taisykl\u0117s), reglamentuoja pagrindinius asmens duomen\u0173 rinkimo, tvarkymo ir saugojimo principus, kuriais remiasi Duomen\u0173 valdytojas tvarkydamas Pirk\u0117jo asmeninius duomenis.<\/p>\n\n\n\n<p><strong>II. BENDROSIOS NUOSTATOS<\/strong><\/p>\n\n\n\n<p>2.1. \u0160i privatumo politika reglamentuoja UAB \u201cAGROCONSULT LT\u201d elektronin\u0117s parduotuv\u0117s www.vivafertis.lt (toliau \u2013 Duomen\u0173 valdytojas ) ir <a href=\"https:\/\/vivafertilis.lt\/sodui\/\">https:\/\/vivafertilis.lt\/sodui\/<\/a> kliento (toliau \u2013 Pirk\u0117jas) pagrindinius asmens duomen\u0173 rinkimo, tvarkymo ir saugojimo principus bei tvark\u0105.<\/p>\n\n\n\n<p>2.2. Pirk\u0117jo asmens duomen\u0173 rinkim\u0105, tvarkym\u0105 ir saugojim\u0105 nustato \u0161i privatumo politika, Lietuvos Respublikos Asmens duomen\u0173 teisin\u0117s apsaugos \u012fstatymas ir kiti teis\u0117s aktai.<\/p>\n\n\n\n<p>2.3. E-parduotuv\u0117je nurodydami savo asmens duomenis, sutinkate, kad Duomen\u0173 valdytojas juos valdys ir tvarkys \u0161ioje privatumo politikoje bei teis\u0117s aktuose numatytais tikslais, priemon\u0117mis ir tvarka.<\/p>\n\n\n\n<p><strong>III.&nbsp;ASMEN\u0172 DUOMEN\u0172 RINKIMAS, TVARKYMAS IR SAUGOJIMAS<\/strong><\/p>\n\n\n\n<p>3.1. Duomen\u0173 valdytojas vadovaujasi \u0161iais pagrindiniais asmens duomen\u0173 tvarkymo principais:<\/p>\n\n\n\n<p>3.1.1. Asmens duomenys renkami apibr\u0117\u017etais ir teis\u0117tais tikslais.<\/p>\n\n\n\n<p>3.1.2. Asmens duomenys tvarkomi tiksliai ir s\u0105\u017einingai.<\/p>\n\n\n\n<p>3.1.3. Asmens duomenys nuolat atnaujinami.<\/p>\n\n\n\n<p>3.1.4. Asmens duomenys saugojami ne ilgiau, nei to reikalauja nustatyti duomen\u0173 tvarkymo tikslai.<\/p>\n\n\n\n<p>3.1.5. Asmens duomenis tvarko tik tie darbuotojai, kuriems suteikta tokia teis\u0117.<\/p>\n\n\n\n<p>3.1.6. Visa informacija apie tvarkomus asmens duomenis yra konfidenciali.<\/p>\n\n\n\n<p>3.2. Pirk\u0117jas sutinka, kad asmens duomenys, kuriuos jis savo noru pateikia u\u017esakymo metu b\u016bt\u0173 tvarkomi remiantis \u0161iomis taisykl\u0117mis:<\/p>\n\n\n\n<p>3.2.1. Pirk\u0117jas turi teis\u0119 susipa\u017einti su savo asmens duomenimis, turi teis\u0119 \u017einoti, kokius jo asmeninius duomenis esame sukaup\u0119, turi teis\u0119 su\u017einoti, kokiems duomen\u0173 gav\u0117jams jo asmens duomenys tiekiami ir buvo pateikti per paskutinius 1 metus, turi teis\u0119 reikalauti i\u0161taisyti neteisingus, nei\u0161samius, netikslius savo asmens duomenis, turi teis\u0119 papra\u0161yti i\u0161trinti sukauptus duomenis apie save ir turi teis\u0119 papra\u0161yti nustoti apdoroti sukauptus asmens duomenis, visa tai gali padaryti para\u0161ydamas el. lai\u0161k\u0105 info@vivafertis.lt. Tokiu atveju pardav\u0117jas nedelsdamas turi \u012fgyvendinti pirk\u0117jo pra\u0161ym\u0105 (per 1-2 dienas) ir Pirk\u0117jo duomenis i\u0161trinti arba patikimai nuasmeninti. Jeigu pardav\u0117jas mato gr\u0117sm\u0119 asmens duomenims, jis turi teis\u0119 papra\u0161yti patvirtinti asmens tapatyb\u0119 patvirtinan\u010dio dokumento, leid\u017eian\u010dio tinkamai identifikuoti Pirk\u0117j\u0105.<\/p>\n\n\n\n<p>3.3. Duomen\u0173 valdytojas pripa\u017e\u012fsta ir gerbia kiekvieno Pirk\u0117jo, kuris daro u\u017esakym\u0105 interneto parduotuv\u0117je www.vivafertis.lt, teis\u0119 \u012f privatum\u0105. Duomen\u0173 valdytojas renka ir naudoja Pirk\u0117jo asmens duomenis (pavadinim\u0105 arba vard\u0105 ir pavard\u0119, adres\u0105, telefono numer\u012f, elektroninio pa\u0161to adres\u0105 ir kit\u0105 interneto parduotuv\u0117s u\u017esakymo metu nurodyt\u0105 informacij\u0105) preki\u0173 arba paslaug\u0173 u\u017esakym\u0173 apdorojimui arba kit\u0173 prisiimt\u0173 sutartini\u0173 \u012fsipareigojim\u0173 vykdymui.<\/p>\n\n\n\n<p>3.4. Internetin\u0117je parduotuv\u0117je yra galimyb\u0117 pareik\u0161ti savo sutikim\u0105, d\u0117l jo asmens duomen\u0173 naudojimo tiesiogin\u0117s rinkodaros tikslams (asmenims nuo 14 met\u0173). Tai Pirk\u0117jas padaro pa\u017eym\u0117damas (sutinku, kad jo asmens duomenys b\u016bt\u0173 naudojami tiesiogin\u0117s rinkodaros tikslais). Nuo momento kai yra pareik\u0161tas sutikimas, Pardav\u0117jas siun\u010dia naujienlai\u0161kius, kliento nurodytu el. Pa\u0161tu. Elektronin\u0117je parduotuv\u0117je www.vivafertis.lt yra sudaryos galimybes naujienlai\u0161kio atsisakyti (naujienlai\u0161kio prad\u017eioje yra pasirinkimas: \u201eatsisakyti prenumeratos\u201c \u2013 paspaud\u0119s klientas daugiau nebegaus naujienlai\u0161kio).<\/p>\n\n\n\n<p><strong>IV. ASMEN\u0172 DUOMEN\u0172 PERDAVIMAS TRE\u010cIOSIOMS \u0160ALIMS<\/strong><\/p>\n\n\n\n<p>4.1. Duomen\u0173 valdytojas \u012fsipareigoja neatskleisti Pirk\u0117jo asmens duomen\u0173 tretiesiems asmenims, i\u0161skyrus Duomen\u0173 valdytojo partnerius, teikian\u010dius preki\u0173 pristatymo arba kitas, su Pirk\u0117jo u\u017esakymo tinkamu \u012fvykdymu susijusias paslaugas. Visais kitais atvejais Pirk\u0117jo asmens duomenys tretiesiems asmenims gali b\u016bti atskleid\u017eiami tik Lietuvos Respublikos teis\u0117s akt\u0173 numatyta tvarka.<\/p>\n\n\n\n<p><strong>V. REGISTRACIJOS PATEIKIMO TAISYKL\u0116S<\/strong><\/p>\n\n\n\n<p>5.1. Pirk\u0117jas registracijos formoje turite pateikti piln\u0105, i\u0161sami\u0105 ir teising\u0105 informacij\u0105 apie save. Jeigu registracijos formoje Pirk\u0117jas pateik\u0117 netikslius, melagingus ar klaidinan\u010dius duomenis, Duomen\u0173 valdytojas turi teis\u0119 anuliuoti Pirk\u0117jo registracij\u0105 ir i\u0161trinti duomenis arba apriboti Pirk\u0117jo galimybes naudotis e-parduotuve.<\/p>\n\n\n\n<p>5.2. Pirk\u0117jas turi teis\u0119 bet kada keisti ir\/ar atnaujinti registracijos formoje pateikt\u0105 informacij\u0105.<\/p>\n\n\n\n<p><strong>VI. TAISYKLI\u0172 KEITIMAS<\/strong><\/p>\n\n\n\n<p>6.1. Duomen\u0173 valdytojas turi teis\u0119 i\u0161 dalies arba visi\u0161kai pakeisti Taisykles apie tai prane\u0161damas <a href=\"https:\/\/vivafertilis.lt\/sodui\/\">https:\/\/vivafertilis.lt\/sodui\/<\/a> interneto parduotuv\u0117je.<\/p>\n\n\n\n<p>6.2. Taisykli\u0173 papildymai arba pakeitimai \u012fsigalioja nuo j\u0173 paskelbimo dienos, t. y. nuo tos dienos, kai jie atsiranda interneto parduotuv\u0117je <a href=\"https:\/\/vivafertilis.lt\/sodui\/\">https:\/\/vivafertilis.lt\/sodui\/<\/a><\/p>\n\n\n\n<p>6.3. Jeigu Pirk\u0117jas nesutinka su nauja Taisykli\u0173 redakcija, jis turi teis\u0119 ra\u0161tu jos atsisakyti.<\/p>\n\n\n\n<p>6.4. Jei po Taisykli\u0173 papildymo arba pakeitimo Pirk\u0117jas ir toliau naudojasi interneto parduotuv\u0117s teikiamomis paslaugomis, laikoma, kad Pirk\u0117jas sutinka su nauj\u0105ja Taisykli\u0173 redakcija.<\/p>\n\n\n\n<p><strong>VII.&nbsp;INFORMACIJOS PATEIKIMAS IR SAUGOJIMAS<\/strong><\/p>\n\n\n\n<p>7.1. Visi prane\u0161imai, susij\u0119 su asmens duomen\u0173 tvarkymu, Duomen\u0173 valdytojui yra pateikiami elektroniniu pa\u0161tu info@vivafertis.lt arba pa\u0161tu.<\/p>\n\n\n\n<p>7.2. Atsakym\u0105 Duomen\u0173 valdytojas pateikia ta pa\u010dia forma, kuria buvo gautas prane\u0161imas arba pretenzija.<\/p>\n\n\n\n<p>7.3. Taip pat galite pateikti skund\u0105 Valstybinei duomen\u0173 apsaugos inspekcijai, A. Juozapavi\u010diaus g. 6, 09310 Vilnius, tel. (8 5) 271 2804, 279 1445, faks. (8 5) 261 9494, el. pa\u0161tas ada@ada.lt<\/p>\n\n\n\n<p><strong>VIII. SLAPUKAI&nbsp;(angl. cookies)<\/strong><\/p>\n\n\n\n<p>8.1. Informuojame, jog tam, kad gal\u0117tume pasi\u016blyti Pirk\u0117jui visavertes paslaugas m\u016bs\u0173 svetain\u0117je, Pirk\u0117jo kompiuteryje (\u012frenginyje) \u012fra\u0161ome informacij\u0105 (slapukus, angl. \u201ccookies\u201d). \u012era\u0161yt\u0105 informacij\u0105 Duomen\u0173 valdytojas naudoja atpa\u017eindami Pirk\u0117j\u0105, kaip ankstesn\u012f svetain\u0117s naudotoj\u0105, rinkdami svetain\u0117s lankomumo statistik\u0105. Pirk\u0117jas bet kada gali per\u017ei\u016br\u0117ti, koki\u0105 informacij\u0105 (slapukus) Duomen\u0173 valdytojas \u012fra\u0161o, ir gali i\u0161trinti dal\u012f ar visus \u012fra\u0161ytus slapukus. Taip pat Pirk\u0117jas turi teis\u0119 nesutikti, kad b\u016bt\u0173 \u012fra\u0161oma ir naudojama informacija (slapukai) Pirk\u0117jo&nbsp;&nbsp;kompiuteryje (\u012frenginyje), ta\u010diau tokiu atveju kai kurios svetain\u0117s funkcijos Pirk\u0117jui gali b\u016bti neprieinamos. Naudodamasis e-parduotuve Pirk\u0117jas sutinka su tuo, kad Pirk\u0117jo kompiuteryje (\u012frenginyje) b\u016bt\u0173 \u012fra\u0161oma informacija. Savo duot\u0105 sutikim\u0105 Pirk\u0117jas bet kada gali at\u0161aukti, pakeisdamas savo interneto nar\u0161ykl\u0117s nustatymus, ar kreipdamasis \u012f bet kuriais Duomen\u0173 valdytojo svetain\u0117je skelbiamais kontaktais.<\/p>\n\n\n\n<p>Jeigu turite klausim\u0173 ir pasi\u016blym\u0173, ra\u0161ykite mums shop@vivafertilis.lt<\/p>\n\n\n\n<p><\/p>\n","protected":false},"excerpt":{"rendered":"<p>I. S\u0104VOKOS 1.1. Duomen\u0173 valdytojas ir svetain\u0117s https:\/\/vivafertilis.lt\/sodui\/ operatorius (toliau \u2013 Duomen\u0173 valdytojas) yra UAB \u201cAGROCONSULT LT\u201d, \u012fmon\u0117s kodas 302654044, PVM mok\u0117tojo kodas LT100006313118, adresas korespondencijai \u2013 Apylankos g. 6, U\u017eusali\u0173 k., LT-55333 Jonavos r., Lietuvos Respublika, elektroninio pa\u0161to adresas \u2013 info@vivafertis.lt. 1.2. Pirk\u0117jas \u2013 fizinis arba juridinis asmuo, \u012fsigij\u0119s preki\u0173 interneto parduotuv\u0117je https:\/\/vivafertilis.lt\/sodui\/ 1.3. Asmens duomen\u0173 tvarkymo taisykl\u0117s (toliau \u2013 Taisykl\u0117s), reglamentuoja pagrindinius asmens duomen\u0173 rinkimo, tvarkymo ir saugojimo principus, kuriais remiasi Duomen\u0173 valdytojas tvarkydamas Pirk\u0117jo asmeninius duomenis. II. BENDROSIOS NUOSTATOS 2.1. \u0160i privatumo politika reglamentuoja UAB \u201cAGROCONSULT LT\u201d elektronin\u0117s parduotuv\u0117s www.vivafertis.lt (toliau \u2013 Duomen\u0173 valdytojas ) ir https:\/\/vivafertilis.lt\/sodui\/ kliento (toliau \u2013 Pirk\u0117jas) pagrindinius asmens duomen\u0173 rinkimo, tvarkymo ir saugojimo principus bei tvark\u0105. 2.2. Pirk\u0117jo asmens duomen\u0173 rinkim\u0105, tvarkym\u0105 ir saugojim\u0105 nustato \u0161i privatumo politika, Lietuvos Respublikos Asmens duomen\u0173 teisin\u0117s apsaugos \u012fstatymas ir kiti teis\u0117s aktai. 2.3. E-parduotuv\u0117je nurodydami savo asmens duomenis, sutinkate, kad Duomen\u0173 valdytojas juos valdys ir tvarkys \u0161ioje privatumo politikoje bei teis\u0117s aktuose numatytais tikslais, priemon\u0117mis ir tvarka. III.&nbsp;ASMEN\u0172 DUOMEN\u0172 RINKIMAS, TVARKYMAS IR SAUGOJIMAS 3.1. Duomen\u0173 valdytojas vadovaujasi \u0161iais pagrindiniais asmens duomen\u0173 tvarkymo principais: 3.1.1. Asmens duomenys renkami apibr\u0117\u017etais ir teis\u0117tais tikslais. 3.1.2. Asmens duomenys tvarkomi tiksliai ir s\u0105\u017einingai. 3.1.3. Asmens duomenys nuolat atnaujinami. 3.1.4. Asmens duomenys saugojami ne ilgiau, nei to reikalauja nustatyti duomen\u0173 tvarkymo tikslai. 3.1.5. Asmens duomenis tvarko tik tie darbuotojai, kuriems suteikta tokia teis\u0117. 3.1.6. Visa informacija apie tvarkomus asmens duomenis yra konfidenciali. 3.2. Pirk\u0117jas sutinka, kad asmens duomenys, kuriuos jis savo noru pateikia u\u017esakymo metu b\u016bt\u0173 tvarkomi remiantis \u0161iomis taisykl\u0117mis: 3.2.1. Pirk\u0117jas turi teis\u0119 susipa\u017einti su savo asmens duomenimis, turi teis\u0119 \u017einoti, kokius jo asmeninius duomenis esame sukaup\u0119, turi teis\u0119 su\u017einoti, kokiems duomen\u0173 gav\u0117jams jo asmens duomenys tiekiami ir buvo pateikti per paskutinius 1 metus, turi teis\u0119 reikalauti i\u0161taisyti neteisingus, nei\u0161samius, netikslius savo asmens duomenis, turi teis\u0119 papra\u0161yti i\u0161trinti sukauptus duomenis apie save ir turi teis\u0119 papra\u0161yti nustoti apdoroti sukauptus asmens duomenis, visa tai gali padaryti para\u0161ydamas el. lai\u0161k\u0105 info@vivafertis.lt. Tokiu atveju pardav\u0117jas nedelsdamas turi \u012fgyvendinti pirk\u0117jo pra\u0161ym\u0105 (per 1-2 dienas) ir Pirk\u0117jo duomenis i\u0161trinti arba patikimai nuasmeninti. Jeigu pardav\u0117jas mato gr\u0117sm\u0119 asmens duomenims, jis turi teis\u0119 papra\u0161yti patvirtinti asmens tapatyb\u0119 patvirtinan\u010dio dokumento, leid\u017eian\u010dio tinkamai identifikuoti Pirk\u0117j\u0105. 3.3. Duomen\u0173 valdytojas pripa\u017e\u012fsta ir gerbia kiekvieno Pirk\u0117jo, kuris daro u\u017esakym\u0105 interneto parduotuv\u0117je www.vivafertis.lt, teis\u0119 \u012f privatum\u0105. Duomen\u0173 valdytojas renka ir naudoja Pirk\u0117jo asmens duomenis (pavadinim\u0105 arba vard\u0105 ir pavard\u0119, adres\u0105, telefono numer\u012f, elektroninio pa\u0161to adres\u0105 ir kit\u0105 interneto parduotuv\u0117s u\u017esakymo metu nurodyt\u0105 informacij\u0105) preki\u0173 arba paslaug\u0173 u\u017esakym\u0173 apdorojimui arba kit\u0173 prisiimt\u0173 sutartini\u0173 \u012fsipareigojim\u0173 vykdymui. 3.4. Internetin\u0117je parduotuv\u0117je yra galimyb\u0117 pareik\u0161ti savo sutikim\u0105, d\u0117l jo asmens duomen\u0173 naudojimo tiesiogin\u0117s rinkodaros tikslams (asmenims nuo 14 met\u0173). Tai Pirk\u0117jas padaro pa\u017eym\u0117damas (sutinku, kad jo asmens duomenys b\u016bt\u0173 naudojami tiesiogin\u0117s rinkodaros tikslais). Nuo momento kai yra pareik\u0161tas sutikimas, Pardav\u0117jas siun\u010dia naujienlai\u0161kius, kliento nurodytu el. Pa\u0161tu. Elektronin\u0117je parduotuv\u0117je www.vivafertis.lt yra sudaryos galimybes naujienlai\u0161kio atsisakyti (naujienlai\u0161kio prad\u017eioje yra pasirinkimas: \u201eatsisakyti prenumeratos\u201c \u2013 paspaud\u0119s klientas daugiau nebegaus naujienlai\u0161kio). IV. ASMEN\u0172 DUOMEN\u0172 PERDAVIMAS TRE\u010cIOSIOMS \u0160ALIMS 4.1. Duomen\u0173 valdytojas \u012fsipareigoja neatskleisti Pirk\u0117jo asmens duomen\u0173 tretiesiems asmenims, i\u0161skyrus Duomen\u0173 valdytojo partnerius, teikian\u010dius preki\u0173 pristatymo arba kitas, su Pirk\u0117jo u\u017esakymo tinkamu \u012fvykdymu susijusias paslaugas. Visais kitais atvejais Pirk\u0117jo asmens duomenys tretiesiems asmenims gali b\u016bti atskleid\u017eiami tik Lietuvos Respublikos teis\u0117s akt\u0173 numatyta tvarka. V. REGISTRACIJOS PATEIKIMO TAISYKL\u0116S 5.1. Pirk\u0117jas registracijos formoje turite pateikti piln\u0105, i\u0161sami\u0105 ir teising\u0105 informacij\u0105 apie save. Jeigu registracijos formoje Pirk\u0117jas pateik\u0117 netikslius, melagingus ar klaidinan\u010dius duomenis, Duomen\u0173 valdytojas turi teis\u0119 anuliuoti Pirk\u0117jo registracij\u0105 ir i\u0161trinti duomenis arba apriboti Pirk\u0117jo galimybes naudotis e-parduotuve. 5.2. Pirk\u0117jas turi teis\u0119 bet kada keisti ir\/ar atnaujinti registracijos formoje pateikt\u0105 informacij\u0105. VI. TAISYKLI\u0172 KEITIMAS 6.1. Duomen\u0173 valdytojas turi teis\u0119 i\u0161 dalies arba visi\u0161kai pakeisti Taisykles apie tai prane\u0161damas https:\/\/vivafertilis.lt\/sodui\/ interneto parduotuv\u0117je. 6.2. Taisykli\u0173 papildymai arba pakeitimai \u012fsigalioja nuo j\u0173 paskelbimo dienos, t. y. nuo tos dienos, kai jie atsiranda interneto parduotuv\u0117je https:\/\/vivafertilis.lt\/sodui\/ 6.3. Jeigu Pirk\u0117jas nesutinka su nauja Taisykli\u0173 redakcija, jis turi teis\u0119 ra\u0161tu jos atsisakyti. 6.4. Jei po Taisykli\u0173 papildymo arba pakeitimo Pirk\u0117jas ir toliau naudojasi interneto parduotuv\u0117s teikiamomis paslaugomis, laikoma, kad Pirk\u0117jas sutinka su nauj\u0105ja Taisykli\u0173 redakcija. VII.&nbsp;INFORMACIJOS PATEIKIMAS IR SAUGOJIMAS 7.1. Visi prane\u0161imai, susij\u0119 su asmens duomen\u0173 tvarkymu, Duomen\u0173 valdytojui yra pateikiami elektroniniu pa\u0161tu info@vivafertis.lt arba pa\u0161tu. 7.2. Atsakym\u0105 Duomen\u0173 valdytojas pateikia ta pa\u010dia forma, kuria buvo gautas prane\u0161imas arba pretenzija. 7.3. Taip pat galite pateikti skund\u0105 Valstybinei duomen\u0173 apsaugos inspekcijai, A. Juozapavi\u010diaus g. 6, 09310 Vilnius, tel. (8 5) 271 2804, 279 1445, faks. (8 5) 261 9494, el. pa\u0161tas ada@ada.lt VIII. SLAPUKAI&nbsp;(angl. cookies) 8.1. Informuojame, jog tam, kad gal\u0117tume pasi\u016blyti Pirk\u0117jui visavertes paslaugas m\u016bs\u0173 svetain\u0117je, Pirk\u0117jo kompiuteryje (\u012frenginyje) \u012fra\u0161ome informacij\u0105 (slapukus, angl. \u201ccookies\u201d). \u012era\u0161yt\u0105 informacij\u0105 Duomen\u0173 valdytojas naudoja atpa\u017eindami Pirk\u0117j\u0105, kaip ankstesn\u012f svetain\u0117s naudotoj\u0105, rinkdami svetain\u0117s lankomumo statistik\u0105. Pirk\u0117jas bet kada gali per\u017ei\u016br\u0117ti, koki\u0105 informacij\u0105 (slapukus) Duomen\u0173 valdytojas \u012fra\u0161o, ir gali i\u0161trinti dal\u012f ar visus \u012fra\u0161ytus slapukus. Taip pat Pirk\u0117jas turi teis\u0119 nesutikti, kad b\u016bt\u0173 \u012fra\u0161oma ir naudojama informacija (slapukai) Pirk\u0117jo&nbsp;&nbsp;kompiuteryje (\u012frenginyje), ta\u010diau tokiu atveju kai kurios svetain\u0117s funkcijos Pirk\u0117jui gali b\u016bti neprieinamos. Naudodamasis e-parduotuve Pirk\u0117jas sutinka su tuo, kad Pirk\u0117jo kompiuteryje (\u012frenginyje) b\u016bt\u0173 \u012fra\u0161oma informacija. Savo duot\u0105 sutikim\u0105 Pirk\u0117jas bet kada gali at\u0161aukti, pakeisdamas savo interneto nar\u0161ykl\u0117s nustatymus, ar kreipdamasis \u012f bet kuriais Duomen\u0173 valdytojo svetain\u0117je skelbiamais kontaktais. Jeigu turite klausim\u0173 ir pasi\u016blym\u0173, ra\u0161ykite mums shop@vivafertilis.lt<\/p>\n","protected":false},"author":1,"featured_media":23293,"parent":0,"menu_order":0,"comment_status":"closed","ping_status":"open","template":"","meta":{"_acf_changed":false,"footnotes":""},"class_list":["post-3","page","type-page","status-publish","has-post-thumbnail","hentry"],"acf":[],"_links":{"self":[{"href":"https:\/\/vivafertilis.lt\/sodui\/wp-json\/wp\/v2\/pages\/3","targetHints":{"allow":["GET"]}}],"collection":[{"href":"https:\/\/vivafertilis.lt\/sodui\/wp-json\/wp\/v2\/pages"}],"about":[{"href":"https:\/\/vivafertilis.lt\/sodui\/wp-json\/wp\/v2\/types\/page"}],"author":[{"embeddable":true,"href":"https:\/\/vivafertilis.lt\/sodui\/wp-json\/wp\/v2\/users\/1"}],"replies":[{"embeddable":true,"href":"https:\/\/vivafertilis.lt\/sodui\/wp-json\/wp\/v2\/comments?post=3"}],"version-history":[{"count":2,"href":"https:\/\/vivafertilis.lt\/sodui\/wp-json\/wp\/v2\/pages\/3\/revisions"}],"predecessor-version":[{"id":23174,"href":"https:\/\/vivafertilis.lt\/sodui\/wp-json\/wp\/v2\/pages\/3\/revisions\/23174"}],"wp:featuredmedia":[{"embeddable":true,"href":"https:\/\/vivafertilis.lt\/sodui\/wp-json\/wp\/v2\/media\/23293"}],"wp:attachment":[{"href":"https:\/\/vivafertilis.lt\/sodui\/wp-json\/wp\/v2\/media?parent=3"}],"curies":[{"name":"wp","href":"https:\/\/api.w.org\/{rel}","templated":true}]}}