{"id":22078,"date":"2025-09-02T06:30:35","date_gmt":"2025-09-02T06:30:35","guid":{"rendered":"https:\/\/vivafertilis.lt\/sodui\/?page_id=22078"},"modified":"2026-01-15T04:35:41","modified_gmt":"2026-01-15T04:35:41","slug":"taisykles-ir-salygos","status":"publish","type":"page","link":"https:\/\/vivafertilis.lt\/sodui\/taisykles-ir-salygos\/","title":{"rendered":"Taisykl\u0117s ir s\u0105lygos."},"content":{"rendered":"\n<ol class=\"wp-block-list\">\n<li><strong>Bendrosios nuostatos<\/strong><\/li>\n<\/ol>\n\n\n\n<p>1.1. \u0160ios preki\u0173 pirkimo \u2013 pardavimo taisykl\u0117s (toliau \u201eTaisykl\u0117s\u201c), jas patvirtinus Pirk\u0117jui (perkant prekes pa\u017eym\u0117jus varnele jog sutinkate su \u201e<a href=\"https:\/\/vivafertilis.lt\/sodui\/\">https:\/\/vivafertilis.lt\/sodui\/<\/a> \u201c taisykl\u0117mis), yra \u0161alims privalomas teisinis dokumentas, kuriame nustatomos Pirk\u0117jo ir Pardav\u0117jo teis\u0117s bei pareigos, preki\u0173 \u012fsigijimo bei apmok\u0117jimo u\u017e jas s\u0105lygos, preki\u0173 pristatymo ir gr\u0105\u017einimo tvarka, \u0161ali\u0173 atsakomyb\u0117 bei kitos su preki\u0173 pirkimu \u2013 pardavimu \u201ewww.vivafertis.lt\u201c\/\u201ewww.vivafertis.com\u201c elektronin\u0117je parduotuv\u0117je (toliau \u2013 Parduotuv\u0117) susijusios nuostatos.<\/p>\n\n\n\n<p>1.2. Pardav\u0117jas pasilieka teis\u0119 bet kuriuo metu pakeisti, taisyti ar papildyti Taisykles, atsi\u017evelgdamas \u012f teis\u0117s akt\u0173 nustatytus reikalavimus.<\/p>\n\n\n\n<ol start=\"2\" class=\"wp-block-list\">\n<li><strong>Asmens duomen\u0173 apsauga<\/strong><\/li>\n<\/ol>\n\n\n\n<p>2.1. Bet kokia informacija, kuri yra susijusi su asmens duomenimis ir kuri yra u\u017eregistruojama Parduotuv\u0117je, laikoma slapta ir nevie\u0161inama.<\/p>\n\n\n\n<ol start=\"3\" class=\"wp-block-list\">\n<li><strong>Pirk\u0117jo teis\u0117s<\/strong><\/li>\n<\/ol>\n\n\n\n<p>3.1. Pirk\u0117jas turi teis\u0119 pirkti prekes Parduotuv\u0117je \u0161i\u0173 Taisykli\u0173 nustatyta tvarka.<\/p>\n\n\n\n<p>3.2. Pirk\u0117jas turi teis\u0119 atsisakyti preki\u0173 pirkimo \u2013 pardavimo sutarties, sudarytos su&nbsp; Parduotuve, prane\u0161damas apie tai Pardav\u0117jui ra\u0161tu (elektroniniu pa\u0161tu, nurodant pageidaujam\u0105 gr\u0105\u017einti prek\u0119 ir jos u\u017esakymo numer\u012f) ne v\u0117liau kaip per 14 (keturiolika) dien\u0173 nuo \u0161ios sutarties sudarymo dienos.<\/p>\n\n\n\n<p>3.3. Taisykli\u0173 3.2. punkte numatyta teise Pirk\u0117jas gali pasinaudoti tik tuo atveju, jeigu prek\u0117 nebuvo Pirk\u0117jo sugadinta arba i\u0161 esm\u0117s nepasikeit\u0117 jos i\u0161vaizda, taip pat jei ji nebuvo naudojama.<\/p>\n\n\n\n<p>3.4. Pirk\u0117jas privalo laikytis kit\u0173 Taisykl\u0117se bei Lietuvos Respublikos, Europos s\u0105jungos teis\u0117s aktuose nustatyt\u0173 reikalavim\u0173.<\/p>\n\n\n\n<ol start=\"4\" class=\"wp-block-list\">\n<li><strong>Pirk\u0117jo \u012fsipareigojimai<\/strong><\/li>\n<\/ol>\n\n\n\n<p>4.1. Pirk\u0117jas privalo sumok\u0117ti u\u017e prekes ir priimti jas \u0161i\u0173 Taisykli\u0173 nustatyta tvarka.<\/p>\n\n\n\n<ol start=\"5\" class=\"wp-block-list\">\n<li><strong>Pardav\u0117jo teis\u0117s<\/strong><\/li>\n<\/ol>\n\n\n\n<p>5.1. Jei Pirk\u0117jas bando pakenkti Parduotuv\u0117s darbo stabilumui ir saugumui ar pa\u017eeid\u017eia savo \u012fsipareigojimus, Pardav\u0117jas turi teis\u0119 nedelsiant ir be persp\u0117jimo apriboti ar sustabdyti jam galimyb\u0119 naudotis Parduotuve arba i\u0161skirtiniais atvejais panaikinti Pirk\u0117jo registracij\u0105.<\/p>\n\n\n\n<ol start=\"6\" class=\"wp-block-list\">\n<li><strong>Pardav\u0117jo \u012fsipareigojimai<\/strong><\/li>\n<\/ol>\n\n\n\n<p>6.1. Pardav\u0117jas \u012fsipareigoja gerbti Pirk\u0117jo privatumo teis\u0119 \u012f jam priklausan\u010di\u0105 asmenin\u0119 informacij\u0105, nurodyt\u0105 Parduotuv\u0117s registracijos formoje, neatskleisti gaut\u0173 duomen\u0173 tre\u010diosioms \u0161alims, i\u0161skyrus Lietuvos Respublikos ir Europos s\u0105jungos teis\u0117s aktuose nustatytus atvejus.<\/p>\n\n\n\n<p>6.2. Pardav\u0117jas \u012fsipareigoja pristatyti Pirk\u0117jo u\u017esakytas prekes jo nurodytu adresu Taisykli\u0173 8 punkte nurodytomis s\u0105lygomis.<\/p>\n\n\n\n<p>6.3. Pardav\u0117jas, d\u0117l svarbi\u0173 aplinkybi\u0173 negal\u0117damas pristatyti Pirk\u0117jui u\u017esakytos prek\u0117s, \u012fsipareigoja pasi\u016blyti analogi\u0161k\u0105 ar kiek \u012fmanoma savo savyb\u0117mis pana\u0161esn\u0119 prek\u0119. Pirk\u0117jui atsisakius priimti analogi\u0161k\u0105 ar savo savyb\u0117mis pana\u0161iausi\u0105 prek\u0119, Pardav\u0117jas \u012fsipareigoja gr\u0105\u017einti Pirk\u0117jui sumok\u0117tus pinigus per 3 (tris) darbo dienas, jeigu buvo atliktas i\u0161ankstinis apmok\u0117jimas.<\/p>\n\n\n\n<ol start=\"7\" class=\"wp-block-list\">\n<li><strong>Preki\u0173 kainos, apmok\u0117jimo tvarka ir terminai<\/strong><\/li>\n<\/ol>\n\n\n\n<p>7.1. Preki\u0173 kainos Parduotuv\u0117je ir suformuotame u\u017esakyme nurodomos eurais su PVM.<\/p>\n\n\n\n<p>7.2. Pirk\u0117jas atsiskaito u\u017e prekes vienu i\u0161 \u0161i\u0173 b\u016bd\u0173:<\/p>\n\n\n\n<p>7.2.1. Apmok\u0117jimas naudojantis elektronine bankininkyste \u2013 tai i\u0161ankstinis apmok\u0117jimas pasinaudojant Pirk\u0117jo naudojama elektronin\u0117s bankininkyst\u0117s sistema. Pirk\u0117jas, nor\u0117damas pasinaudoti \u0161ia apmok\u0117jimo forma, turi b\u016bti pasira\u0161\u0119s elektronin\u0117s bankininkyst\u0117s sutart\u012f su vienu i\u0161 m\u016bs\u0173 puslapyje nurodyt\u0173 bank\u0173. Mokant u\u017e prekes \u0161iuo b\u016bdu, Pirk\u0117jui elektronin\u0117s bankininkyst\u0117s sistemoje sugeneruojamas mok\u0117jimas pagal jo apmokam\u0105 u\u017esakym\u0105. Atsakomyb\u0117 u\u017e duomen\u0173 saugum\u0105 \u0161iuo atveju tenka atitinkamam bankui, kadangi visos pinigin\u0117s operacijos vyksta banko elektronin\u0117s bankininkyst\u0117s sistemoje. Bankiniai mok\u0117jimai Parduotuv\u0117je vykdomi per&nbsp;<a href=\"http:\/\/www.paysera.lt\/\" target=\"_blank\" rel=\"noreferrer noopener\">www.paysera.lt<\/a>, stripe, paypall elektronini\u0173 mok\u0117jim\u0173 sistem\u0105.<\/p>\n\n\n\n<p>7.3. Atsiskaitydamas Pirk\u0117jas \u012fsipareigoja sumok\u0117ti prie\u0161 atsiimdamas prekes. Min\u0117taisiais atvejais, tik gavus apmok\u0117jim\u0105 u\u017e prekes pradedamas formuoti preki\u0173 siuntinys ir pradedamas skai\u010diuoti preki\u0173 pristatymo terminas.<\/p>\n\n\n\n<ol start=\"8\" class=\"wp-block-list\">\n<li><strong>Preki\u0173 pristatymas<\/strong><\/li>\n<\/ol>\n\n\n\n<p>8.1. Pirk\u0117jas, u\u017esakydamas prekes, \u012fsipareigoja nurodyti preki\u0173 pristatymo viet\u0105 bei kontaktinio telefono numer\u012f.<\/p>\n\n\n\n<p>8.2. Pirk\u0117jas \u012fsipareigoja prekes priimti pats. Tuo atveju, kai jis preki\u0173 pats priimti negali, o prek\u0117s pristatytos nurodytu adresu ir remiantis kitais Pirk\u0117jo pateiktais duomenimis, Pirk\u0117jas neturi teis\u0117s reik\u0161ti Pardav\u0117jui pretenzij\u0173 d\u0117l preki\u0173 pristatymo netinkamam subjektui.<\/p>\n\n\n\n<p>8.3. Prekes pristato Pardav\u0117jas arba jo \u012fgaliotas atstovas (pa\u0161to, kurjeri\u0173 tarnyba).<\/p>\n\n\n\n<p>8.4. Pardav\u0117jas \u012fsipareigoja pristatyti prekes Pirk\u0117jui laikydamasis preki\u0173 apra\u0161ymuose nurodyt\u0173 termin\u0173. \u0160ie terminai netaikomi tais atvejais, kai Pardav\u0117jo sand\u0117lyje n\u0117ra reikiam\u0173 preki\u0173, o Pirk\u0117jas informuojamas apie jo u\u017esakyt\u0173 preki\u0173 tr\u016bkum\u0105. Kartu Pirk\u0117jas sutinka, jog i\u0161imtinais atvejais preki\u0173 pristatymas gali v\u0117luoti d\u0117l nenumatyt\u0173, nuo Pardav\u0117jo nepriklausan\u010di\u0173 aplinkybi\u0173. Tokiu atveju Pardav\u0117jas \u012fsipareigoja nedelsiant susisiekti su Pirk\u0117ju ir suderinti preki\u0173 pristatymo klausimus.<\/p>\n\n\n\n<p>8.5. Visais atvejais Pardav\u0117jas atleid\u017eiamas nuo atsakomyb\u0117s u\u017e preki\u0173 pristatymo termin\u0173 pa\u017eeidim\u0105, jeigu prek\u0117s Pirk\u0117jui n\u0117ra pristatomos arba pristatomos ne laiku d\u0117l Pirk\u0117jo kalt\u0117s arba d\u0117l nuo Pirk\u0117jo priklausan\u010di\u0173 aplinkybi\u0173.<\/p>\n\n\n\n<p>8.6. Preki\u0173 pristatymo metu Pirk\u0117jas privalo kartu su Pardav\u0117ju arba jo \u012fgaliotu atstovu patikrinti siuntos b\u016bkl\u0119. Pirk\u0117jui pasira\u0161ius s\u0105skaitoje-fakt\u016broje (va\u017etara\u0161tyje) ar kitame siuntos perdavimo \u2013 pri\u0117mimo dokumente, laikoma, kad siunta yra perduota tinkamos b\u016bkl\u0117s.<\/p>\n\n\n\n<p>8.7. Tuo atveju, kai Pirk\u0117jas, remdamasis Taisykli\u0173 4.2. punktu, atsisako pirkimo \u2013 pardavimo sutarties, jam tenka pareiga apmok\u0117ti visas tiesiogines preki\u0173 gr\u0105\u017einimo Pardav\u0117jui i\u0161laidas. \u0160i\u0173 Pardav\u0117jo i\u0161laid\u0173 suma i\u0161skai\u010diuojama i\u0161 gr\u0105\u017eintin\u0173 Pirk\u0117jui u\u017e prek\u0119(-es) sumok\u0117t\u0173 pinig\u0173. Jeigu \u012fskaitymas nepadengia viso Pardav\u0117jo reikalavimo, t.y. Pardav\u0117jo patirtos preki\u0173 gr\u0105\u017einimo i\u0161laidos vir\u0161ija gr\u0105\u017einamos(\u0173) prek\u0117s(-i\u0173) vert\u0119, Pirk\u0117jas \u012fsipareigoja per 15 dien\u0173 sumok\u0117ti Pardav\u0117jui likusi\u0105 sum\u0105.<\/p>\n\n\n\n<p>8.8. Detalesn\u0117 informacija, susijusi su preki\u0173 pristatymu, pateikiama Parduotuv\u0117s tinklapyje (\u017er. Informacija \u2013 Preki\u0173 pristatymas).<\/p>\n\n\n\n<ol start=\"9\" class=\"wp-block-list\">\n<li><strong>Preki\u0173 kokyb\u0117 ir gr\u0105\u017einimo s\u0105lygos<\/strong><\/li>\n<\/ol>\n\n\n\n<p>9.1. Pardav\u0117jas neatsako u\u017e tai, kad Parduotuv\u0117je esan\u010dios prek\u0117s savo spalva, forma ar kitais parametrais gali neatitikti realaus preki\u0173 dyd\u017eio, form\u0173 ir spalvos d\u0117l Pirk\u0117jo naudojamo monitoriaus ypatybi\u0173.<\/p>\n\n\n\n<p>9.2. Brokuotas ar nekokybi\u0161kas prekes Pirk\u0117jas gali gr\u0105\u017einti per 7 kalendorines dienas nuo prek\u0117s gavimo datos prane\u0161\u0119s apie tai Pardav\u0117jui ra\u0161tu, nurodant pageidaujam\u0105 gr\u0105\u017einti prek\u0119 ir jos u\u017esakymo numer\u012f.<\/p>\n\n\n\n<p>9.3. U\u017e gr\u0105\u017einamas prekes sumok\u0117ti pinigai gr\u0105\u017einami per 30 dien\u0173 nuo ra\u0161to gavimo dienos.<\/p>\n\n\n\n<p>9.4. Pirk\u0117jas privalo apmok\u0117ti gr\u0105\u017einimo i\u0161laidas, jei patiekta prek\u0117 atitinka u\u017esakyme nurodyt\u0105 (t.y. jei Pirk\u0117jas gavo toki\u0105 prek\u0119, kuri\u0105 ir u\u017esisakin\u0117jo). Gr\u0105\u017einimo i\u0161laidas Pirk\u0117jas apmoka net tuomet, kai prek\u0117 buvo pristatyta nemokamai.<\/p>\n\n\n\n<p>9.5. Jei prek\u0119 Pirk\u0117jas gavo su defektu arba kuri siuntimo metu buvo pa\u017eeista, Pardav\u0117jas min\u0117t\u0105 prek\u0119 apkeis (arba jei ne\u012fmanoma apkeisti \u2013 gr\u0105\u017eins pinigus), ir kompensuos gr\u0105\u017einimo i\u0161laidas.<\/p>\n\n\n\n<ol start=\"10\" class=\"wp-block-list\">\n<li><strong>Atsakomyb\u0117<\/strong><\/li>\n<\/ol>\n\n\n\n<p>10.1. Pirk\u0117jas yra visi\u0161kai atsakingas u\u017e registracijos formoje pateikt\u0173 duomen\u0173 teisingum\u0105. Jei Pirk\u0117jas nepateikia registracijos formoje tiksli\u0173 duomen\u0173, Pardav\u0117jas neatsako u\u017e d\u0117l to atsiradusius padarinius.<\/p>\n\n\n\n<p>10.2. Pirk\u0117jas atsako u\u017e savo prisijungimo duomen\u0173 perdavim\u0105 tretiesiems asmenims. Jei Parduotuv\u0117s teikiamomis paslaugomis naudojasi tre\u010diasis asmuo, prisijung\u0119s prie Parduotuv\u0117s naudodamasis Pirk\u0117jo prisijungimo duomenimis, Pardav\u0117jas \u0161\u012f asmen\u012f laiko Pirk\u0117ju.<\/p>\n\n\n\n<p>10.3. Pardav\u0117jas atleid\u017eiamas nuo bet kokios atsakomyb\u0117s tais atvejais, kai nuostoliai kyla d\u0117l to, jog Pirk\u0117jas, neatsi\u017evelgdamas \u012f Pardav\u0117jo rekomendacijas ir savo \u012fsipareigojimus, nesusipa\u017eino su \u0161iomis Taisykl\u0117mis, nors tokia galimyb\u0117 jam buvo suteikta.<\/p>\n\n\n\n<p>10.4. Jei Pardav\u0117jo Parduotuv\u0117je yra nuorodos \u012f kit\u0173 \u012fmoni\u0173, \u012fstaig\u0173, organizacij\u0173 ar asmen\u0173 tinklapius, Pardav\u0117jas n\u0117ra atsakingas u\u017e ten esan\u010di\u0105 informacij\u0105 ar vykdom\u0105 veikl\u0105, t\u0173 tinklapi\u0173 nepri\u017ei\u016bri, nekontroliuoja ir toms \u012fmon\u0117ms bei asmenims neatstovauja.<\/p>\n\n\n\n<p>10.5. Atsiradus \u017ealai, kaltoji \u0161alis atlygina kitai \u0161aliai tiesioginius nuostolius.<\/p>\n\n\n\n<ol start=\"11\" class=\"wp-block-list\">\n<li><strong>Baigiamosios nuostatos<\/strong><\/li>\n<\/ol>\n\n\n\n<p>11.1. \u0160i sutartis \u012fsigalioja nuo preki\u0173 apmok\u0117jimo momento.<\/p>\n\n\n\n<p>11.2. \u0160ios taisykl\u0117s sudarytos vadovaujantis Lietuvos Respublikos ir Europos s\u0105jungos teis\u0117s aktais.<\/p>\n\n\n\n<p>11.3. \u0160i\u0173 taisykli\u0173 pagrindu kylantiems santykiams taikoma Lietuvos Respublikos ir Europos s\u0105jungos teis\u0117.<\/p>\n\n\n\n<p>11.4. Visi nesutarimai, kil\u0119 d\u0117l \u0161i\u0173 taisykli\u0173 vykdymo, sprend\u017eiami deryb\u0173 b\u016bdu. Nepavykus susitarti, gin\u010dai sprend\u017eiami Lietuvos Respublikos \u012fstatym\u0173 nustatyta teismine tvarka pagal Pardav\u0117jo buvimo viet\u0105.<\/p>\n","protected":false},"excerpt":{"rendered":"<p>1.1. \u0160ios preki\u0173 pirkimo \u2013 pardavimo taisykl\u0117s (toliau \u201eTaisykl\u0117s\u201c), jas patvirtinus Pirk\u0117jui (perkant prekes pa\u017eym\u0117jus varnele jog sutinkate su \u201ehttps:\/\/vivafertilis.lt\/sodui\/ \u201c taisykl\u0117mis), yra \u0161alims privalomas teisinis dokumentas, kuriame nustatomos Pirk\u0117jo ir Pardav\u0117jo teis\u0117s bei pareigos, preki\u0173 \u012fsigijimo bei apmok\u0117jimo u\u017e jas s\u0105lygos, preki\u0173 pristatymo ir gr\u0105\u017einimo tvarka, \u0161ali\u0173 atsakomyb\u0117 bei kitos su preki\u0173 pirkimu \u2013 pardavimu \u201ewww.vivafertis.lt\u201c\/\u201ewww.vivafertis.com\u201c elektronin\u0117je parduotuv\u0117je (toliau \u2013 Parduotuv\u0117) susijusios nuostatos. 1.2. Pardav\u0117jas pasilieka teis\u0119 bet kuriuo metu pakeisti, taisyti ar papildyti Taisykles, atsi\u017evelgdamas \u012f teis\u0117s akt\u0173 nustatytus reikalavimus. 2.1. Bet kokia informacija, kuri yra susijusi su asmens duomenimis ir kuri yra u\u017eregistruojama Parduotuv\u0117je, laikoma slapta ir nevie\u0161inama. 3.1. Pirk\u0117jas turi teis\u0119 pirkti prekes Parduotuv\u0117je \u0161i\u0173 Taisykli\u0173 nustatyta tvarka. 3.2. Pirk\u0117jas turi teis\u0119 atsisakyti preki\u0173 pirkimo \u2013 pardavimo sutarties, sudarytos su&nbsp; Parduotuve, prane\u0161damas apie tai Pardav\u0117jui ra\u0161tu (elektroniniu pa\u0161tu, nurodant pageidaujam\u0105 gr\u0105\u017einti prek\u0119 ir jos u\u017esakymo numer\u012f) ne v\u0117liau kaip per 14 (keturiolika) dien\u0173 nuo \u0161ios sutarties sudarymo dienos. 3.3. Taisykli\u0173 3.2. punkte numatyta teise Pirk\u0117jas gali pasinaudoti tik tuo atveju, jeigu prek\u0117 nebuvo Pirk\u0117jo sugadinta arba i\u0161 esm\u0117s nepasikeit\u0117 jos i\u0161vaizda, taip pat jei ji nebuvo naudojama. 3.4. Pirk\u0117jas privalo laikytis kit\u0173 Taisykl\u0117se bei Lietuvos Respublikos, Europos s\u0105jungos teis\u0117s aktuose nustatyt\u0173 reikalavim\u0173. 4.1. Pirk\u0117jas privalo sumok\u0117ti u\u017e prekes ir priimti jas \u0161i\u0173 Taisykli\u0173 nustatyta tvarka. 5.1. Jei Pirk\u0117jas bando pakenkti Parduotuv\u0117s darbo stabilumui ir saugumui ar pa\u017eeid\u017eia savo \u012fsipareigojimus, Pardav\u0117jas turi teis\u0119 nedelsiant ir be persp\u0117jimo apriboti ar sustabdyti jam galimyb\u0119 naudotis Parduotuve arba i\u0161skirtiniais atvejais panaikinti Pirk\u0117jo registracij\u0105. 6.1. Pardav\u0117jas \u012fsipareigoja gerbti Pirk\u0117jo privatumo teis\u0119 \u012f jam priklausan\u010di\u0105 asmenin\u0119 informacij\u0105, nurodyt\u0105 Parduotuv\u0117s registracijos formoje, neatskleisti gaut\u0173 duomen\u0173 tre\u010diosioms \u0161alims, i\u0161skyrus Lietuvos Respublikos ir Europos s\u0105jungos teis\u0117s aktuose nustatytus atvejus. 6.2. Pardav\u0117jas \u012fsipareigoja pristatyti Pirk\u0117jo u\u017esakytas prekes jo nurodytu adresu Taisykli\u0173 8 punkte nurodytomis s\u0105lygomis. 6.3. Pardav\u0117jas, d\u0117l svarbi\u0173 aplinkybi\u0173 negal\u0117damas pristatyti Pirk\u0117jui u\u017esakytos prek\u0117s, \u012fsipareigoja pasi\u016blyti analogi\u0161k\u0105 ar kiek \u012fmanoma savo savyb\u0117mis pana\u0161esn\u0119 prek\u0119. Pirk\u0117jui atsisakius priimti analogi\u0161k\u0105 ar savo savyb\u0117mis pana\u0161iausi\u0105 prek\u0119, Pardav\u0117jas \u012fsipareigoja gr\u0105\u017einti Pirk\u0117jui sumok\u0117tus pinigus per 3 (tris) darbo dienas, jeigu buvo atliktas i\u0161ankstinis apmok\u0117jimas. 7.1. Preki\u0173 kainos Parduotuv\u0117je ir suformuotame u\u017esakyme nurodomos eurais su PVM. 7.2. Pirk\u0117jas atsiskaito u\u017e prekes vienu i\u0161 \u0161i\u0173 b\u016bd\u0173: 7.2.1. Apmok\u0117jimas naudojantis elektronine bankininkyste \u2013 tai i\u0161ankstinis apmok\u0117jimas pasinaudojant Pirk\u0117jo naudojama elektronin\u0117s bankininkyst\u0117s sistema. Pirk\u0117jas, nor\u0117damas pasinaudoti \u0161ia apmok\u0117jimo forma, turi b\u016bti pasira\u0161\u0119s elektronin\u0117s bankininkyst\u0117s sutart\u012f su vienu i\u0161 m\u016bs\u0173 puslapyje nurodyt\u0173 bank\u0173. Mokant u\u017e prekes \u0161iuo b\u016bdu, Pirk\u0117jui elektronin\u0117s bankininkyst\u0117s sistemoje sugeneruojamas mok\u0117jimas pagal jo apmokam\u0105 u\u017esakym\u0105. Atsakomyb\u0117 u\u017e duomen\u0173 saugum\u0105 \u0161iuo atveju tenka atitinkamam bankui, kadangi visos pinigin\u0117s operacijos vyksta banko elektronin\u0117s bankininkyst\u0117s sistemoje. Bankiniai mok\u0117jimai Parduotuv\u0117je vykdomi per&nbsp;www.paysera.lt, stripe, paypall elektronini\u0173 mok\u0117jim\u0173 sistem\u0105. 7.3. Atsiskaitydamas Pirk\u0117jas \u012fsipareigoja sumok\u0117ti prie\u0161 atsiimdamas prekes. Min\u0117taisiais atvejais, tik gavus apmok\u0117jim\u0105 u\u017e prekes pradedamas formuoti preki\u0173 siuntinys ir pradedamas skai\u010diuoti preki\u0173 pristatymo terminas. 8.1. Pirk\u0117jas, u\u017esakydamas prekes, \u012fsipareigoja nurodyti preki\u0173 pristatymo viet\u0105 bei kontaktinio telefono numer\u012f. 8.2. Pirk\u0117jas \u012fsipareigoja prekes priimti pats. Tuo atveju, kai jis preki\u0173 pats priimti negali, o prek\u0117s pristatytos nurodytu adresu ir remiantis kitais Pirk\u0117jo pateiktais duomenimis, Pirk\u0117jas neturi teis\u0117s reik\u0161ti Pardav\u0117jui pretenzij\u0173 d\u0117l preki\u0173 pristatymo netinkamam subjektui. 8.3. Prekes pristato Pardav\u0117jas arba jo \u012fgaliotas atstovas (pa\u0161to, kurjeri\u0173 tarnyba). 8.4. Pardav\u0117jas \u012fsipareigoja pristatyti prekes Pirk\u0117jui laikydamasis preki\u0173 apra\u0161ymuose nurodyt\u0173 termin\u0173. \u0160ie terminai netaikomi tais atvejais, kai Pardav\u0117jo sand\u0117lyje n\u0117ra reikiam\u0173 preki\u0173, o Pirk\u0117jas informuojamas apie jo u\u017esakyt\u0173 preki\u0173 tr\u016bkum\u0105. Kartu Pirk\u0117jas sutinka, jog i\u0161imtinais atvejais preki\u0173 pristatymas gali v\u0117luoti d\u0117l nenumatyt\u0173, nuo Pardav\u0117jo nepriklausan\u010di\u0173 aplinkybi\u0173. Tokiu atveju Pardav\u0117jas \u012fsipareigoja nedelsiant susisiekti su Pirk\u0117ju ir suderinti preki\u0173 pristatymo klausimus. 8.5. Visais atvejais Pardav\u0117jas atleid\u017eiamas nuo atsakomyb\u0117s u\u017e preki\u0173 pristatymo termin\u0173 pa\u017eeidim\u0105, jeigu prek\u0117s Pirk\u0117jui n\u0117ra pristatomos arba pristatomos ne laiku d\u0117l Pirk\u0117jo kalt\u0117s arba d\u0117l nuo Pirk\u0117jo priklausan\u010di\u0173 aplinkybi\u0173. 8.6. Preki\u0173 pristatymo metu Pirk\u0117jas privalo kartu su Pardav\u0117ju arba jo \u012fgaliotu atstovu patikrinti siuntos b\u016bkl\u0119. Pirk\u0117jui pasira\u0161ius s\u0105skaitoje-fakt\u016broje (va\u017etara\u0161tyje) ar kitame siuntos perdavimo \u2013 pri\u0117mimo dokumente, laikoma, kad siunta yra perduota tinkamos b\u016bkl\u0117s. 8.7. Tuo atveju, kai Pirk\u0117jas, remdamasis Taisykli\u0173 4.2. punktu, atsisako pirkimo \u2013 pardavimo sutarties, jam tenka pareiga apmok\u0117ti visas tiesiogines preki\u0173 gr\u0105\u017einimo Pardav\u0117jui i\u0161laidas. \u0160i\u0173 Pardav\u0117jo i\u0161laid\u0173 suma i\u0161skai\u010diuojama i\u0161 gr\u0105\u017eintin\u0173 Pirk\u0117jui u\u017e prek\u0119(-es) sumok\u0117t\u0173 pinig\u0173. Jeigu \u012fskaitymas nepadengia viso Pardav\u0117jo reikalavimo, t.y. Pardav\u0117jo patirtos preki\u0173 gr\u0105\u017einimo i\u0161laidos vir\u0161ija gr\u0105\u017einamos(\u0173) prek\u0117s(-i\u0173) vert\u0119, Pirk\u0117jas \u012fsipareigoja per 15 dien\u0173 sumok\u0117ti Pardav\u0117jui likusi\u0105 sum\u0105. 8.8. Detalesn\u0117 informacija, susijusi su preki\u0173 pristatymu, pateikiama Parduotuv\u0117s tinklapyje (\u017er. Informacija \u2013 Preki\u0173 pristatymas). 9.1. Pardav\u0117jas neatsako u\u017e tai, kad Parduotuv\u0117je esan\u010dios prek\u0117s savo spalva, forma ar kitais parametrais gali neatitikti realaus preki\u0173 dyd\u017eio, form\u0173 ir spalvos d\u0117l Pirk\u0117jo naudojamo monitoriaus ypatybi\u0173. 9.2. Brokuotas ar nekokybi\u0161kas prekes Pirk\u0117jas gali gr\u0105\u017einti per 7 kalendorines dienas nuo prek\u0117s gavimo datos prane\u0161\u0119s apie tai Pardav\u0117jui ra\u0161tu, nurodant pageidaujam\u0105 gr\u0105\u017einti prek\u0119 ir jos u\u017esakymo numer\u012f. 9.3. U\u017e gr\u0105\u017einamas prekes sumok\u0117ti pinigai gr\u0105\u017einami per 30 dien\u0173 nuo ra\u0161to gavimo dienos. 9.4. Pirk\u0117jas privalo apmok\u0117ti gr\u0105\u017einimo i\u0161laidas, jei patiekta prek\u0117 atitinka u\u017esakyme nurodyt\u0105 (t.y. jei Pirk\u0117jas gavo toki\u0105 prek\u0119, kuri\u0105 ir u\u017esisakin\u0117jo). Gr\u0105\u017einimo i\u0161laidas Pirk\u0117jas apmoka net tuomet, kai prek\u0117 buvo pristatyta nemokamai. 9.5. Jei prek\u0119 Pirk\u0117jas gavo su defektu arba kuri siuntimo metu buvo pa\u017eeista, Pardav\u0117jas min\u0117t\u0105 prek\u0119 apkeis (arba jei ne\u012fmanoma apkeisti \u2013 gr\u0105\u017eins pinigus), ir kompensuos gr\u0105\u017einimo i\u0161laidas. 10.1. Pirk\u0117jas yra visi\u0161kai atsakingas u\u017e registracijos formoje pateikt\u0173 duomen\u0173 teisingum\u0105. Jei Pirk\u0117jas nepateikia registracijos formoje tiksli\u0173 duomen\u0173, Pardav\u0117jas neatsako u\u017e d\u0117l to atsiradusius padarinius. 10.2. Pirk\u0117jas atsako u\u017e savo prisijungimo duomen\u0173 perdavim\u0105 tretiesiems asmenims. Jei Parduotuv\u0117s teikiamomis paslaugomis naudojasi tre\u010diasis asmuo, prisijung\u0119s prie Parduotuv\u0117s naudodamasis Pirk\u0117jo prisijungimo duomenimis, Pardav\u0117jas \u0161\u012f asmen\u012f laiko Pirk\u0117ju. 10.3. Pardav\u0117jas atleid\u017eiamas nuo bet kokios atsakomyb\u0117s tais atvejais, kai nuostoliai kyla d\u0117l to, jog Pirk\u0117jas, neatsi\u017evelgdamas \u012f Pardav\u0117jo rekomendacijas ir savo \u012fsipareigojimus, nesusipa\u017eino su \u0161iomis Taisykl\u0117mis, nors tokia galimyb\u0117 jam buvo suteikta. 10.4. Jei Pardav\u0117jo Parduotuv\u0117je yra nuorodos \u012f kit\u0173 \u012fmoni\u0173, \u012fstaig\u0173, organizacij\u0173 ar asmen\u0173 tinklapius, Pardav\u0117jas n\u0117ra atsakingas u\u017e ten esan\u010di\u0105 informacij\u0105 ar vykdom\u0105 veikl\u0105, t\u0173 tinklapi\u0173 nepri\u017ei\u016bri, nekontroliuoja ir toms \u012fmon\u0117ms bei asmenims neatstovauja. 10.5. Atsiradus \u017ealai, kaltoji \u0161alis atlygina kitai \u0161aliai tiesioginius nuostolius. 11.1. \u0160i sutartis \u012fsigalioja nuo preki\u0173 apmok\u0117jimo momento. 11.2. \u0160ios taisykl\u0117s sudarytos vadovaujantis Lietuvos Respublikos ir Europos s\u0105jungos teis\u0117s aktais. 11.3. \u0160i\u0173 [&hellip;]<\/p>\n","protected":false},"author":1,"featured_media":23294,"parent":0,"menu_order":0,"comment_status":"closed","ping_status":"closed","template":"","meta":{"_acf_changed":false,"footnotes":""},"class_list":["post-22078","page","type-page","status-publish","has-post-thumbnail","hentry"],"acf":[],"_links":{"self":[{"href":"https:\/\/vivafertilis.lt\/sodui\/wp-json\/wp\/v2\/pages\/22078","targetHints":{"allow":["GET"]}}],"collection":[{"href":"https:\/\/vivafertilis.lt\/sodui\/wp-json\/wp\/v2\/pages"}],"about":[{"href":"https:\/\/vivafertilis.lt\/sodui\/wp-json\/wp\/v2\/types\/page"}],"author":[{"embeddable":true,"href":"https:\/\/vivafertilis.lt\/sodui\/wp-json\/wp\/v2\/users\/1"}],"replies":[{"embeddable":true,"href":"https:\/\/vivafertilis.lt\/sodui\/wp-json\/wp\/v2\/comments?post=22078"}],"version-history":[{"count":1,"href":"https:\/\/vivafertilis.lt\/sodui\/wp-json\/wp\/v2\/pages\/22078\/revisions"}],"predecessor-version":[{"id":22079,"href":"https:\/\/vivafertilis.lt\/sodui\/wp-json\/wp\/v2\/pages\/22078\/revisions\/22079"}],"wp:featuredmedia":[{"embeddable":true,"href":"https:\/\/vivafertilis.lt\/sodui\/wp-json\/wp\/v2\/media\/23294"}],"wp:attachment":[{"href":"https:\/\/vivafertilis.lt\/sodui\/wp-json\/wp\/v2\/media?parent=22078"}],"curies":[{"name":"wp","href":"https:\/\/api.w.org\/{rel}","templated":true}]}}