{"id":13,"date":"2025-07-02T09:27:41","date_gmt":"2025-07-02T09:27:41","guid":{"rendered":"https:\/\/vivafertilis.lt\/sodui\/wishlist\/"},"modified":"2025-08-11T06:33:47","modified_gmt":"2025-08-11T06:33:47","slug":"wishlist","status":"publish","type":"page","link":"https:\/\/vivafertilis.lt\/sodui\/wishlist\/","title":{"rendered":"M\u0117gstamiausi"},"content":{"rendered":"<div class=\"woosw-list\"><div class=\"woosw-popup-content-mid-message\">M\u0117gstamiausi\u0173 s\u0105ra\u0161e n\u0117ra produkt\u0173!<\/div><\/div><!-- \/woosw-list -->\n","protected":false},"excerpt":{"rendered":"","protected":false},"author":1,"featured_media":0,"parent":0,"menu_order":0,"comment_status":"closed","ping_status":"closed","template":"","meta":{"_acf_changed":false,"footnotes":""},"class_list":["post-13","page","type-page","status-publish","hentry","post-no-thumbnail"],"acf":[],"_links":{"self":[{"href":"https:\/\/vivafertilis.lt\/sodui\/wp-json\/wp\/v2\/pages\/13","targetHints":{"allow":["GET"]}}],"collection":[{"href":"https:\/\/vivafertilis.lt\/sodui\/wp-json\/wp\/v2\/pages"}],"about":[{"href":"https:\/\/vivafertilis.lt\/sodui\/wp-json\/wp\/v2\/types\/page"}],"author":[{"embeddable":true,"href":"https:\/\/vivafertilis.lt\/sodui\/wp-json\/wp\/v2\/users\/1"}],"replies":[{"embeddable":true,"href":"https:\/\/vivafertilis.lt\/sodui\/wp-json\/wp\/v2\/comments?post=13"}],"version-history":[{"count":1,"href":"https:\/\/vivafertilis.lt\/sodui\/wp-json\/wp\/v2\/pages\/13\/revisions"}],"predecessor-version":[{"id":22049,"href":"https:\/\/vivafertilis.lt\/sodui\/wp-json\/wp\/v2\/pages\/13\/revisions\/22049"}],"wp:attachment":[{"href":"https:\/\/vivafertilis.lt\/sodui\/wp-json\/wp\/v2\/media?parent=13"}],"curies":[{"name":"wp","href":"https:\/\/api.w.org\/{rel}","templated":true}]}}